{"id":143,"date":"2023-04-11T17:07:36","date_gmt":"2023-04-11T21:07:36","guid":{"rendered":"https:\/\/ambsantodomingo.esteri.it\/chi-siamo\/"},"modified":"2023-11-20T12:15:53","modified_gmt":"2023-11-20T16:15:53","slug":"chi-siamo","status":"publish","type":"page","link":"https:\/\/ambsantodomingo.esteri.it\/es\/chi-siamo\/","title":{"rendered":"Quienes somos"},"content":{"rendered":"<p>El Jefe de Misi\u00f3n es el Embajador\u00a0<strong>Stefano Queirolo Palmas<\/strong>.<\/p>\n<p>El Embajador de Italia en Santo Domingo es tambi\u00e9n acreditado, con credenciales de Embajador, en Port au Prince (Haiti). Hasta la fecha no hay otras acreditaciones concurrentes.<\/p>\n<p>Seg\u00fan la\u00a0<a href=\"https:\/\/legal.un.org\/ilc\/texts\/instruments\/english\/conventions\/9_1_1961.pdf\">Convenci\u00f3n de Viena sobre Relaciones Diplom\u00e1ticas de 18 de abril de 1961<\/a>, las funciones de la Embajada son, entre otras, las siguientes:<\/p>\n<ul>\n<li>representar Italia en la Rep\u00fablica Dominicana;<\/li>\n<li>proteger los intereses de Italia y de sus ciudadanos, en la medida que lo permita el Derecho internacional;<\/li>\n<li>negociar con el Gobierno de la Rep\u00fablica Dominicana;<\/li>\n<li>informarse, por cualquier medio l\u00edcito, de las condiciones y de la evoluci\u00f3n de los acontecimientos en la Rep\u00fablica Dominicana e informar al Estado italiano;<\/li>\n<li>promover relaciones amistosas y desarrollar las relaciones econ\u00f3micas, culturales y cient\u00edficas entre Italia y la Rep\u00fablica Dominicana, asi como con la Rep\u00fablica de Haiti.<\/li>\n<\/ul>\n<p>A trav\u00e9s de su Canciller\u00eda Consular, la Embajada de Italia en Santo Domingo ofrece adem\u00e1s una serie de\u00a0<a href=\"https:\/\/ambsantodomingo.esteri.it\/ambasciata_santodomingo\/es\/informazioni_e_servizi\/servizi_consolari\/\">servicios consulares<\/a>\u00a0a los ciudadanos italianos y extranjeros residentes en el territorio de su circunscripci\u00f3n (Rep\u00fablica Dominicana y Haiti), en colaboraci\u00f3n con una amplia red de oficinas de honorarios.<\/p>\n<p>Las solicitudes de visado para Italia son administradas por\u00a0el\u00a0<a href=\"https:\/\/do.almaviva-visa.services\/\"><strong>Centro Almaviva\u00a0Rep\u00fablica Dominicana<\/strong><\/a>\u00a0(Torre Piantini, Av. Gustavo Mej\u00eda Ricart, Santo Domingo, D.N.)<\/p>\n","protected":false},"excerpt":{"rendered":"El Jefe de Misi\u00f3n es el Embajador\u00a0Stefano Queirolo Palmas. El Embajador de Italia en Santo Domingo es tambi\u00e9n acreditado, con credenciales de Embajador, en Port au Prince (Haiti). Hasta la fecha no hay otras acreditaciones concurrentes. Seg\u00fan la\u00a0Convenci\u00f3n de Viena sobre Relaciones Diplom\u00e1ticas de 18 de abril de 1961, las funciones de la Embajada son, [&hellip;]","protected":false},"author":1,"featured_media":0,"parent":0,"menu_order":2,"comment_status":"closed","ping_status":"closed","template":"","meta":{"footnotes":""},"class_list":["post-143","page","type-page","status-publish","hentry"],"_links":{"self":[{"href":"https:\/\/ambsantodomingo.esteri.it\/es\/wp-json\/wp\/v2\/pages\/143","targetHints":{"allow":["GET"]}}],"collection":[{"href":"https:\/\/ambsantodomingo.esteri.it\/es\/wp-json\/wp\/v2\/pages"}],"about":[{"href":"https:\/\/ambsantodomingo.esteri.it\/es\/wp-json\/wp\/v2\/types\/page"}],"author":[{"embeddable":true,"href":"https:\/\/ambsantodomingo.esteri.it\/es\/wp-json\/wp\/v2\/users\/1"}],"replies":[{"embeddable":true,"href":"https:\/\/ambsantodomingo.esteri.it\/es\/wp-json\/wp\/v2\/comments?post=143"}],"version-history":[{"count":2,"href":"https:\/\/ambsantodomingo.esteri.it\/es\/wp-json\/wp\/v2\/pages\/143\/revisions"}],"predecessor-version":[{"id":298,"href":"https:\/\/ambsantodomingo.esteri.it\/es\/wp-json\/wp\/v2\/pages\/143\/revisions\/298"}],"wp:attachment":[{"href":"https:\/\/ambsantodomingo.esteri.it\/es\/wp-json\/wp\/v2\/media?parent=143"}],"curies":[{"name":"wp","href":"https:\/\/api.w.org\/{rel}","templated":true}]}}