{"id":168,"date":"2023-04-11T18:23:52","date_gmt":"2023-04-11T22:23:52","guid":{"rendered":"https:\/\/ambsantodomingo.esteri.it\/italia-e-repubblica-domenicana\/diplomazia-economica\/fare-affari-nella-repubblica-domenicana\/"},"modified":"2023-11-22T17:53:09","modified_gmt":"2023-11-22T21:53:09","slug":"fare-affari-nella-repubblica-domenicana","status":"publish","type":"page","link":"https:\/\/ambsantodomingo.esteri.it\/es\/italia-e-repubblica-dominicana\/diplomazia-economica\/fare-affari-nella-repubblica-domenicana\/","title":{"rendered":"Hacer negocios en la Rep\u00fablica Dominicana"},"content":{"rendered":"<p>Para informaciones y asistencia con relaci\u00f3n a actividades comerciales y de inversi\u00f3n en la Republica Dominicana, se sugiere antes todo de consultar la p\u00e1gina web publicada por el Ministerio de Asuntos Exteriores y Cooperaci\u00f3n Internacional\u00a0<a href=\"http:\/\/www.infomercatiesteri.it\/\">http:\/\/www.infomercatiesteri.it<\/a><\/p>\n<p>Los agentes econ\u00f3micos que necesitan conocer los detalles del escenario normativo y fiscal por las empresas en la Republica Dominicana pueden consultar una interesante publicaci\u00f3n en internet de la firma de abogados Pellerano&amp;Herrera:\u00a0<a href=\"http:\/\/www.phlaw.com\/imagen?file=articulos\/196\/doing-business-in-dominican-republic-26th-edition\">http:\/\/www.phlaw.com\/imagen?file=articulos\/196\/doing-business-in-dominican-republic-26th-edition<\/a><\/p>\n<p>Para casos espec\u00edficos y solicitudes de asistencia a Las empresas, se ruega iniciar sesi\u00f3n del nuevo programa para el manejo de contactos con las empresas llenando el siguiente formulario.<br \/>\nEn el plano operativo, la C\u00e1mara de Comercio Italiana en la Republica Dominicana podr\u00eda proveer a las empresas interesadas una asesor\u00eda eficaz en varios sectores:\u00a0<a href=\"http:\/\/camaraitaliana.com.do\/\">http:\/\/camaraitaliana.com.do\/<\/a><\/p>\n<p>Por el lado de las instituciones dominicanas informaciones detalladas est\u00e1n disponibles en la p\u00e1gina web\u00a0<a href=\"https:\/\/cei-rd.gob.do\/\">https:\/\/cei-rd.gob.do\/<\/a><\/p>\n","protected":false},"excerpt":{"rendered":"Para informaciones y asistencia con relaci\u00f3n a actividades comerciales y de inversi\u00f3n en la Republica Dominicana, se sugiere antes todo de consultar la p\u00e1gina web publicada por el Ministerio de Asuntos Exteriores y Cooperaci\u00f3n Internacional\u00a0http:\/\/www.infomercatiesteri.it Los agentes econ\u00f3micos que necesitan conocer los detalles del escenario normativo y fiscal por las empresas en la Republica Dominicana [&hellip;]","protected":false},"author":1,"featured_media":0,"parent":151,"menu_order":0,"comment_status":"closed","ping_status":"closed","template":"","meta":{"footnotes":""},"class_list":["post-168","page","type-page","status-publish","hentry"],"_links":{"self":[{"href":"https:\/\/ambsantodomingo.esteri.it\/es\/wp-json\/wp\/v2\/pages\/168","targetHints":{"allow":["GET"]}}],"collection":[{"href":"https:\/\/ambsantodomingo.esteri.it\/es\/wp-json\/wp\/v2\/pages"}],"about":[{"href":"https:\/\/ambsantodomingo.esteri.it\/es\/wp-json\/wp\/v2\/types\/page"}],"author":[{"embeddable":true,"href":"https:\/\/ambsantodomingo.esteri.it\/es\/wp-json\/wp\/v2\/users\/1"}],"replies":[{"embeddable":true,"href":"https:\/\/ambsantodomingo.esteri.it\/es\/wp-json\/wp\/v2\/comments?post=168"}],"version-history":[{"count":2,"href":"https:\/\/ambsantodomingo.esteri.it\/es\/wp-json\/wp\/v2\/pages\/168\/revisions"}],"predecessor-version":[{"id":663,"href":"https:\/\/ambsantodomingo.esteri.it\/es\/wp-json\/wp\/v2\/pages\/168\/revisions\/663"}],"up":[{"embeddable":true,"href":"https:\/\/ambsantodomingo.esteri.it\/es\/wp-json\/wp\/v2\/pages\/151"}],"wp:attachment":[{"href":"https:\/\/ambsantodomingo.esteri.it\/es\/wp-json\/wp\/v2\/media?parent=168"}],"curies":[{"name":"wp","href":"https:\/\/api.w.org\/{rel}","templated":true}]}}