{"id":170,"date":"2023-04-11T18:13:11","date_gmt":"2023-04-11T22:13:11","guid":{"rendered":"https:\/\/ambsantodomingo.esteri.it\/servizi-consolari-e-visti\/servizi-per-il-cittadino-italiano\/passaporti-e-carte-didentita\/"},"modified":"2025-01-03T09:07:03","modified_gmt":"2025-01-03T13:07:03","slug":"passaporti-e-carte-didentita","status":"publish","type":"page","link":"https:\/\/ambsantodomingo.esteri.it\/es\/servizi-consolari-e-visti\/servizi-per-il-cittadino-italiano\/passaporti-e-carte-didentita\/","title":{"rendered":"Pasaportes"},"content":{"rendered":"<p><strong>SE RECOMIENDA A LOS SOLICITANTES DE PASAPORTES DE AGENDAR SU CITA CON ANTELACI\u00d3N: 6 MESES ANTES RESPECTO A LA FECHA DE VENCIMIENTO DEL PASAPORTE.<\/strong><\/p>\n<p><strong>Debido a la alta cantidad de demandas para este servicio, la cita podr\u00eda tener un tiempo de espera bastante largo.<\/strong><\/p>\n<p>&nbsp;<\/p>\n<p><strong>*INFORMACIONES GENERALES Y ADVERTENCIAS<\/strong><\/p>\n<p>El Pasaporte es un documento de viaje y de identidad que se le entrega a los ciudadanos italianos (cuya Ciudadan\u00eda haya sido reconocida por el Comune y el Acta de Nacimiento haya sido enviada hacia Italia para su transcripci\u00f3n) residentes de manera regular en la circunscripci\u00f3n consular, inscritos en el Registro Consular (AIRE) y con una situaci\u00f3n de estado civil actualizada (o que cualquier acta de matrimonio, nacimiento de hijos, etc\u2026 ya presentados en la Oficina Consular o ya registrados en Italia. (vea\u00a0<a href=\"https:\/\/ambsantodomingo.esteri.it\/es\/servizi-consolari-e-visti\/servizi-per-il-cittadino-italiano\/stato-civile\/\">Estado Civil<\/a>)).<\/p>\n<p>&nbsp;<\/p>\n<p><strong>*C\u00d3MO SOLICITAR EL PASAPORTE<\/strong><\/p>\n<ol>\n<li>Reg\u00edstrate, si a\u00fan no lo has hecho, en el portal de\u00a0<a href=\"https:\/\/prenotami.esteri.it\/\"><strong>Prenot@mi<\/strong><\/a>. Recuerda: en el caso que la solicitud de Pasaporte sea para menores, la cita debe de hacerse en nombre de los padres y no del menor.<\/li>\n<li>Entra en el portal de\u00a0<a href=\"https:\/\/prenotami.esteri.it\/\">Prenot@mi<\/a>\u00a0y selecciona \u201cReserva\u201d.<\/li>\n<li>Entre los servicios brindados por el Consulado, elige el servicio \u201cPasaporte\u201d haciendo un clic en RESERVAR.<\/li>\n<li>Se le solicitar\u00e1 que presente la documentaci\u00f3n vencida o en vencimiento, al igual que una\u00a0<strong>prueba de inscripci\u00f3n en AIRE<\/strong>.<\/li>\n<li>Si est\u00e1s casado\/a con un italiano\/a, tiene hijos menores de 18 a\u00f1os y desea solicitarle el pasaporte para ellos tambi\u00e9n, indica los nombres y las fechas de nacimiento de todos los solicitantes.<\/li>\n<li>Luego de hacer clic en SIGUIENTE, selecciona la fecha disponible, el horario y confirma la cita haciendo clic en RESERVAR. Recuerda: el calendario presenta las citas que est\u00e1n disponibles en color verde. Si la cita est\u00e1 en color rojo, significa que los turnos est\u00e1n ocupados. Fechas que no tengan color (gris\/negro), luego de los d\u00edas que est\u00e1n ocupados indican que los d\u00edas a\u00fan no se han habilitado para las citas (no se trata de un error ni mal funcionamiento del sistema).<\/li>\n<li>El sistema enviar\u00e1 un e-mail de confirmaci\u00f3n al correo con el cual se realiz\u00f3 la registraci\u00f3n.<\/li>\n<li>Alrededor de dos semanas antes de la cita, el sistema enviar\u00e1 un correo para la\u00a0<strong>CONFIRMACI\u00d3N DE LA CITA<\/strong>. El usuario tendr\u00e1\u00a0<strong>5 d\u00edas desde que se le envi\u00f3 dicho correo para confirmar su cita<\/strong>. Si en el plazo del tiempo establecido la cita no viene confirmada, el sistema proceder\u00e1 a cancelar su cita de manera AUTOM\u00c1TICA y dicha cita vendr\u00e1 puesta a disposici\u00f3n de otros usuarios.\u00a0<strong>Nota: no se permitir\u00e1 la entrada al Consulado a los ciudadanos que no hayan confirmado su cita, sin excepciones.<\/strong><\/li>\n<li>Una vez presentada la documentaci\u00f3n se les contactar\u00e1 desde la Oficina de Pasaportes para el retiro, que se realizar\u00e1 exclusivamente a trav\u00e9s de una cita (RETIRO DE PASAPORTE), que se toma de igual forma en el portal de Prenot@mi.<\/li>\n<\/ol>\n<p>&nbsp;<\/p>\n<p><strong>*DOCUMENTACI\u00d3N NECESARIA PARA PRESENTAR LA SOLICITUD DE PASAPORTE<\/strong><\/p>\n<ol>\n<li>Presentaci\u00f3n de un\u00a0documento de identidad\u00a0y copia de dicho documento (<strong>padres\/tutores y menores<\/strong>). Si ya posee un pasaporte italiano, debe de presentar el pasaporte viejo +\u00a0una copia de las primeras 6 p\u00e1ginas, o denuncia de perdido \/ robo (<strong>original + copia<\/strong>).<\/li>\n<li>Dos fotograf\u00edas a color 3.5. x 4 cm, en alta calidad y nitidez, sin sombras o manchas, fondo blanco (frontal, hombros arriba, el rostro debe de estar completamente descubierto y no debe ocupar m\u00e1s del 60% del \u00e1rea total de la fotograf\u00eda, expresi\u00f3n neutra, boca cerrada). Se recomienda consultar el\u00a0<a href=\"https:\/\/ambsantodomingo.esteri.it\/ambasciata_santodomingo\/resource\/doc\/2018\/09\/passaporti_-_photograph_guidelines.pdf\"><strong>siguiente documento<\/strong><\/a>.<\/li>\n<li>El pago de la tarifa consular cuya suma se encuentra\u00a0<a href=\"https:\/\/ambsantodomingo.esteri.it\/ambasciata_santodomingo\/it\/in_linea_con_utente\/albo_consolare\/inporti-diritti-consolari.html\"><strong>en la siguiente p\u00e1gina<\/strong><\/a>, que\u00a0<strong>se pagan en efectivo en el momento en el que se retira el pasaporte<\/strong>\u00a0en el Consulado luego de haber tomado la cita en el portal de Prenot@mi. Esta tarifa incluye el costo de la libreta y la contribuci\u00f3n administrativa.<\/li>\n<li>Cuando EL SOLICITANTE DEL PASAPORTE tiene hijos menores de 18 a\u00f1os, DEBE presentar la\u00a0<strong><a href=\"https:\/\/ambsantodomingo.esteri.it\/ambasciata_santodomingo\/it\/ambasciata\/news\/dall-ambasciata\/2023\/06\/novita-sul-rilascio-del-passaporto.html\">auto-certificaci\u00f3n que acredite que no est\u00e1 sujeto a una orden judicial sobre la expedici\u00f3n de un pasaporte<\/a><\/strong>.<\/li>\n<li>En el caso en el que se solicite el pasaporte para un menor es necesario presentar el Acta de Consentimiento por parte de ambos padres.<\/li>\n<\/ol>\n<p><strong>NOTA: LA TARIFA CONSULAR CAMBIA TRIMESTRALMENTE. EL IMPORTE SE ACTUALIZA EN LA\u00a0<a href=\"https:\/\/ambsantodomingo.esteri.it\/ambasciata_santodomingo\/it\/in_linea_con_utente\/albo_consolare\/inporti-diritti-consolari.html\">P\u00c1GINA WEB<\/a>.<\/strong><\/p>\n<p><strong>EL PAGO DEBE DE REALIZARSE EN EFECTIVO DIRECTAMENTE EN EL MOSTRADOR\/VENTANILLA EL D\u00cdA DE LA CITA DEL RETIRO DEL PASAPORTE.<\/strong><\/p>\n<p>&nbsp;<\/p>\n<p><strong>*ACTA DE CONSENTIMIENTO<\/strong><\/p>\n<p>El Acta de Consentimiento es una declaraci\u00f3n personal que aquel que posee la responsabilidad parental o tutela, y por igual la custodia, puede firmar en la Oficina Consular correspondiente, o por igual puede mandarlo por env\u00edo postal, de manera electr\u00f3nica (solamente por PEC) agregada a una copia de la foto del documento propio de identidad (bas\u00e1ndose en el art. 38, coma 3 del D.P.R. #445\/2000 y 65, coma 1 letr. c) del D. Lgs. 7 de marzo 2005, #82).<\/p>\n<p>Si el otro pariente es un ciudadano de la Uni\u00f3n Europea y este no puede presentarse para firmar la declaraci\u00f3n de consentimiento, el solicitante del pasaporte podr\u00e1 anexar\u00a0<strong>una copia del documento del pariente ausente<\/strong>\u00a0en conjunto con el\u00a0<strong>acta de consentimiento con su firma original<\/strong>.<\/p>\n<p>La firma del declarante no ciudadano de la Uni\u00f3n Europea, es autenticada en base a las siguientes normativas:<\/p>\n<ul>\n<li>Por parte del funcionario de la Oficina Consular que recibe la declaraci\u00f3n, despu\u00e9s de la identificaci\u00f3n del declarante (la tarifa de la autenticaci\u00f3n de firma cambia trimestralmente; los precios se actualizan en la p\u00e1gina Web).<\/li>\n<li>Personalmente, en cualquier oficina de la P\u00fablica Administraci\u00f3n italiana (con habilitaci\u00f3n a la autenticaci\u00f3n de firmas)<\/li>\n<\/ul>\n<p>Es siempre necesario obtener el consentimiento por parte de poseedor de la responsabilidad parental, tutela, o custodia en caso de entrega del pasaporte a un menor; Para la entrega de un pasaporte a un pariente de hijo menor lea el punto 4.<\/p>\n<p>Para solicitar el consentimiento (para los hijos menores) para presentar en Italia o en otras representaciones diplom\u00e1ticas-consulares en el extranjero es necesario reservar una cita en el portal <a href=\"https:\/\/prenotami.esteri.it\/\">Home Page &#8211; Prenot@Mi (esteri.it)<\/a>, presentar el formulario lleno (que deber\u00e1 firmarse ante el funcionario) junto con un documento de identidad v\u00e1lido; se recuerda que la tarifa consular del acta de consentimiento puede consultarse en la <a href=\"https:\/\/ambsantodomingo.esteri.it\/it\/servizi-consolari-e-visti\/servizi-per-il-cittadino-italiano\/albo-consolare-e-altri-servizi\/importi-diritti-consolari\/\">siguiente p\u00e1gina<\/a>.\u00a0 La cantidad se paga en efectivo directamente en el mostrador. <strong>La firma del documento de consentimiento debe realizarse en una fecha pr\u00f3xima o simult\u00e1nea a la solicitud del pasaporte. No se aceptar\u00e1n documentos de consentimiento con fechas anteriores a los seis meses de la fecha de la solicitud.<\/strong><\/p>\n<p>A falta de consentimiento del otro progenitor para la entrega del pasaporte de su hijo menor, el C\u00f3nsul &#8211; en su calidad de Juez Tutelar de los menores residentes en la circunscripci\u00f3n consular de su competencia &#8211; puede autorizar la entrega del pasaporte al solicitante mediante un decreto consular, despu\u00e9s de haber efectuado las comprobaciones de rito.<\/p>\n<p>Presentar el documento de identidad, una copia del mismo, especificando la Questura correspondiente para la transmisi\u00f3n del documento.<\/p>\n<p>&nbsp;<\/p>\n<p><strong>*INFORMACI\u00d3N ACERCA DE PASAPORTES PARA MENORES<\/strong><\/p>\n<p><strong>Todos los menores deben de poseer un pasaporte individual con una validez diferenciada en base a la edad; tres a\u00f1os de validez para menores de 0 a 3 a\u00f1os; cinco a\u00f1os de validez para los menores de 3 a 18 a\u00f1os.<\/strong><\/p>\n<p>Solo luego de haber cumplido los 12 a\u00f1os de edad es necesario obtener la firma digitalizada.<\/p>\n<p>Se se\u00f1ala que la inscripci\u00f3n del menor en el pasaporte del pariente no es v\u00e1lida y que\u00a0<strong>el menor puede viajar al extranjero solo con un documento de viaje individual<\/strong>. Los pasaportes de los parientes con inscripci\u00f3n de hijos menores permanecen v\u00e1lidos para un \u00fanico titular hasta el vencimiento de este. Al igual que los pasaportes entregados a los menores, anteriormente en la fecha de entrada en vigor de la nueva normativa (25 de noviembre 2009), con duraci\u00f3n de diez a\u00f1os, permanecen v\u00e1lidos hasta su fecha de vencimiento.<\/p>\n<p>Para la entrega de Pasaportes a menores de 18 a\u00f1os, ES SIEMPRE necesaria la presencia personal del menor por el cual se solicita el Pasaporte.<\/p>\n<p><strong>En el momento de la presentaci\u00f3n de la documentaci\u00f3n en el mostrador\/ventanilla del Consulado, cada menor debe de poseer un documento de identificaci\u00f3n, italiano o extranjero.<\/strong><\/p>\n<p>&nbsp;<\/p>\n<p><strong>*ENTREGA DEL PASAPORTE A MENORES ITALIANOS CUSTODIADOS TEMPORALMENTE A FAMILIARES O CONOCIDOS EN REP\u00daBLICA DOMINICANA<\/strong><\/p>\n<p>Como establecido por la Ley #184\/1983 en el \u201cDerecho del menor a una familia\u201d, con la finalidad de solicitar una entrega de un pasaporte italiano a favor de menores ciudadanos italianos custodiados temporalmente a familiares o conocidos en Rep\u00fablica Dominicana es necesario presentar, a parte de la documentaci\u00f3n vista anteriormente, al igual que la siguiente documentaci\u00f3n:<\/p>\n<ol>\n<li>Si la custodia es inferior a los 24 meses: declaraci\u00f3n de custodia temporal del menor a un familiar o conocido completa y firmada por parte de ambos parientes, anexando una copia de los documentos de identidad en el que se evidencian sus firmas (si uno de los parientes no es ciudadano de la Uni\u00f3n Europea la firma debe de ser autentificada).<\/li>\n<li>Si la custodia supera los 24 meses: sentencia del juez tutelar del lugar de residencia del menor.<\/li>\n<\/ol>\n<p>La duraci\u00f3n de la custodia puede ser controlada por esta Embajada a trav\u00e9s de verificaciones con las autoridades dominicanas.<\/p>\n<p>&nbsp;<\/p>\n<p><strong>*ACABA DE NACER UN HIJO EN EL EXTRANJERO<\/strong><\/p>\n<p>Los hijos menores de ciudadanos italianos nacidos en el extranjero se inscribir\u00e1n en AIRE en conjunto con la solicitud de transcripci\u00f3n del Acta de Nacimiento. Nuestras oficinas preparar\u00e1n y transmitir\u00e1n la solicitud de inscripci\u00f3n en AIRE en conjunto con el Acta de Nacimiento.\u00a0<a href=\"https:\/\/ambsantodomingo.esteri.it\/ambasciata_santodomingo\/it\/informazioni_e_servizi\/servizi_consolari\/stato_civile\">Visitar la p\u00e1gina web del Departamento de Estado Civil para leer las instrucciones correspondientes<\/a>.<\/p>\n<p>En caso de que las actas de nacimiento vengan transcritas directamente a Italia en el Comune de residencia, los parientes deber\u00e1n de todas formas solicitar la inscripci\u00f3n en AIRE del hijo menor. De hecho, es obligatorio declarar la residencia del nacido tambi\u00e9n para fines de entrega del pasaporte italiano (<a href=\"https:\/\/ambsantodomingo.esteri.it\/ambasciata_santodomingo\/it\/informazioni_e_servizi\/servizi_consolari\/aire.html\">consultar secci\u00f3n AIRE<\/a>).<\/p>\n<p>&nbsp;<\/p>\n<p><strong>*QU\u00c9 HACER EN CASO QUE SE NIEGUE EL CONSENTIMIENTO<\/strong><\/p>\n<p>En base a la Ley #1185\/1967, art. 3 (actualizada con las modificaciones del art. 24 de la Ley #3\/2003), en el formulario de solicitud de pasaporte el ciudadano italiano debe indicar\u00a0<strong>obligatoriamente<\/strong>\u00a0la existencia de hijos menores, convivan o no con el solicitante. Para estos casos la ley prev\u00e9 que el pariente italiano presente una auto certificaci\u00f3n, como\u00a0<a href=\"https:\/\/ambsantodomingo.esteri.it\/ambasciata_santodomingo\/it\/ambasciata\/news\/dall-ambasciata\/2023\/06\/novita-sul-rilascio-del-passaporto.html\"><strong>especificado en esta p\u00e1gina<\/strong><\/a>. En caso de hijos de parientes distintos deber\u00e1 presentarse un acta de consentimiento para cada uno de los hijos.\u00a0<strong>El acta de consentimiento es v\u00e1lida por seis meses<\/strong>\u00a0luego de la firma de este.<\/p>\n<p>En caso de fallecimiento de uno de los parientes simplemente se presenta una copia del certificado de defunci\u00f3n.<\/p>\n<p><strong>La ley no permite excepciones en el acta de consentimiento<\/strong>, excepto en el caso de un decreto consular (<em>lea abajo<\/em>).<\/p>\n<p><strong>Decreto consular<\/strong><\/p>\n<p>Si uno de los parientes se niega a firmar el acta de consentimiento, el solicitante podr\u00e1 habilitar el procedimiento de decreto consular, con la cual el\u00a0<strong>Jefe de Canciller\u00eda Consular<\/strong>\u00a0<strong>correspondiente al territorio de residencia del menor,<\/strong>\u00a0en calidad de un Juez Tutelar, autoriza de manera excepcional la entrega del pasaporte despu\u00e9s de validar los motivos de negaci\u00f3n de firma, las condiciones sociales y psicol\u00f3gicas del menor, la atribuci\u00f3n de la responsabilidad parental y de la custodia, las obligaciones impuestas a los parientes (ej. Las obligaciones alimentarias), etc.<\/p>\n<p>Para habilitar el proceso el solicitante deber\u00e1 enviar, en conjunto con la solicitud de pasaporte:<\/p>\n<ul>\n<li>Formulario de solicitud (redactado en la\u00a0<a href=\"https:\/\/ambsantodomingo.esteri.it\/ambasciata_santodomingo\/resource\/doc\/2018\/12\/istanza_al_giudice_tutelare.doc\">plantilla adjunta<\/a>\u00a0\u2013 formato Word en idioma italiano);<\/li>\n<li>Copia de la sentencia de divorcio o separaci\u00f3n, o copia de la orden judicial relativa a la custodia de los menores (sentencias apostilladas y traducidas);<\/li>\n<li>Copia de la correspondencia con aviso de recibo enviada al territorio de la \u00faltima residencia conocida del otro pariente para obtener su consentimiento;<\/li>\n<li>Documentaci\u00f3n que certifique el pago de cualquier pensi\u00f3n alimenticia establecida por sentencia;<\/li>\n<li>Recibo de pago de la tarifa consular cuyo importe en pesos dominicanos viene actualizado trimestralmente en base a la\u00a0<a href=\"https:\/\/ambsantodomingo.esteri.it\/ambasciata_santodomingo\/it\/in_linea_con_utente\/albo_consolare\/inporti-diritti-consolari.html\">Tasa de cambio Trimestral<\/a>.<\/li>\n<\/ul>\n<p>Los representantes consulares, durante la fase preliminar, podr\u00e1 solicitar documentaci\u00f3n adicional.<\/p>\n<p>Si se verifica que las razones de negaci\u00f3n del otro pariente son efectivamente injustificadas, el Jefe de la Canciller\u00eda Consular, en su funci\u00f3n de Juez Tutelar y con decreto, puede autorizar la entrega del pasaporte.<\/p>\n<p>Este proceso es de naturaleza judicial, por lo que puede ser utilizada exclusivamente en situaciones de imposibilidad absoluta de obtener el acta de consentimiento exigida por la ley.<\/p>\n<p>Las razones que pueden ser adoptadas para negar el consentimiento son aquellas ligadas a la falta de respeto de las obligaciones alimenticias y de manutenci\u00f3n del menor. A falta del consentimiento del otro pariente, el responsable de la oficina consular \u2013 en nombre de Juez Tutelar de los menores residentes en su circunscripci\u00f3n consular \u2013 luego de haber efectuado varios acertamientos, podr\u00e1 validar la autorizaci\u00f3n, con Decreto Consular, de la entrega del Pasaporte al solicitante. Con este fin, el solicitante o el pariente que da su consentimiento deber\u00e1 presentar una carta firmada en la que se explique los motivos por los cuales el otro pariente, del cual se deber\u00e1 brindar la direcci\u00f3n completa y n\u00famero de tel\u00e9fono, niega la firma del acta de consentimiento.<\/p>\n<p><strong>NOTA: Antes de planear viajes, se recomienda contactar a las Representaciones Diplom\u00e1ticas de los Pa\u00edses de destino, con el fin de verificar los tr\u00e1mites solicitados para el ingreso.<\/strong><\/p>\n<p>&nbsp;<\/p>\n<p><strong>*DECLARACI\u00d3N DE ACOMPA\u00d1AMIENTO PARA MENORES DE 14 A\u00d1OS<\/strong><\/p>\n<p>Hasta el cumplimiento de los 14 a\u00f1os de edad los menores italianos pueden viajar al extranjero siempre y cuando sean acompa\u00f1ados por lo menos de un pariente o de aquel que tiene la responsabilidad tutelar, o por igual que se mencione en el pasaporte, o en alguna declaraci\u00f3n de acompa\u00f1amiento entregada por parte de qui\u00e9n tenga el poder de consentir o autorizar en base al art\u00edculo 3, letra a) de la ley 21 de noviembre 1967, #1185 \u2013 visitada por un representante correspondiente de la entrega (Questura en Italia, Oficina consular en el extranjero) \u2013 el nombre de la persona, del ente o de la compa\u00f1\u00eda de transporte en el que los menores vendr\u00e1n custodiados.<\/p>\n<p>Los padres o quienes posean la responsabilidad tutelar de menores de 14 a\u00f1os de edad que no viajan acompa\u00f1ados de por lo menos uno de los dos parientes que desean conceder la autorizaci\u00f3n a una persona f\u00edsica o una asociaci\u00f3n de transporte (ej. Compa\u00f1\u00eda a\u00e9rea o de navegaci\u00f3n) deben de firmar la declaraci\u00f3n de acompa\u00f1amiento que se presentar\u00e1 en la Oficina consular con el fin de la entrega dicha autorizaci\u00f3n de acompa\u00f1amiento o de la firma en el pasaporte.<\/p>\n<p>La Oficina Consular (o la Questura si el menor se encuentra en Italia) emitir\u00e1 la certificaci\u00f3n de acompa\u00f1amiento que el acompa\u00f1ante presentar\u00e1 en la frontera en conjunto con el pasaporte en vigor del menor o por igual imprimir dicha certificaci\u00f3n en el pasaporte. La decisi\u00f3n entre las dos opciones estar\u00e1 a cargo de los solicitantes, a menos de que las Oficinas Consulares indiquen motivos diferentes. En caso de desacuerdo entre la solicitud del ciudadano y la decisi\u00f3n de la Oficina consular, \u00e9sta \u00faltima es predominante. En caso de que el menor de 14 a\u00f1os de edad sea custodiado a un ente o una compa\u00f1\u00eda de transporte, con la finalidad de garantizar la veracidad de los datos relevantes al viaje, se le entrega una \u00fanica declaraci\u00f3n, redactada en base a la solicitud presentada por parte de los representantes tutelares o parientes.<\/p>\n<p>Se informa que antes de adquirir un boleto de viaje de alguna compa\u00f1\u00eda de transporte es necesario verificar si dicha compa\u00f1\u00eda acepte que el menor de 14 a\u00f1os de edad viaje en su custodia. Sugerimos llevar a la Questura en conjunto a la declaraci\u00f3n de acompa\u00f1amiento las copias del documento de identidad del acompa\u00f1ante (documento que debe ser firmado para verificar la veracidad de la firma), de los parientes del menor.<\/p>\n<p>Para los ciudadanos italianos menores de edad, tanto en la declaraci\u00f3n de acompa\u00f1amiento como en la menci\u00f3n en el pasaporte, visto por los \u00f3rganos consulares correspondientes a la entrega del pasaporte, es especificado el nombre de la persona o ente al que el menor vendr\u00e1 custodiado.<\/p>\n<p>La validez de la declaraci\u00f3n, sea esta en papel o impresa en el pasaporte, est\u00e1 limitada a un viaje (ida y vuelta) fuera del pa\u00eds de residencia del menor de 14 a\u00f1os de edad, con destinaci\u00f3n determinada, salvo en casos excepcionales que se validar\u00e1n por las oficinas que emiten la declaraci\u00f3n.<\/p>\n<p>En particular:<\/p>\n<ul>\n<li>La declaraci\u00f3n de acompa\u00f1amiento se limita a un solo viaje (ida y vuelta) del pa\u00eds de residencia del menor con destinaci\u00f3n determinada y no puede exceder, de norma, el plazo m\u00e1ximo de seis meses (salvo la posibilidad para la oficina consular de acordar un plazo m\u00e1s largo en caso de solicitud con una motivaci\u00f3n justificada (ej. Custodia del menor a una instituci\u00f3n de cura o de formaci\u00f3n));<\/li>\n<li>Los que poseen la responsabilidad parental o tutela pueden asignar m\u00e1ximo dos acompa\u00f1antes, los cuales son alternos entre ellos;<\/li>\n<li>Al realizar la declaraci\u00f3n de acompa\u00f1amiento, los que poseen la responsabilidad parental o tutela pueden solicitar que los nombres de los acompa\u00f1antes, la duraci\u00f3n del viaje y la destinaci\u00f3n se impriman en el pasaporte del menor o que dichos datos se escriban en una certificaci\u00f3n, que se imprimir\u00e1 desde la oficina consular;<\/li>\n<li>En el caso de que se le entregue la custodia del menor a una entidad o compa\u00f1\u00eda de transporte, para garantizar la veracidad de los datos del viaje, se le entregar\u00e1 exclusivamente la certificaci\u00f3n;<\/li>\n<li>La validez de la declaraci\u00f3n no puede sobrepasar la fecha de vencimiento del pasaporte del menor;<\/li>\n<li>En el caso de viajes que impliquen cruzar varios estados, corresponde a los poseedores de la responsabilidad parental o tutela evaluar, sobre la base de las modalidades del viaje en s\u00ed, si deben indicar solo el pa\u00eds de destino final o todos los pa\u00edses individuales visitados;<\/li>\n<\/ul>\n<p>Se recomienda, que antes de adquirir un boleto de viaje de la compa\u00f1\u00eda de transporte, de verificar que dicha compa\u00f1\u00eda acepte en su custodia menores de edad. La declaraci\u00f3n se presentar\u00e1 en las oficinas de entrega de pasaporte en la circunscripci\u00f3n de residencia del solicitante.<\/p>\n<p>&nbsp;<\/p>\n<p><strong>INFORMACIONES GENERALES PARA LA ENTREGA DEL PASAPORTE EST\u00c1N DISPONIBLES EN LA SIGUIENTE PAGINA WEB:<\/strong><\/p>\n<p><a href=\"https:\/\/www.esteri.it\/it\/servizi-consolari-e-visti\/italiani-all-estero\/documenti_di_viaggio\/passaporto\/\">http:\/\/www.esteri.it\/MAE\/IT\/Italiani_nel_Mondo\/ServiziConsolari\/Documenti_di_Viaggio\/Passaporto.htm<\/a><\/p>\n","protected":false},"excerpt":{"rendered":"SE RECOMIENDA A LOS SOLICITANTES DE PASAPORTES DE AGENDAR SU CITA CON ANTELACI\u00d3N: 6 MESES ANTES RESPECTO A LA FECHA DE VENCIMIENTO DEL PASAPORTE. Debido a la alta cantidad de demandas para este servicio, la cita podr\u00eda tener un tiempo de espera bastante largo. &nbsp; *INFORMACIONES GENERALES Y ADVERTENCIAS El Pasaporte es un documento de [&hellip;]","protected":false},"author":1,"featured_media":0,"parent":169,"menu_order":0,"comment_status":"closed","ping_status":"closed","template":"","meta":{"footnotes":""},"class_list":["post-170","page","type-page","status-publish","hentry"],"_links":{"self":[{"href":"https:\/\/ambsantodomingo.esteri.it\/es\/wp-json\/wp\/v2\/pages\/170","targetHints":{"allow":["GET"]}}],"collection":[{"href":"https:\/\/ambsantodomingo.esteri.it\/es\/wp-json\/wp\/v2\/pages"}],"about":[{"href":"https:\/\/ambsantodomingo.esteri.it\/es\/wp-json\/wp\/v2\/types\/page"}],"author":[{"embeddable":true,"href":"https:\/\/ambsantodomingo.esteri.it\/es\/wp-json\/wp\/v2\/users\/1"}],"replies":[{"embeddable":true,"href":"https:\/\/ambsantodomingo.esteri.it\/es\/wp-json\/wp\/v2\/comments?post=170"}],"version-history":[{"count":6,"href":"https:\/\/ambsantodomingo.esteri.it\/es\/wp-json\/wp\/v2\/pages\/170\/revisions"}],"predecessor-version":[{"id":3938,"href":"https:\/\/ambsantodomingo.esteri.it\/es\/wp-json\/wp\/v2\/pages\/170\/revisions\/3938"}],"up":[{"embeddable":true,"href":"https:\/\/ambsantodomingo.esteri.it\/es\/wp-json\/wp\/v2\/pages\/169"}],"wp:attachment":[{"href":"https:\/\/ambsantodomingo.esteri.it\/es\/wp-json\/wp\/v2\/media?parent=170"}],"curies":[{"name":"wp","href":"https:\/\/api.w.org\/{rel}","templated":true}]}}