{"id":171,"date":"2023-04-11T18:17:44","date_gmt":"2023-04-11T22:17:44","guid":{"rendered":"https:\/\/ambsantodomingo.esteri.it\/servizi-consolari-e-visti\/servizi-per-il-cittadino-italiano\/emergency-travel-documents-etd\/"},"modified":"2023-11-21T11:13:27","modified_gmt":"2023-11-21T15:13:27","slug":"emergency-travel-documents-etd","status":"publish","type":"page","link":"https:\/\/ambsantodomingo.esteri.it\/es\/servizi-consolari-e-visti\/servizi-per-il-cittadino-italiano\/emergency-travel-documents-etd\/","title":{"rendered":"Documentos de viaje de emergencia (ETD)"},"content":{"rendered":"<p><strong>*EMERGENCY TRAVEL DOCUMENT \u2013 Carta de Ruta<\/strong><\/p>\n<p>Si son turistas, deben de regresar y han perdido o le han robado su pasaporte, pero no tienen tiempo para solicitar un pasaporte nuevo y esperar su entrega, se les podr\u00e1 entregar un documento de viaje provisional (Emergency Travel Document \u2013 ETD) el cual ser\u00e1 v\u00e1lido exclusivamente para el viaje de regreso a Italia, en el pa\u00eds de residencia en el extranjero (AIRE), o en casos excepcionales, para una destinaci\u00f3n distinta.<\/p>\n<p>El interesado, luego de haber avisado al Consulado, deber\u00e1 presentar las siguientes documentaciones:<\/p>\n<p>\u00b7 Documento de reconocimiento (se acepta vencido) y una copia del mismo en el que se presente la foto y la firma, en ausencia del documento de reconocimiento es necesaria la presencia de dos testigos ciudadanos italianos (<strong>residentes AIRE<\/strong>) que llenen el Formulario AFT1 \u2013 Dichiarazione Sostitutiva Atto di Notorieta\u2019, los cuales se presentar\u00e1n con una documentaci\u00f3n de identidad v\u00e1lida (en original y en copia), y que est\u00e9n en grado de identificar el solicitante del ETD;<\/p>\n<ul>\n<li>Denuncia original, presentada frente a las Autoridades locales de Polic\u00eda;<\/li>\n<li>En presencia de hijos menores se debe presentar el acta de consentimiento del otro pariente en conjunto con la copia de un documento de identidad propio (solo si es ciudadano de la UE) en el cual se reconozca claramente la firma del titular. Si el otro pariente del menor NO es ciudadano de la UE, el acta de consentimiento debe de ser firmada en presencia de los representantes consulares correspondientes; en caso que el ETD sea solicitado para un menor de edad de deben presentar las actas de consentimiento de ambos parientes;<\/li>\n<li>2 fotograf\u00edas (35x40mm) a color, con fondo blanco, expresi\u00f3n facial neutral y con la boca cerrada;<\/li>\n<li>Boleto de viaje para el regreso hacia Italia;<\/li>\n<li>Pago de 1,55 euro (en base a la tasa de conversi\u00f3n vigente en pesos dominicanos) para el recibo consular.<\/li>\n<\/ul>\n<p><strong>NOTA: CUANDO EL PA\u00cdS DE RESIDENCIA SE ENCUENTRA FUERA DE LA UNI\u00d3N EUROPEA SE RECOMIENDA VERIFICAR CON LAS REPRESENTACIONES DIPLOM\u00c1TICO-CONSULARES CORRESPONDIENTES LA VALIDEZ DEL ETD CON LA FINALIDAD DE INGRESAR.<\/strong><\/p>\n","protected":false},"excerpt":{"rendered":"*EMERGENCY TRAVEL DOCUMENT \u2013 Carta de Ruta Si son turistas, deben de regresar y han perdido o le han robado su pasaporte, pero no tienen tiempo para solicitar un pasaporte nuevo y esperar su entrega, se les podr\u00e1 entregar un documento de viaje provisional (Emergency Travel Document \u2013 ETD) el cual ser\u00e1 v\u00e1lido exclusivamente para [&hellip;]","protected":false},"author":1,"featured_media":0,"parent":169,"menu_order":2,"comment_status":"closed","ping_status":"closed","template":"","meta":{"footnotes":""},"class_list":["post-171","page","type-page","status-publish","hentry"],"_links":{"self":[{"href":"https:\/\/ambsantodomingo.esteri.it\/es\/wp-json\/wp\/v2\/pages\/171","targetHints":{"allow":["GET"]}}],"collection":[{"href":"https:\/\/ambsantodomingo.esteri.it\/es\/wp-json\/wp\/v2\/pages"}],"about":[{"href":"https:\/\/ambsantodomingo.esteri.it\/es\/wp-json\/wp\/v2\/types\/page"}],"author":[{"embeddable":true,"href":"https:\/\/ambsantodomingo.esteri.it\/es\/wp-json\/wp\/v2\/users\/1"}],"replies":[{"embeddable":true,"href":"https:\/\/ambsantodomingo.esteri.it\/es\/wp-json\/wp\/v2\/comments?post=171"}],"version-history":[{"count":2,"href":"https:\/\/ambsantodomingo.esteri.it\/es\/wp-json\/wp\/v2\/pages\/171\/revisions"}],"predecessor-version":[{"id":387,"href":"https:\/\/ambsantodomingo.esteri.it\/es\/wp-json\/wp\/v2\/pages\/171\/revisions\/387"}],"up":[{"embeddable":true,"href":"https:\/\/ambsantodomingo.esteri.it\/es\/wp-json\/wp\/v2\/pages\/169"}],"wp:attachment":[{"href":"https:\/\/ambsantodomingo.esteri.it\/es\/wp-json\/wp\/v2\/media?parent=171"}],"curies":[{"name":"wp","href":"https:\/\/api.w.org\/{rel}","templated":true}]}}