{"id":174,"date":"2023-04-11T18:18:56","date_gmt":"2023-04-11T22:18:56","guid":{"rendered":"https:\/\/ambsantodomingo.esteri.it\/servizi-consolari-e-visti\/servizi-per-il-cittadino-italiano\/servizi-elettorali\/"},"modified":"2023-11-21T11:24:06","modified_gmt":"2023-11-21T15:24:06","slug":"servizi-elettorali","status":"publish","type":"page","link":"https:\/\/ambsantodomingo.esteri.it\/es\/servizi-consolari-e-visti\/servizi-per-il-cittadino-italiano\/servizi-elettorali\/","title":{"rendered":"Servicios electorales"},"content":{"rendered":"<p>Los ciudadanos italianos residentes en el extranjero y inscritos regularmente en AIRE pueden ejercer el derecho de voto en el extranjero en el lugar de residencia para las elecciones legislativas nacionales, para los referendos derogatorios y constitucionales ex artt.( da correggere anche in italiano) 75 y 138 de la Constituci\u00f3n y para las elecciones al Parlamento Europeo.<\/p>\n<p>El voto en el extranjero para las elecciones legislativas nacionales y los refer\u00e9ndums est\u00e1 regulado por la Ley 27 de diciembre de 2001, n. 459 y por su Reglamento de aplicaci\u00f3n (D.P.R. 2 de abril 2003, n. 104), en aplicaci\u00f3n del art. 48, 56 y 57 de la Constituci\u00f3n, que instituyeron la Circunscripci\u00f3n Extranjera. La Ley 6 mayo 2015, n. 52, (c.d. \u00abItalicum\u00bb) estableci\u00f3 que incluso los ciudadanos temporalmente en el extranjero por un per\u00edodo de al menos tres meses por razones de trabajo, estudio o asistencia m\u00e9dica pueden pedir a su Municipio votar en el extranjero por correspondencia.<\/p>\n<p>El voto en el extranjero para la elecci\u00f3n de los representantes italianos al Parlamento Europeo es en cambio regulado de la ley 24 enero 1979 n. 18 y del Decreto-ley del 24 junio 1994 n. 408 (convertido en ley 3 agosto 1994, n. 483).<\/p>\n<p>Los electores italianos residentes en el extranjero y inscritos regularmente en AIRE pueden votar tambi\u00e9n por la elecci\u00f3n de los representantes de los COMITES &#8211; Comit\u00e9s de los italianos en el extranjero (Ley 23 de octubre de 2003, n. 286).<\/p>\n<p><a href=\"https:\/\/www.esteri.it\/mae\/it\/servizi\/italiani-all-estero\/votoestero\">M\u00c1S INFORMACI\u00d3N SOBRE EL VOTO EN EL EXTERIOR<\/a><\/p>\n","protected":false},"excerpt":{"rendered":"Los ciudadanos italianos residentes en el extranjero y inscritos regularmente en AIRE pueden ejercer el derecho de voto en el extranjero en el lugar de residencia para las elecciones legislativas nacionales, para los referendos derogatorios y constitucionales ex artt.( da correggere anche in italiano) 75 y 138 de la Constituci\u00f3n y para las elecciones al [&hellip;]","protected":false},"author":1,"featured_media":0,"parent":169,"menu_order":8,"comment_status":"closed","ping_status":"closed","template":"","meta":{"footnotes":""},"class_list":["post-174","page","type-page","status-publish","hentry"],"_links":{"self":[{"href":"https:\/\/ambsantodomingo.esteri.it\/es\/wp-json\/wp\/v2\/pages\/174","targetHints":{"allow":["GET"]}}],"collection":[{"href":"https:\/\/ambsantodomingo.esteri.it\/es\/wp-json\/wp\/v2\/pages"}],"about":[{"href":"https:\/\/ambsantodomingo.esteri.it\/es\/wp-json\/wp\/v2\/types\/page"}],"author":[{"embeddable":true,"href":"https:\/\/ambsantodomingo.esteri.it\/es\/wp-json\/wp\/v2\/users\/1"}],"replies":[{"embeddable":true,"href":"https:\/\/ambsantodomingo.esteri.it\/es\/wp-json\/wp\/v2\/comments?post=174"}],"version-history":[{"count":2,"href":"https:\/\/ambsantodomingo.esteri.it\/es\/wp-json\/wp\/v2\/pages\/174\/revisions"}],"predecessor-version":[{"id":397,"href":"https:\/\/ambsantodomingo.esteri.it\/es\/wp-json\/wp\/v2\/pages\/174\/revisions\/397"}],"up":[{"embeddable":true,"href":"https:\/\/ambsantodomingo.esteri.it\/es\/wp-json\/wp\/v2\/pages\/169"}],"wp:attachment":[{"href":"https:\/\/ambsantodomingo.esteri.it\/es\/wp-json\/wp\/v2\/media?parent=174"}],"curies":[{"name":"wp","href":"https:\/\/api.w.org\/{rel}","templated":true}]}}