{"id":178,"date":"2023-04-11T18:20:09","date_gmt":"2023-04-11T22:20:09","guid":{"rendered":"https:\/\/ambsantodomingo.esteri.it\/servizi-consolari-e-visti\/servizi-per-il-cittadino-italiano\/autoveicoli-e-patenti-di-guida\/"},"modified":"2023-11-23T11:27:22","modified_gmt":"2023-11-23T15:27:22","slug":"autoveicoli-e-patenti-di-guida","status":"publish","type":"page","link":"https:\/\/ambsantodomingo.esteri.it\/es\/servizi-consolari-e-visti\/servizi-per-il-cittadino-italiano\/autoveicoli-e-patenti-di-guida\/","title":{"rendered":"Veh\u00edculos de motor y permisos de conducir"},"content":{"rendered":"<p>Seg\u00fan la normativa del Ministerio de Infraestructuras y Transportes, los ciudadanos italianos residentes en la Rep\u00fablica Dominicana o que residan durante un per\u00edodo de al menos 6 meses (inscritos AIRE) podr\u00e1n solicitar la confirmaci\u00f3n de la validez de su Licencia de conducir italiana,\u00a0<strong>siempre y cuando haya expirado hace un m\u00e1ximo de tres a\u00f1os<\/strong>\u00a0y que no entre en el \u00e1mbito de aplicaci\u00f3n del art. El art\u00edculo 119, p\u00e1rrafos 2 bis y 4, del C\u00f3digo de Circulaci\u00f3n (Licencia de conducir de conductores con diabetes o cuya aptitud psicof\u00edsica debe ser certificada por comisiones m\u00e9dicas pertinentes).<\/p>\n<p>Los ciudadanos interesados deber\u00e1n efectuar el examen m\u00e9dico previsto para el examen de los requisitos ps\u00edquicos y f\u00edsicos, despu\u00e9s que la Canciller\u00eda Consular expedir\u00e1 el certificado especial de pr\u00f3rroga de la validez.<\/p>\n<p>Una vez restablecida la residencia en Italia, el ciudadano deber\u00e1 confirmar de nuevo la Licencia de conducir en la Oficina Central del Departamento de Transportes Terrestres competente para el lugar de residencia.<\/p>\n<p>Para obtener la renovaci\u00f3n de la Licencia de conducir italiana, el compatriota debe solicitar una cita a trav\u00e9s de\u00a0<a href=\"https:\/\/prenotami.esteri.it\/\"><strong>PRENOT@MI<\/strong><\/a>\u00a0y presentarse en la Embajada el d\u00eda se\u00f1alado con la siguiente documentaci\u00f3n:<\/p>\n<ul>\n<li>la licencia italiana caducada o que caduca pr\u00f3ximamente;<\/li>\n<li>el <a href=\"https:\/\/ambsantodomingo.esteri.it\/wp-content\/uploads\/2023\/11\/modulo_rinnovo_patenti_di_guida.pdf\" target=\"_blank\" rel=\"noopener\">formulario<\/a> que deber\u00e1 cumplimentarse;<\/li>\n<li>el certificado m\u00e9dico expedido por un <a href=\"https:\/\/ambsantodomingo.esteri.it\/wp-content\/uploads\/2023\/11\/medici_di_fiducia.docx\" target=\"_blank\" rel=\"noopener\">m\u00e9dico asesor de la Embajada<\/a>;<\/li>\n<li>el importe necesario para el pago de las tasas consulares (las percepciones consulares cambian cada tres meses).<\/li>\n<\/ul>\n<p><strong>Se precisa que la renovaci\u00f3n de la Licencia de conducir NO da derecho a conducir en la Rep\u00fablica Dominicana.<\/strong><\/p>\n<p>Indicaciones sobre expedici\u00f3n informaciones y certificaciones relativas a los datos de la licencia de conducir italiana<\/p>\n<p>Es frecuente que, en los casos de conversi\u00f3n de la Licencia de conducir italiana en Licencia de conducir extranjeras, las autoridades locales exijan a los titulares de dichas Licencia informaci\u00f3n o certificaciones al respecto.<\/p>\n<p>El Ministerio de Infraestructuras y Transportes Italiano puso de relieve algunos detalles pr\u00e1cticos relativamente a ambos tipos de solicitudes.<\/p>\n<p><strong>Expedici\u00f3n de certificados<\/strong><\/p>\n<p>En el caso de que el Estado extranjero pida al usuario que presente un certificado que contenga los datos de la Licencia de conducir italiana que es titular, dicho Ministerio ha se\u00f1alado que las Misiones Diplom\u00e1ticas Consulares no pueden expedir ning\u00fan certificado,<\/p>\n<p>como competentes en este sentido son exclusivamente la Autoridad Central italiana o las Oficinas de Motorizaci\u00f3n Civil.<\/p>\n<p>El titular del documento deber\u00e1 presentar, directamente o por medio de un delegado (en su caso, si no puede viajar a Italia en persona, dirigi\u00e9ndose a una agencia de pr\u00e1cticas o a una persona de su confianza), instancia especial en las mencionadas Oficinas acompa\u00f1ada de la documentaci\u00f3n que acredite el pago del impuesto de timbre y de las tasas previstas por las disposiciones legales.<\/p>\n<p>Dado que esta actividad de certificaci\u00f3n no est\u00e1 vinculada ni al lugar de residencia del solicitante, ni a la Oficina de Matriculaci\u00f3n de Veh\u00edculos Civiles que expidi\u00f3 el permiso, los usuarios interesados podr\u00e1n dirigirse a cualquier oficina de la Motorizaci\u00f3n en el territorio nacional.<\/p>\n","protected":false},"excerpt":{"rendered":"Seg\u00fan la normativa del Ministerio de Infraestructuras y Transportes, los ciudadanos italianos residentes en la Rep\u00fablica Dominicana o que residan durante un per\u00edodo de al menos 6 meses (inscritos AIRE) podr\u00e1n solicitar la confirmaci\u00f3n de la validez de su Licencia de conducir italiana,\u00a0siempre y cuando haya expirado hace un m\u00e1ximo de tres a\u00f1os\u00a0y que no [&hellip;]","protected":false},"author":1,"featured_media":0,"parent":169,"menu_order":16,"comment_status":"closed","ping_status":"closed","template":"","meta":{"footnotes":""},"class_list":["post-178","page","type-page","status-publish","hentry"],"_links":{"self":[{"href":"https:\/\/ambsantodomingo.esteri.it\/es\/wp-json\/wp\/v2\/pages\/178","targetHints":{"allow":["GET"]}}],"collection":[{"href":"https:\/\/ambsantodomingo.esteri.it\/es\/wp-json\/wp\/v2\/pages"}],"about":[{"href":"https:\/\/ambsantodomingo.esteri.it\/es\/wp-json\/wp\/v2\/types\/page"}],"author":[{"embeddable":true,"href":"https:\/\/ambsantodomingo.esteri.it\/es\/wp-json\/wp\/v2\/users\/1"}],"replies":[{"embeddable":true,"href":"https:\/\/ambsantodomingo.esteri.it\/es\/wp-json\/wp\/v2\/comments?post=178"}],"version-history":[{"count":4,"href":"https:\/\/ambsantodomingo.esteri.it\/es\/wp-json\/wp\/v2\/pages\/178\/revisions"}],"predecessor-version":[{"id":747,"href":"https:\/\/ambsantodomingo.esteri.it\/es\/wp-json\/wp\/v2\/pages\/178\/revisions\/747"}],"up":[{"embeddable":true,"href":"https:\/\/ambsantodomingo.esteri.it\/es\/wp-json\/wp\/v2\/pages\/169"}],"wp:attachment":[{"href":"https:\/\/ambsantodomingo.esteri.it\/es\/wp-json\/wp\/v2\/media?parent=178"}],"curies":[{"name":"wp","href":"https:\/\/api.w.org\/{rel}","templated":true}]}}