{"id":183,"date":"2023-04-11T18:22:07","date_gmt":"2023-04-11T22:22:07","guid":{"rendered":"https:\/\/ambsantodomingo.esteri.it\/servizi-consolari-e-visti\/servizi-per-il-cittadino-straniero\/visti\/"},"modified":"2026-01-08T06:14:23","modified_gmt":"2026-01-08T10:14:23","slug":"visti","status":"publish","type":"page","link":"https:\/\/ambsantodomingo.esteri.it\/es\/servizi-consolari-e-visti\/servizi-per-il-cittadino-straniero\/visti\/","title":{"rendered":"Visas"},"content":{"rendered":"<p><em>(act. 10\/06\/2024)<\/em><\/p>\n<p><strong>VISA DE TURISMO<\/strong><\/p>\n<p><strong>Centro Almaviva Rep\u00fablica Dominicana<\/strong><\/p>\n<p><em>Av. R\u00f3mulo Betancourt No. 1516, Plaza Thalys piso 3 local 307<\/em><\/p>\n<p><strong>Informaciones:<\/strong>\u00a0<a href=\"mailto:do.info-visa@almaviva-visa.services\">do.info-visa@almaviva-visa.services<\/a><\/p>\n<p><strong>Telefono:<\/strong> +1 809 373 0331. De lunes a viernes de 9am a 6pm.<\/p>\n<p><strong>Citas<\/strong><strong>:<\/strong>\u00a0<a href=\"https:\/\/do.almaviva-visa.services\/\">https:\/\/do.almaviva-visa.services<\/a><\/p>\n<p>La pagina web de Almaviva funciona en la Republica Dominicana. Accesos de otros paises resultaran bloqueados.<\/p>\n<p>*<em><strong>P.D. tomar una cita tiene un costo fijo, no reembolsable, pagamento con tarjeta en la pagina de Almaviva<\/strong><\/em><\/p>\n<p>** Considerado el alto numero de solicitudes, es posible que se acaben las citas.\u00a0<em><strong>Sugerimos volver a intentar<\/strong><\/em>, entrando frecuentemente en la pagina web de Almaviva.<\/p>\n<p>&nbsp;<\/p>\n<p>Dependiendo del visado solicitado, Almaviva exigir\u00e1 las siguientes tarifas:<\/p>\n<p><a href=\"https:\/\/ambsantodomingo.esteri.it\/wp-content\/uploads\/2026\/01\/Tabella-Diritti-Consolari-I-trim-2026-LVIS-tasso-ragguaglio-DOP.pdf\">TARIFAS DE VISADO \u2013 EN VIGOR DE 01\/01\/2026 HASTA 31\/03\/2026<\/a><\/p>\n<p><strong><a href=\"https:\/\/ambsantodomingo.esteri.it\/wp-content\/uploads\/2025\/10\/Tabella-Diritti-Consolari-IV-trim-2025-LVIS-tasso-ragguaglio-DOP.pdf\">TARIFAS DE VISADO \u2013 EN VIGOR DE 01\/10\/2025 HASTA 31\/10\/2025<\/a><\/strong><\/p>\n<p><a href=\"https:\/\/ambsantodomingo.esteri.it\/wp-content\/uploads\/2024\/06\/Tabella-Diritti-Consolari-III-trim-2024-LVIS-tasso-ragguaglio-DOP.pdf\">TARIFAS DE VISADO \u2013 EN VIGOR DE 01\/07\/2024 HASTA 30\/09\/2024<\/a><\/p>\n<p><a href=\"https:\/\/ambsantodomingo.esteri.it\/wp-content\/uploads\/2024\/06\/Tabella-Diritti-Consolari-II-trim-da-1106-2024-LVIS-tasso-ragguaglio-DOP.pdf\">TARIFAS DE VISADO \u2013 EN VIGOR DE 11\/06\/2024 HASTA 30\/06\/2024<\/a><\/p>\n<p><a href=\"https:\/\/ambsantodomingo.esteri.it\/wp-content\/uploads\/2024\/03\/Tabella-Diritti-Consolari-II-trim-2024-LVIS-tasso-ragguaglio-DOP.pdf\">TARIFAS DE VISADO &#8211; EN VIGOR DE 01\/04\/2024 HASTA 30\/06\/2024<\/a><\/p>\n<p><a href=\"https:\/\/ambsantodomingo.esteri.it\/wp-content\/uploads\/2023\/12\/Tabella-Diritti-Consolari-I-trim-2024-LVIS-tasso-ragguaglio-DOP.pdf\">TARIFAS DE VISADO &#8211; EN VIGOR DE 01\/01\/2024 HASTA 31\/03\/2024<\/a><\/p>\n<p><a href=\"https:\/\/ambsantodomingo.esteri.it\/wp-content\/uploads\/2023\/10\/tabella_diritti_consolari_iv_trim._2023_lvis_tasso_ragguaglio_-_dop.pdf\">TARIFAS DE VISADO &#8211; EN VIGOR DE 01\/10\/2023 HASTA 31\/12\/2023<\/a><\/p>\n<p><a href=\"https:\/\/ambsantodomingo.esteri.it\/wp-content\/uploads\/2023\/10\/tabella_diritti_consolari_iii_trim._2023_lvis_tasso_ragguaglio_-_dop.pdf\">TARIFAS DE VISADO &#8211; EN VIGOR DE 01\/07\/2023 HASTA 30\/09\/2023<\/a><\/p>\n<p><a href=\"https:\/\/ambsantodomingo.esteri.it\/wp-content\/uploads\/2023\/10\/tabella_diritti_consolari_ii_trim._2023_lvis_tasso_ragguaglio_-_dop1.pdf\">TARIFAS DE VISADO &#8211; EN VIGOR DE 01\/04\/2023 HASTA 30\/06\/2023<\/a><\/p>\n<p><a href=\"https:\/\/ambsantodomingo.esteri.it\/wp-content\/uploads\/2023\/10\/tabella_diritti_consolari_i_trim._2023_lvis_tasso_ragguaglio_-_dop.pdf\">TARIFAS DE VISADO &#8211; EN VIGOR DE 01\/01\/2023 HASTA 31\/03\/2023<\/a><\/p>\n<p>&nbsp;<\/p>\n<p><strong>VISA POR MOTIVOS DE FAMILIA\u00a0<\/strong><strong>(conyuge extranjero de ciudadano italiano\/UE)<\/strong><\/p>\n<p>Informaciones y citas en la\u00a0<strong><a href=\"https:\/\/ambsantodomingo.esteri.it\/Ambasciata_SantoDomingo\/es\/ambasciata\/news\/dall-ambasciata\/2022\/06\/appuntamenti-per-visto-per-motivi.html\">PAGINA WEB<\/a><\/strong>.<\/p>\n<p>&nbsp;<\/p>\n<p>&nbsp;<\/p>\n<p>&nbsp;<\/p>\n<p>&nbsp;<\/p>\n<p>&nbsp;<\/p>\n<p>***<\/p>\n<p><a href=\"https:\/\/ambsantodomingo.esteri.it\/ambasciata_santodomingo\/it\/informazioni_e_servizi\/visti\/visti-bando-di-gara.html\">Bando di gara<\/a><\/p>\n<p><a href=\"https:\/\/ambsantodomingo.esteri.it\/wp-content\/uploads\/2023\/10\/decreto_nomina_commissione_giudicatrice_1136-2021.pdf\">Decreto Nomina Commissione Giudicatrice<\/a><\/p>\n<p>Declaraci\u00f3n de ausencia de causa de incompatibilidad y de inconferibilidad:\u00a0<a href=\"https:\/\/ambsantodomingo.esteri.it\/wp-content\/uploads\/2023\/10\/dichiarazione_inconferibilit_ml.pdf\">Presidente<\/a>,\u00a0<a href=\"https:\/\/ambsantodomingo.esteri.it\/wp-content\/uploads\/2023\/10\/dichiarazione_inconferibilit_gzb.pdf\">Membro,<\/a>\u00a0<a href=\"https:\/\/ambsantodomingo.esteri.it\/wp-content\/uploads\/2023\/10\/dichiarazione_inconferibilit_sn.pdf\">Membro Segretario<\/a><\/p>\n<p>Primera sesi\u00f3n p\u00fablica de la competici\u00f3n (27 de mayo 2021):<a href=\"https:\/\/ambsantodomingo.esteri.it\/wp-content\/uploads\/2023\/10\/verbale_1.pdf\">\u00a0Acta<\/a><\/p>\n<p>Segunda sesi\u00f3n p\u00fablica de licitaci\u00f3n (27 de julio 2021):\u00a0<a href=\"https:\/\/ambsantodomingo.esteri.it\/wp-content\/uploads\/2023\/10\/verbale_1.pdf\">Acta<\/a><\/p>\n<p>Tercera sesi\u00f3n p\u00fablica de licitaci\u00f3n (30 de julio 2021):\u00a0<a href=\"https:\/\/ambsantodomingo.esteri.it\/wp-content\/uploads\/2023\/10\/verbale_4_-_30_luglio_2021_-_seduta_pubblica.pdf\">Acta<\/a><\/p>\n<p>Decreto de Adjudicaci\u00f3n (9 de agosto 2021):\u00a0<a href=\"https:\/\/ambsantodomingo.esteri.it\/wp-content\/uploads\/2023\/10\/decreto_di_aggiudicazione_09.08.2021.pdf\">Decreto<\/a><\/p>\n","protected":false},"excerpt":{"rendered":"(act. 10\/06\/2024) VISA DE TURISMO Centro Almaviva Rep\u00fablica Dominicana Av. R\u00f3mulo Betancourt No. 1516, Plaza Thalys piso 3 local 307 Informaciones:\u00a0do.info-visa@almaviva-visa.services Telefono: +1 809 373 0331. De lunes a viernes de 9am a 6pm. Citas:\u00a0https:\/\/do.almaviva-visa.services La pagina web de Almaviva funciona en la Republica Dominicana. Accesos de otros paises resultaran bloqueados. *P.D. tomar una cita [&hellip;]","protected":false},"author":1,"featured_media":0,"parent":182,"menu_order":0,"comment_status":"closed","ping_status":"closed","template":"","meta":{"footnotes":""},"class_list":["post-183","page","type-page","status-publish","hentry"],"_links":{"self":[{"href":"https:\/\/ambsantodomingo.esteri.it\/es\/wp-json\/wp\/v2\/pages\/183","targetHints":{"allow":["GET"]}}],"collection":[{"href":"https:\/\/ambsantodomingo.esteri.it\/es\/wp-json\/wp\/v2\/pages"}],"about":[{"href":"https:\/\/ambsantodomingo.esteri.it\/es\/wp-json\/wp\/v2\/types\/page"}],"author":[{"embeddable":true,"href":"https:\/\/ambsantodomingo.esteri.it\/es\/wp-json\/wp\/v2\/users\/1"}],"replies":[{"embeddable":true,"href":"https:\/\/ambsantodomingo.esteri.it\/es\/wp-json\/wp\/v2\/comments?post=183"}],"version-history":[{"count":6,"href":"https:\/\/ambsantodomingo.esteri.it\/es\/wp-json\/wp\/v2\/pages\/183\/revisions"}],"predecessor-version":[{"id":5568,"href":"https:\/\/ambsantodomingo.esteri.it\/es\/wp-json\/wp\/v2\/pages\/183\/revisions\/5568"}],"up":[{"embeddable":true,"href":"https:\/\/ambsantodomingo.esteri.it\/es\/wp-json\/wp\/v2\/pages\/182"}],"wp:attachment":[{"href":"https:\/\/ambsantodomingo.esteri.it\/es\/wp-json\/wp\/v2\/media?parent=183"}],"curies":[{"name":"wp","href":"https:\/\/api.w.org\/{rel}","templated":true}]}}