{"id":2932,"date":"2024-05-17T14:23:38","date_gmt":"2024-05-17T18:23:38","guid":{"rendered":"https:\/\/ambsantodomingo.esteri.it\/?page_id=2932"},"modified":"2025-03-31T16:46:26","modified_gmt":"2025-03-31T20:46:26","slug":"cittadinanza-per-discendenza-iure-sanguinis","status":"publish","type":"page","link":"https:\/\/ambsantodomingo.esteri.it\/es\/servizi-consolari-e-visti\/servizi-per-il-cittadino-straniero\/cittadinanza-per-discendenza-iure-sanguinis\/","title":{"rendered":"Cittadinanza per discendenza \u00abiure sanguinis\u00bb"},"content":{"rendered":"<p><span style=\"text-decoration: underline; color: #ff0000;\"><strong>Se invita a los usuarios a consultar los recientes cambios en las normas sobre el reconocimiento de la ciudadan\u00eda \u201cIure Sanguinis\u201d que se explican en el siguiente <a href=\"https:\/\/ambsantodomingo.esteri.it\/es\/news\/dall_ambasciata\/2025\/03\/importanti-novita-normative-in-materia-di-cittadinanza-iure-sanguinis\/\">enlace\u00a0<\/a><\/strong><\/span><\/p>\n<p><strong>SOLICITUD DE RECONOCIMIENTO DE LA CIUDADAN\u00cdA POR DESCENDENCIA\u00a0<\/strong><\/p>\n<p><strong><u>Las solicitudes de reconocimiento de la ciudadan\u00eda italiana por descendencia deber\u00e1n presentarse en la estaci\u00f3n consular de esta Embajada<\/u><\/strong> con cita tomada a trav\u00e9s del sistema prenota on line en el portal <a href=\"https:\/\/prenotami.esteri.it\/\"><u>Home Page &#8211; Prenot@Mi<\/u><\/a> \u00a0y la posterior presentaci\u00f3n de formulario de \u00ab<a href=\"https:\/\/ambsantodomingo.esteri.it\/ambasciata_santodomingo\/resource\/doc\/2018\/07\/istanzariconoscimcittadin.pdf\">Instancia de reconocimiento de la ciudadan\u00eda italiana<\/a>\u00bb que ser\u00e1 entregado da esta Embajada el d\u00eda de la cita con el pago de la cuota consular prevista de <strong>600 euros da abonar en la cuota correspondiente en pesos m\u00e1s 20 euros para la legalizaci\u00f3n de la firma su la solicitud da abonar en cuota correspondiente en pesos<\/strong>.<\/p>\n<p>Por la presente se recuerda que, dado que se trata de una contribuci\u00f3n debida al tratamiento de la pr\u00e1ctica, debe abonarse en el momento de la presentaci\u00f3n de la solicitud, incluso si la documentaci\u00f3n adjunta a la misma es incompleta y con independencia del resultado de la investigaci\u00f3n<\/p>\n<p>Dichas solicitudes <strong><u>deber\u00e1n justificarse mediante un esquema geneal\u00f3gico<\/u><\/strong>, debidamente fundamentado en la documentaci\u00f3n oficial que acredite que el solicitante tiene derecho a un reconocimiento administrativo de la ciudadan\u00eda italiana.<\/p>\n<p><strong><u>Documentos del fundador (ascendente nacido en Italia<\/u><\/strong>) que se adjuntar\u00e1n a la solicitud:<\/p>\n<ul>\n<li><strong><u>Acta integral de nacimiento italiano<\/u><\/strong>, que debe ser solicitado en el Municipio de nacimiento del italiano en Italia <strong><u>en el original<\/u><\/strong> y <strong><u>que contenga las indicaciones de paternidad y maternidad<\/u><\/strong> y anotaciones a margen.<\/li>\n<li><strong><u>Certificado de naturalizaci\u00f3n expedido por el Ministerio Interior de Polic\u00eda que acredite la obtenci\u00f3n o no de la ciudadan\u00eda legal dominicana<\/u><\/strong> legalizado por el Ministerio de Relaciones Exteriores de la Republica dominicana con Apostille. Es necesario pedir dicho certificado con los datos que aparecen en la partida de nacimiento del italiano y con todas las variantes que pudieren surgir en el resto de las partidas dominicanas.\n<ul>\n<li><span style=\"text-decoration: underline;\"><em>Ejemplo<\/em><\/span>: si el italiano se llamaba <strong><u>Giuseppe Luigi ROSSETTI<\/u><\/strong>, nacido en <strong><u>LAURIA (Potenza &#8211; Italia) el 10\/01\/1901<\/u><\/strong>, y en la partida de matrimonio y\/o de defunci\u00f3n se tradujo su nombre al espa\u00f1ol o el mismo cambi\u00f3 (<strong><u>Jose\u2019 Rossetti o Luis Jose\u2019 ROSETTI O ROSSETTI o ROSSETTO<\/u><\/strong> nacido <strong><u>LAURIA (Potenza &#8211; Italia) el 10\/01\/1901 en el certificado deber\u00e1n aparecer todas las variantes<\/u><\/strong>. Si la adquisici\u00f3n de la ciudadan\u00eda legal dominicana del ascendiente es adquirida luego del nacimiento de sus hijos es necesario entregar tambi\u00e9n la prueba de la readquisici\u00f3n de la ciudadan\u00eda italiana hecha o en la Embajada italiana o en la Comuna italiana. Se recuerda que a partir del 16 de agosto de 1992 el ciudadano italiano que adquiera otra ciudadan\u00eda conserva tambi\u00e9n la italiana a menos que no renuncie formalmente a la misma..<\/li>\n<\/ul>\n<\/li>\n<li><strong><u>Acta de matrimonio: <\/u><\/strong><u>en el caso el matrimonio fue celebrado en Italia<\/u>: acta de matrimonio emitida por la Comuna italiana de celebraci\u00f3n del matrimonio; <u>en el caso el matrimonio fue celebrado en Rep\u00fablica Dominicana<\/u>: (Es indispensable que el acta contenga los datos personales completos de los solicitantes como: nombre, apellidos, fecha y lugar de nacimiento, ciudadan\u00eda, domicilio completo y numero del documento de identidad);.<\/li>\n<li><strong>Copia del Registro de Estado Civil de matrimonio expedido por las Autoridades locales<\/strong> (es obligatoria la entrega de esta copia del Registro) legalizada, traducida en italiano con la traducci\u00f3n legalizada. En caso que se hubiera casado en Italia se presentar\u00e1 la partida expedida por el Municipio italiano competente.<\/li>\n<li><strong><u>Acta de defunci\u00f3n<\/u><\/strong> (Es indispensable que el acta contenga los datos personales completos del difunto como: nombre, apellidos, fecha y lugar de nacimiento, ciudadan\u00eda y numero del documento de identidad).<\/li>\n<li><strong><u>Copia del Registro de Estado Civil de defunci\u00f3n expedido por las Autoridades locales<\/u><\/strong>. (es obligatoria la entrega de esta copia del Registro) legalizada, traducida en italiano con la traducci\u00f3n legalizada.<\/li>\n<\/ul>\n<p><strong><u>Para todos los descendientes en l\u00ednea recta hasta el \u00faltimo de los solicitantes se deber\u00e1n presentar en original y con su correspondiente traducci\u00f3n<\/u><\/strong> al italiano:<\/p>\n<ul>\n<li><strong><u>Acta de nacimiento<\/u><\/strong> (Es indispensable que el acta contenga los datos personales completos de los padres como: nombre, apellidos, fecha y lugar de nacimiento, ciudadan\u00eda, domicilio completo y numero del documento de identidad).<\/li>\n<li><strong><u>Copia del Registro de Estado Civil de nacimiento<\/u><\/strong> expedido por las Autoridades locales legalizada, traducida en italiano con la traducci\u00f3n legalizada;<\/li>\n<li><strong><u>Acta de matrimonio<\/u><\/strong> (Es indispensable que el acta contenga los datos personales completos de los solicitantes como: nombre, apellidos, fecha y lugar de nacimiento, ciudadan\u00eda, domicilio completo y numero del documento de identidad).<\/li>\n<li><strong><u>Copia del Registro de Estado Civil de matrimonio<\/u><\/strong> expedido por las Autoridades local legalizada, traducida en italiano con la traducci\u00f3n legalizada;<\/li>\n<li><strong><u>Sentencia de divorcio<\/u><\/strong> (Es indispensable que el acta contenga los datos personales completos de los solicitantes como: nombre, apellidos, fecha y lugar de nacimiento, ciudadan\u00eda, domicilio completo y numero del documento de identidad).<\/li>\n<li><strong><u>Acta de defunci\u00f3n <\/u><\/strong>(Es indispensable que el acta contenga los datos personales completos del defunto como: nombre, apellidos, fecha y lugar de nacimiento, ciudadan\u00eda y numero del documento de identidad).<\/li>\n<li><strong><u>Copia del Registro de Estado Civil de defunci\u00f3n<\/u><\/strong> expedido por las Autoridades locales.<\/li>\n<\/ul>\n<p>Las actas que deben ser inextensa expedidas por la Junta Central del Registro de estado Civil deber\u00e1n ser legalizadas por el Ministerio de Relaciones Exteriores de la Republica dominicana con la Apostille. Las traducciones de las actas deber\u00e1n ser legalizadas antes en Procuradur\u00eda y luego al MIREX con apostilles: <a href=\"https:\/\/ambsantodomingo.esteri.it\/es\/servizi-consolari-e-visti\/servizi-per-il-cittadino-straniero\/traduzione-e-legalizzazione-dei-documenti\/\">Traducci\u00f3n y legalizaci\u00f3n de documentos. \u2013 Ambasciata d&#8217;Italia Santo Domingo<\/a><\/p>\n<p>El d\u00eda de la cita el interesado deber\u00e1 presentar c\u00e9dula de identidad dominicana vigente y constancia de domicilio (factura de servicios p\u00fablicos o constancia de domicilio policial)<\/p>\n<p><strong>Nota:<\/strong><\/p>\n<ul>\n<li><strong><u>No ser\u00e1 necesario solicitar la rectificaci\u00f3n de las partidas<\/u><\/strong> en caso que surjan errores o disconformidad en los datos, pero en caso de alteraciones contenidos en la documentaci\u00f3n que puedan suscitar dudas respecto a la identidad de la persona, este Consulado podr\u00e1 exigir rectificaciones o certificados complementarios.<\/li>\n<li><strong><u>no se aceptan RECONSTRUCCION de acta hecha por el oficial de estado civil<\/u><\/strong>, la misma debe ser hecha por el Procurador Fiscal en el Poder Ejecutivo:\u00a0 <a href=\"https:\/\/ayuda.jce.gob.do\/kb\/a41\/cual-es-el-procedimiento-para-la-reconstruccion-de-un-acto-del-estado-civil.aspx\">\u00bfCu\u00e1l es el procedimiento para la reconstrucci\u00f3n de un Acto del Estado Civil?<\/a><\/li>\n<li><strong><u>Para los hijos naturales se deber\u00e1 presentar adem\u00e1s de la partida de nacimiento, tambi\u00e9n el acta de reconocimiento y\/o posterior legitimaci\u00f3n<\/u><\/strong>.<\/li>\n<li><strong><u>Es necesario presentar el primer matrimonio y todos los subsiguientes matrimonios en caso que sean necesarios para la reconstrucci\u00f3n de la l\u00ednea de descendencia<\/u><\/strong>.<\/li>\n<li><strong><u>Las mujeres extranjeras casadas con ciudadano italiano antes del 27 de abril de 1983<\/u><\/strong> adquieren autom\u00e1ticamente la ciudadan\u00eda italiana.<\/li>\n<li>Las actas provenientes de otros pa\u00edses diferentes a Italia o de Republica dominicana deber\u00e1n ser presentadas en original y debidamente legalizadas por las\u00a0Autoridades competentes o por la Representaci\u00f3n Consular italiana del lugar de donde provienen.<\/li>\n<li><strong><u>En el caso en que uno de los interesados haya residido en otro pa\u00eds antes de 1992, es necesario adjuntar tambi\u00e9n una declaraci\u00f3n de no-naturalizaci\u00f3n expedida por las autoridades extranjeras competentes<\/u><\/strong>.<\/li>\n<\/ul>\n<p>Si el certificado es positivo, llevar\u00e1 la fecha de \u00abjuramento\u00bb o al menos la fecha de <strong><u>\u00abotorgamiento de la carta de ciudadan\u00eda\u00bb.<\/u><\/strong><\/p>\n<p>En ausencia de los datos antes mencionados ser\u00e1 necesario adquirir la \u00absentencia de naturalizaci\u00f3n\u00bb, sin la cual, por recomendaci\u00f3n del Ministerio del interior, no ser\u00e1 posible tomar el proceso de reconocimiento de la ciudadan\u00eda.<br \/>\nSi el certificado es positivo, llevar\u00e1 la fecha de \u00abjuramento\u00bb o al menos la fecha de \u00abotorgamiento de la carta de ciudadan\u00eda\u00bb.<\/p>\n<p>Las solicitudes se registrar\u00e1n en orden cronol\u00f3gico, pendientes de examen, en los t\u00e9rminos previstos en el reglamento vigente (<strong>24 meses desde la fecha de presentaci\u00f3n de la solicitud<\/strong> &#8211;\u00a0D.L. 4 octubre 2018 n. 113) y en compatibilidad con los dem\u00e1s compromisos de trabajo.<\/p>\n<p><strong>Si el examen preliminar resultara en inconsistencias, irregularidades, inexactitudes o deficiencias en la documentaci\u00f3n presentada, esta Embajada lo devolver\u00e1, excepto por la posibilidad de volver a presentar una nueva solicitud.<\/strong><\/p>\n<p>Para las referencias normativas, se invita a consultar la <a href=\"https:\/\/www.esteri.it\/it\/servizi-consolari-e-visti\/italiani-all-estero\/cittadinanza\/\">p\u00e1gina web relativa a la Ciudadan\u00eda<\/a> del sitio del Ministerio de Asuntos Exteriores Italiano.<\/p>\n<p>&nbsp;<\/p>\n","protected":false},"excerpt":{"rendered":"Se invita a los usuarios a consultar los recientes cambios en las normas sobre el reconocimiento de la ciudadan\u00eda \u201cIure Sanguinis\u201d que se explican en el siguiente enlace\u00a0 SOLICITUD DE RECONOCIMIENTO DE LA CIUDADAN\u00cdA POR DESCENDENCIA\u00a0 Las solicitudes de reconocimiento de la ciudadan\u00eda italiana por descendencia deber\u00e1n presentarse en la estaci\u00f3n consular de esta Embajada [&hellip;]","protected":false},"author":4,"featured_media":0,"parent":182,"menu_order":2,"comment_status":"closed","ping_status":"closed","template":"","meta":{"footnotes":""},"class_list":["post-2932","page","type-page","status-publish","hentry"],"_links":{"self":[{"href":"https:\/\/ambsantodomingo.esteri.it\/es\/wp-json\/wp\/v2\/pages\/2932","targetHints":{"allow":["GET"]}}],"collection":[{"href":"https:\/\/ambsantodomingo.esteri.it\/es\/wp-json\/wp\/v2\/pages"}],"about":[{"href":"https:\/\/ambsantodomingo.esteri.it\/es\/wp-json\/wp\/v2\/types\/page"}],"author":[{"embeddable":true,"href":"https:\/\/ambsantodomingo.esteri.it\/es\/wp-json\/wp\/v2\/users\/4"}],"replies":[{"embeddable":true,"href":"https:\/\/ambsantodomingo.esteri.it\/es\/wp-json\/wp\/v2\/comments?post=2932"}],"version-history":[{"count":3,"href":"https:\/\/ambsantodomingo.esteri.it\/es\/wp-json\/wp\/v2\/pages\/2932\/revisions"}],"predecessor-version":[{"id":4465,"href":"https:\/\/ambsantodomingo.esteri.it\/es\/wp-json\/wp\/v2\/pages\/2932\/revisions\/4465"}],"up":[{"embeddable":true,"href":"https:\/\/ambsantodomingo.esteri.it\/es\/wp-json\/wp\/v2\/pages\/182"}],"wp:attachment":[{"href":"https:\/\/ambsantodomingo.esteri.it\/es\/wp-json\/wp\/v2\/media?parent=2932"}],"curies":[{"name":"wp","href":"https:\/\/api.w.org\/{rel}","templated":true}]}}