{"id":314,"date":"2023-11-20T12:25:13","date_gmt":"2023-11-20T16:25:13","guid":{"rendered":"https:\/\/ambsantodomingo.esteri.it\/chi-siamo\/lambasciatore\/messaggio-dellambasciatore\/"},"modified":"2023-11-20T12:27:27","modified_gmt":"2023-11-20T16:27:27","slug":"messaggio-dellambasciatore","status":"publish","type":"page","link":"https:\/\/ambsantodomingo.esteri.it\/es\/chi-siamo\/lambasciatore\/messaggio-dellambasciatore\/","title":{"rendered":"Mensaje del Embajador"},"content":{"rendered":"<p>En el momento que me dispongo a iniciar el mandato de Jefe de Misi\u00f3n en Santo Domingo &#8211; el trig\u00e9simo enviado italiano residente desde 1898 &#8211; me gusta dirigir ante todo un pensamiento a nuestra comunidad en la Rep\u00fablica Dominicana.<\/p>\n<p>Se trata de una colectividad en continuo crecimiento, que cuenta con una larga historia de presencia en este Pa\u00eds, que ha desempe\u00f1ado un rol casi siempre central en el desarrollo de la Naci\u00f3n y que contribuye apreciablemente a su progreso. En los \u00faltimos a\u00f1os nos hemos esforzado con renovado empe\u00f1o por adaptar los servicios consulares, a menudo muy competitivos con respecto a los procedimientos an\u00e1logos en un Municipio italiano. Pensamos que ahora se debe proceder en paralelo tambi\u00e9n sobre los dem\u00e1s aspectos que caracterizan las relaciones entre las dos Naciones, y que influyen nuestra imagen ante la poblaci\u00f3n y las autoridades locales: la cooperaci\u00f3n cultural, los intercambios y las inversiones, el intercambio de conocimientos especializados, la promoci\u00f3n de un Italia innovadora, de la investigaci\u00f3n y de la tecnolog\u00eda, que merece una mejor narraci\u00f3n.<\/p>\n<p>Nos predisponemos a hacer esto en una \u00f3ptica lo m\u00e1s posible de colaboraci\u00f3n ampliada, buscando interactuar ulteriormente con las empresas, las universidades, la sociedad civil cercana a nuestro Pa\u00eds, y estimulando la \u00abdemanda de Italia\u00bb que a\u00fan puede surgir de las autoridades y del contexto local.<\/p>\n<p>Por lo tanto, estaremos muy atentos a recoger la disponibilidad y las solicitaciones que nos puedan ser dirigidas, buscando toda provechosa confrontaci\u00f3n y afinando las capacidades de escuchar. A todos los compatriotas y a los numerosos amigos de nuestro Pa\u00eds les pedimos que nos miren no s\u00f3lo como representantes del Estado, sino tambi\u00e9n como socios naturales en el com\u00fan intento de poner a disposici\u00f3n las mejores energ\u00edas de la Italia de hoy, con deseo de volver a empezar despu\u00e9s de los momentos m\u00e1s sufridos de la pandemia.<\/p>\n<p>&nbsp;<\/p>\n<p>Stefano Queirolo Palmas<\/p>\n<p>Embajador de Italia en Santo Domingo<\/p>\n","protected":false},"excerpt":{"rendered":"En el momento que me dispongo a iniciar el mandato de Jefe de Misi\u00f3n en Santo Domingo &#8211; el trig\u00e9simo enviado italiano residente desde 1898 &#8211; me gusta dirigir ante todo un pensamiento a nuestra comunidad en la Rep\u00fablica Dominicana. Se trata de una colectividad en continuo crecimiento, que cuenta con una larga historia de [&hellip;]","protected":false},"author":4,"featured_media":0,"parent":162,"menu_order":0,"comment_status":"closed","ping_status":"closed","template":"","meta":{"footnotes":""},"class_list":["post-314","page","type-page","status-publish","hentry"],"_links":{"self":[{"href":"https:\/\/ambsantodomingo.esteri.it\/es\/wp-json\/wp\/v2\/pages\/314","targetHints":{"allow":["GET"]}}],"collection":[{"href":"https:\/\/ambsantodomingo.esteri.it\/es\/wp-json\/wp\/v2\/pages"}],"about":[{"href":"https:\/\/ambsantodomingo.esteri.it\/es\/wp-json\/wp\/v2\/types\/page"}],"author":[{"embeddable":true,"href":"https:\/\/ambsantodomingo.esteri.it\/es\/wp-json\/wp\/v2\/users\/4"}],"replies":[{"embeddable":true,"href":"https:\/\/ambsantodomingo.esteri.it\/es\/wp-json\/wp\/v2\/comments?post=314"}],"version-history":[{"count":1,"href":"https:\/\/ambsantodomingo.esteri.it\/es\/wp-json\/wp\/v2\/pages\/314\/revisions"}],"predecessor-version":[{"id":316,"href":"https:\/\/ambsantodomingo.esteri.it\/es\/wp-json\/wp\/v2\/pages\/314\/revisions\/316"}],"up":[{"embeddable":true,"href":"https:\/\/ambsantodomingo.esteri.it\/es\/wp-json\/wp\/v2\/pages\/162"}],"wp:attachment":[{"href":"https:\/\/ambsantodomingo.esteri.it\/es\/wp-json\/wp\/v2\/media?parent=314"}],"curies":[{"name":"wp","href":"https:\/\/api.w.org\/{rel}","templated":true}]}}