{"id":5132,"date":"2025-09-17T12:21:22","date_gmt":"2025-09-17T16:21:22","guid":{"rendered":"https:\/\/ambsantodomingo.esteri.it\/servizi-consolari-e-visti\/servizi-per-il-cittadino-italiano\/a-i-r-e-anagrafe-italiani-residenti-allestero\/rassegna-business-insights-from-italy-a-letter-to-international-investors\/"},"modified":"2026-03-25T14:13:24","modified_gmt":"2026-03-25T18:13:24","slug":"rassegna-business-insights-from-italy-a-letter-to-international-investors","status":"publish","type":"page","link":"https:\/\/ambsantodomingo.esteri.it\/es\/italia-e-repubblica-dominicana\/diplomazia-economica\/fare-affari-in-italia\/rassegna-business-insights-from-italy-a-letter-to-international-investors\/","title":{"rendered":"Rassegna \u00abBUSINESS INSIGHTS FROM ITALY \u2013 A LETTER TO INTERNATIONAL INVESTORS\u00bb"},"content":{"rendered":"<p><em data-start=\"473\" data-end=\"503\">Business Insights from Italy<\/em> es una publicaci\u00f3n en lengua ingl\u00e9s de <strong data-start=\"526\" data-end=\"561\">The European House \u2013 Ambrosetti<\/strong>, elaborada en colaboraci\u00f3n con el <strong data-start=\"596\" data-end=\"673\">Ministerio de Asuntos Exteriores y de Cooperaci\u00f3n Internacional de Italia<\/strong>. La publicaci\u00f3n ofrece actualizaciones sobre el escenario macroecon\u00f3mico italiano, sobre los sectores industriales del pa\u00eds y sobre las pol\u00edticas dirigidas a los inversionistas extranjeros.<\/p>\n<p>A continuaci\u00f3n, las publicaciones mensuales:<\/p>\n<ul>\n<li><a href=\"https:\/\/ambsantodomingo.esteri.it\/wp-content\/uploads\/2026\/03\/20.-BUSINESS-INSIGHTS-FROM-ITALY-NUMERO-DI-MARZO-2026.pdf\">Marzo 2026<\/a><\/li>\n<li><a href=\"https:\/\/ambsantodomingo.esteri.it\/wp-content\/uploads\/2026\/02\/19.-BUSINESS-INSIGHTS-FROM-ITALY-NUMERO-DI-FEBBRAIO-2026.pdf\">Febrero 2026<\/a><\/li>\n<li><a href=\"https:\/\/ambsantodomingo.esteri.it\/wp-content\/uploads\/2026\/02\/18.-BUSINESS-INSIGHTS-FROM-ITALY-NUMERO-DI-GENNAIO-2026.pdf\">Enero 2026<\/a><\/li>\n<li><a href=\"https:\/\/ambsantodomingo.esteri.it\/wp-content\/uploads\/2025\/12\/17.-BUSINESS-INSIGHTS-FROM-ITALY-NUMERO-DI-DICEMBRE-2025.pdf\">Diciembre 2025<\/a><\/li>\n<li><a href=\"https:\/\/ambsantodomingo.esteri.it\/wp-content\/uploads\/2025\/12\/16.-BUSINESS-INSIGHTS-FROM-ITALY-NUMERO-DI-NOVEMBRE-2025.pdf\">Noviembre 2025<\/a><\/li>\n<li><a href=\"https:\/\/ambsantodomingo.esteri.it\/wp-content\/uploads\/2025\/10\/15.-BUSINESS-INSIGHTS-FROM-ITALY-NUMERO-DI-OTTOBRE-2025.pdf\">Octubre 2025<\/a><\/li>\n<li><a href=\"https:\/\/ambsantodomingo.esteri.it\/wp-content\/uploads\/2025\/09\/14.-BUSINESS-INSIGHTS-FROM-ITALY-NUMERO-DI-SETTEMBRE-2025.pdf\">Septiembre 2025<\/a><\/li>\n<li><a href=\"https:\/\/ambsantodomingo.esteri.it\/wp-content\/uploads\/2025\/09\/13.-BUSINESS-INSIGHTS-FROM-ITALY-NUMERO-DI-AGOSTO-2025.pdf\">Agosto 2025<\/a><\/li>\n<li><a href=\"https:\/\/ambsantodomingo.esteri.it\/wp-content\/uploads\/2025\/09\/12.-BUSINESS-INSIGHTS-FROM-ITALY-NUMERO-DI-LUGLIO-2025.pdf\">Julio 2025<\/a><\/li>\n<li><a href=\"https:\/\/ambsantodomingo.esteri.it\/wp-content\/uploads\/2025\/09\/11.-BUSINESS-INSIGHTS-FROM-ITALY-NUMERO-DI-GIUGNO-2025.pdf\">Junio 2025<\/a><\/li>\n<li><a href=\"https:\/\/ambsantodomingo.esteri.it\/wp-content\/uploads\/2025\/09\/10.-BUSINESS-INSIGHTS-FROM-ITALY-NUMERO-DI-MAGGIO-2025.pdf\">Mayo 2025<\/a><\/li>\n<li><a href=\"https:\/\/ambsantodomingo.esteri.it\/wp-content\/uploads\/2025\/09\/9.-BUSINESS-INSIGHTS-FROM-ITALY-NUMERO-DI-APRILE-2025.pdf\">Abril 2025<\/a><\/li>\n<li><a href=\"https:\/\/ambsantodomingo.esteri.it\/wp-content\/uploads\/2025\/09\/8.-BUSINESS-INSIGHTS-FROM-ITALY-NUMERO-DI-MARZO-2025.pdf\">Marzo 2025<\/a><\/li>\n<li><a href=\"https:\/\/ambsantodomingo.esteri.it\/wp-content\/uploads\/2025\/09\/7.-BUSINESS-INSIGHTS-FROM-ITALY-NUMERO-DI-FEBBRAIO-2025.pdf\">Febrero 2025<\/a><\/li>\n<li><a href=\"https:\/\/ambsantodomingo.esteri.it\/wp-content\/uploads\/2025\/09\/6.-BUSINESS-INSIGHTS-FROM-ITALY-NUMERO-DI-GENNAIO-2025.pdf\">Enero 2025<\/a><\/li>\n<li><a href=\"https:\/\/ambsantodomingo.esteri.it\/wp-content\/uploads\/2025\/09\/5.-BUSINESS-INSIGHTS-FROM-ITALY-NUMERO-DI-DICEMBRE-2024.pdf\">Deciembre 2024<\/a><\/li>\n<li><a href=\"https:\/\/ambsantodomingo.esteri.it\/wp-content\/uploads\/2025\/09\/4.-BUSINESS-INSIGHTS-FROM-ITALY-NUMERO-DI-NOVEMBRE-2024.pdf\">Noviembre 2024<\/a><\/li>\n<li><a href=\"https:\/\/ambsantodomingo.esteri.it\/wp-content\/uploads\/2025\/09\/3.-BUSINESS-INSIGHTS-FROM-ITALY-NUMERO-DI-OTTOBRE-2024.pdf\">Octubre 2024<\/a><\/li>\n<li><a href=\"https:\/\/ambsantodomingo.esteri.it\/wp-content\/uploads\/2025\/09\/2.-BUSINESS-INSIGHTS-FROM-ITALY_-NUMERO-DI-SETTEMBRE-2024.pdf\">Septiembre 2024<\/a><\/li>\n<li><a href=\"https:\/\/ambsantodomingo.esteri.it\/wp-content\/uploads\/2025\/09\/1.-BUSINESS-INSIGHTS-FROM-ITALY_-NUMERO-DI-LUGLIO-2024.pdf\">Julio 2024<\/a><\/li>\n<\/ul>\n","protected":false},"excerpt":{"rendered":"Business Insights from Italy es una publicaci\u00f3n en lengua ingl\u00e9s de The European House \u2013 Ambrosetti, elaborada en colaboraci\u00f3n con el Ministerio de Asuntos Exteriores y de Cooperaci\u00f3n Internacional de Italia. La publicaci\u00f3n ofrece actualizaciones sobre el escenario macroecon\u00f3mico italiano, sobre los sectores industriales del pa\u00eds y sobre las pol\u00edticas dirigidas a los inversionistas extranjeros. [&hellip;]","protected":false},"author":8,"featured_media":5136,"parent":152,"menu_order":0,"comment_status":"closed","ping_status":"closed","template":"","meta":{"footnotes":""},"class_list":["post-5132","page","type-page","status-publish","has-post-thumbnail","hentry"],"_links":{"self":[{"href":"https:\/\/ambsantodomingo.esteri.it\/es\/wp-json\/wp\/v2\/pages\/5132","targetHints":{"allow":["GET"]}}],"collection":[{"href":"https:\/\/ambsantodomingo.esteri.it\/es\/wp-json\/wp\/v2\/pages"}],"about":[{"href":"https:\/\/ambsantodomingo.esteri.it\/es\/wp-json\/wp\/v2\/types\/page"}],"author":[{"embeddable":true,"href":"https:\/\/ambsantodomingo.esteri.it\/es\/wp-json\/wp\/v2\/users\/8"}],"replies":[{"embeddable":true,"href":"https:\/\/ambsantodomingo.esteri.it\/es\/wp-json\/wp\/v2\/comments?post=5132"}],"version-history":[{"count":5,"href":"https:\/\/ambsantodomingo.esteri.it\/es\/wp-json\/wp\/v2\/pages\/5132\/revisions"}],"predecessor-version":[{"id":5954,"href":"https:\/\/ambsantodomingo.esteri.it\/es\/wp-json\/wp\/v2\/pages\/5132\/revisions\/5954"}],"up":[{"embeddable":true,"href":"https:\/\/ambsantodomingo.esteri.it\/es\/wp-json\/wp\/v2\/pages\/152"}],"wp:featuredmedia":[{"embeddable":true,"href":"https:\/\/ambsantodomingo.esteri.it\/es\/wp-json\/wp\/v2\/media\/5136"}],"wp:attachment":[{"href":"https:\/\/ambsantodomingo.esteri.it\/es\/wp-json\/wp\/v2\/media?parent=5132"}],"curies":[{"name":"wp","href":"https:\/\/api.w.org\/{rel}","templated":true}]}}