{"id":5558,"date":"2025-07-09T15:49:17","date_gmt":"2025-07-09T19:49:17","guid":{"rendered":"https:\/\/ambsantodomingo.esteri.it\/?page_id=5558"},"modified":"2026-03-15T09:46:40","modified_gmt":"2026-03-15T13:46:40","slug":"adquisicion-de-la-ciudadania-por-beneficio-de-ley-hijos-menores-nacidos-en-el-extranjero","status":"publish","type":"page","link":"https:\/\/ambsantodomingo.esteri.it\/es\/servizi-consolari-e-visti\/servizi-per-il-cittadino-italiano\/albo-consolare-e-altri-servizi\/2700-2\/adquisicion-de-la-ciudadania-por-beneficio-de-ley-hijos-menores-nacidos-en-el-extranjero\/","title":{"rendered":"Adquisici\u00f3n de la ciudadan\u00eda por \u201cbeneficio de ley\u201d (hijos menores nacidos en el extranjero)"},"content":{"rendered":"<p><strong>Adquisici\u00f3n de la ciudadan\u00eda por \u201cbeneficio de ley\u201d (hijos menores nacidos en el extranjero)<\/strong><\/p>\n<p>En dos casos, previstos por el apartado 1-bis del art\u00edculo 4 de la Ley n.\u00ba 91\/1992 y por el art\u00edculo 1, apartado 1-ter del Decreto-ley n.\u00ba 36\/2025, los hijos menores de edad nacidos en el extranjero de progenitor ciudadano que no transmite autom\u00e1ticamente la ciudadan\u00eda pueden adquirir la ciudadan\u00eda italiana.<\/p>\n<p>El menor que se beneficie de ello no ser\u00e1 ciudadano por nacimiento ni\u00a0<em>iure sanguinis<\/em>.<\/p>\n<p>De conformidad con el art\u00edculo 15 de la Ley n.\u00ba 91\/1992, el menor no adquiere la ciudadan\u00eda desde el d\u00eda del nacimiento, sino desde el d\u00eda siguiente a aquel en que se hayan verificado las condiciones previstas por la ley.<\/p>\n<p><strong>En el primer caso<\/strong>\u00a0<strong>(p\u00e1rrafo 1-bis del art\u00edculo 4 de la ley n. 91\/1992)<\/strong>\u00a0se deben poseer\u00a0<strong>conjuntamente<\/strong>\u00a0las siguientes condiciones:<\/p>\n<ul>\n<li><strong>Uno de los padres es ciudadano\u00a0por nacimiento\u00a0(iure sanguinis)<\/strong>.\u00a0\u00a0<strong>Por lo tanto, se excluyen los casos de ciudadanos por<\/strong>\u00a0<strong>naturalizaci\u00f3n conforme al art\u00edculo 9<\/strong>\u00a0de la ley n. 91\/1992 o\u00a0<strong>\u201cpor beneficio de ley\u201d conforme al art\u00edculo 4 de la ley n. 91\/1992<\/strong>\u00a0<strong>o\u00a0por matrimonio conforme al art\u00edculo 5 de la ley n. 91\/1992<\/strong>\u00a0o del art\u00edculo 10 de la ley n. 555\/1912 o\u00a0<strong>por re-adquisici\u00f3n conforme al a los art\u00edculos 13 o 17 de la ley n. 91\/1992 o iuris\u00a0communicatione<\/strong><u>\u00a0<\/u><strong>(art.14 de la ley n. 91\/1992).<\/strong><\/li>\n<li><strong>Ambos padres<\/strong>\u00a0(incluido el padre extranjero) presentan una\u00a0<strong>declaraci\u00f3n de voluntad de adquisici\u00f3n de la<\/strong>\u00a0<strong>ciudadan\u00eda <span style=\"text-decoration: underline;\">dentro tres a\u00f1os<\/span> a partir del nacimiento<\/strong>, que debe realizarse en la Embajada frente al funcionario encargado.<\/li>\n<\/ul>\n<p>Para solicitar una cita con la oficina de ciudadan\u00eda, es necesario que el padre o la madre italiana solicita una cita on line en el portal <a href=\"https:\/\/prenotami.esteri.it\/\">Home Page &#8211; Prenot@Mi<\/a>\u00a0 por el servicio <strong><em><u>\u201cDichiarazione di Volont\u00e0 acquisto cittadinanza italiana per minori \u2013 Legge 74\/2026\u201d<\/u><\/em><\/strong> para realizar la Declaraci\u00f3n adjuntando a la solicitud on line el acta de nacimiento del menor y el d\u00eda de la cita deber\u00e1\u2019 llevar la siguiente documentaci\u00f3n:<\/p>\n<ul>\n<li><strong><u>acta de nacimiento con las respectivas legalizaciones<\/u><\/strong> (tanto del acta como de la traducci\u00f3n al italiano);<\/li>\n<li><strong><u>pasaporte italiano del padre o madre italiana m\u00e1s copia a color, documento identificativo del otro progenitor m\u00e1s copia a color y pasaporte dominicano o de otro pa\u00eds extranjero del menor m\u00e1s copia a color<\/u><\/strong>;<\/li>\n<li><strong><u>prueba de residencia actual<\/u><\/strong>.<\/li>\n<\/ul>\n<p>En el caso que la ciudadan\u00eda italiana a unos de los padres ha sido reconocida en otra Embajada o Consulado italiano de otro pa\u00eds es necesaria una declaraci\u00f3n o certificaci\u00f3n que la reconstrucci\u00f3n de ciudadan\u00eda ha sido efectuada en la fecha anterior al 28 de marzo 2025 por la Embajada o Consulado de Italia competente.<\/p>\n<p><strong>El segundo caso<\/strong>\u00a0<strong>(p\u00e1rrafo 1-ter del art\u00edculo 1 del decreto ley n. 36\/2025)<\/strong>\u00a0se aplica cuando se cumplen todas las siguientes condiciones:<\/p>\n<ul>\n<li>personas\u00a0<strong>menores de edad en la fecha de entrada en vigor de la ley de conversi\u00f3n<\/strong>, es decir, a partir de los menores\u00a0<strong>que tienen tres a\u00f1os cumplidos<\/strong>\u00a0y que no hab\u00edan cumplido 18 a\u00f1os al\u00a0<strong>24 de mayo de 2025<\/strong>;<\/li>\n<li><strong>hijos de ciudadanos\u00a0por nacimiento\u00a0que se encuentran en las condiciones previstas por las letras a), a-bis) y b) del art\u00edculo 3-bis de la ley n. 91\/1992\u00a0por lo tanto, se excluyen los casos de ciudadanos por<\/strong>\u00a0<strong>naturalizaci\u00f3n conforme al art\u00edculo 9<\/strong>\u00a0de la ley n. 91\/1992 o\u00a0<strong>\u201cpor beneficio de ley\u201d conforme al art\u00edculo 4 de la ley n. 91\/1992<\/strong>\u00a0<strong>o\u00a0por matrimonio conforme al art\u00edculo 5 de la ley n. 91\/1992<\/strong>\u00a0o del art\u00edculo 10 de la ley n. 555\/1912 o\u00a0<strong>por re-adquisici\u00f3n conforme al a los art\u00edculos 13 o 17 de la ley n. 91\/1992 o iuris\u00a0communicatione<\/strong><u>\u00a0<\/u><strong>(art.14 de la ley n. 91\/1992).\u00a0<\/strong>En otras palabras,\u00a0<strong>los padres,\u00a0deben ser reconocidos como\u00a0ciudadanos en base a una solicitud administrativa o judicial presentada antes de las 23.59 (hora de Roma) del 27 de marzo de 2025<\/strong>\u00a0o en base a una solicitud presentada seg\u00fan una cita comunicada por la Oficina consular o el Ayuntamiento antes de la misma fecha;<\/li>\n<li>en este caso, la declaraci\u00f3n de los padres o del tutor debe presentarse a la Oficina consular antes del\u00a0<strong>31 de mayo de 2029<\/strong>. Si el interesado, menor de edad en la fecha del 24 de mayo de 2025, se convierte en mayor de edad en el \u00ednterin, la declaraci\u00f3n deber\u00e1 ser presentada por \u00e9l personalmente antes de la misma fecha.<\/li>\n<\/ul>\n<p>Para solicitar una cita con la oficina de ciudadan\u00eda, es necesario que el padre o la madre italiana solicita una cita on line en el portal <a href=\"https:\/\/prenotami.esteri.it\/\">Home Page &#8211; Prenot@Mi<\/a>\u00a0 por el servicio <strong><em><u>\u201cDichiarazione di Volont\u00e0 acquisto cittadinanza italiana per minori \u2013 Legge 74\/2026\u201d<\/u><\/em><\/strong> para realizar la Declaraci\u00f3n adjuntando a la solicitud on line el acta de nacimiento del menor y el d\u00eda de la cita deber\u00e1\u2019 llevar la siguiente documentaci\u00f3n:<\/p>\n<ul>\n<li><strong><u>acta de nacimiento con las respectivas legalizaciones<\/u><\/strong> (tanto del acta como de la traducci\u00f3n al italiano);<\/li>\n<li><strong><u>pasaporte italiano del padre o madre italiana m\u00e1s copia a color, documento identificativo del otro progenitor m\u00e1s copia a color y pasaporte dominicano o de otro pa\u00eds extranjero del menor m\u00e1s copia a color<\/u><\/strong>;<\/li>\n<li><strong><u>prueba de residencia actual<\/u><\/strong>.<\/li>\n<\/ul>\n<p>En el caso que la ciudadan\u00eda italiana a unos de los padres ha sido reconocida en otra Embajada o Consulado italiano de otro pa\u00eds es necesaria una declaraci\u00f3n o certificaci\u00f3n que la reconstrucci\u00f3n de ciudadan\u00eda ha sido efectuada en la fecha anterior al 28 de marzo 2025 por la Embajada o Consulado de Italia competente.<\/p>\n","protected":false},"excerpt":{"rendered":"Adquisici\u00f3n de la ciudadan\u00eda por \u201cbeneficio de ley\u201d (hijos menores nacidos en el extranjero) En dos casos, previstos por el apartado 1-bis del art\u00edculo 4 de la Ley n.\u00ba 91\/1992 y por el art\u00edculo 1, apartado 1-ter del Decreto-ley n.\u00ba 36\/2025, los hijos menores de edad nacidos en el extranjero de progenitor ciudadano que no [&hellip;]","protected":false},"author":8,"featured_media":0,"parent":2700,"menu_order":3,"comment_status":"closed","ping_status":"closed","template":"","meta":{"footnotes":""},"class_list":["post-5558","page","type-page","status-publish","hentry"],"_links":{"self":[{"href":"https:\/\/ambsantodomingo.esteri.it\/es\/wp-json\/wp\/v2\/pages\/5558","targetHints":{"allow":["GET"]}}],"collection":[{"href":"https:\/\/ambsantodomingo.esteri.it\/es\/wp-json\/wp\/v2\/pages"}],"about":[{"href":"https:\/\/ambsantodomingo.esteri.it\/es\/wp-json\/wp\/v2\/types\/page"}],"author":[{"embeddable":true,"href":"https:\/\/ambsantodomingo.esteri.it\/es\/wp-json\/wp\/v2\/users\/8"}],"replies":[{"embeddable":true,"href":"https:\/\/ambsantodomingo.esteri.it\/es\/wp-json\/wp\/v2\/comments?post=5558"}],"version-history":[{"count":4,"href":"https:\/\/ambsantodomingo.esteri.it\/es\/wp-json\/wp\/v2\/pages\/5558\/revisions"}],"predecessor-version":[{"id":5913,"href":"https:\/\/ambsantodomingo.esteri.it\/es\/wp-json\/wp\/v2\/pages\/5558\/revisions\/5913"}],"up":[{"embeddable":true,"href":"https:\/\/ambsantodomingo.esteri.it\/es\/wp-json\/wp\/v2\/pages\/2700"}],"wp:attachment":[{"href":"https:\/\/ambsantodomingo.esteri.it\/es\/wp-json\/wp\/v2\/media?parent=5558"}],"curies":[{"name":"wp","href":"https:\/\/api.w.org\/{rel}","templated":true}]}}