{"id":5914,"date":"2026-03-18T08:24:08","date_gmt":"2026-03-18T12:24:08","guid":{"rendered":"https:\/\/ambsantodomingo.esteri.it\/?page_id=5914"},"modified":"2026-03-18T13:23:08","modified_gmt":"2026-03-18T17:23:08","slug":"ferias-internacionales-en-italia-en-2026","status":"publish","type":"page","link":"https:\/\/ambsantodomingo.esteri.it\/es\/italia-e-repubblica-dominicana\/diplomazia-economica\/fare-affari-in-italia\/ferias-internacionales-en-italia-en-2026\/","title":{"rendered":"Ferias internacionales en Italia en 2026"},"content":{"rendered":"<p data-start=\"0\" data-end=\"77\"><strong data-start=\"0\" data-end=\"43\">PRESENTACI\u00d3N DEL CALENDARIO FERIAL 2026<\/strong><\/p>\n<p>Las ferias comerciales constituyen un pilar estrat\u00e9gico del sistema econ\u00f3mico italiano, al servir como una plataforma indispensable para exhibir y promover las cadenas productivas del Made in Italy en los mercados internacionales.<\/p>\n<p data-start=\"313\" data-end=\"656\">Italia ocupa el c<strong>uarto lugar a nivel mundial<\/strong> en superficie expositiva cubierta (2,5 millones de metros cuadrados), detr\u00e1s de China, Estados Unidos y Alemania. En t\u00e9rminos de facturaci\u00f3n, Italia es el <strong>tercer pa\u00eds de Europa<\/strong>, detr\u00e1s de Alemania y Francia y por delante de Espa\u00f1a, que es el pa\u00eds europeo de m\u00e1s r\u00e1pido crecimiento en este sector.<\/p>\n<p data-start=\"658\" data-end=\"1049\">Las ferias italianas son una expresi\u00f3n directa del sistema econ\u00f3mico nacional m\u00e1s orientado hacia los mercados exteriores, estructurado en torno a cinco sectores clave: <strong>agroalimentario, construcci\u00f3n-mobiliario, moda-belleza, tecnolog\u00eda y ocio<\/strong>. Estos sectores representan el coraz\u00f3n de las exportaciones del Made in Italy, al concentrar el 63% del valor total de las exportaciones del pa\u00eds.<\/p>\n<p data-start=\"1051\" data-end=\"1253\">En 2025 se celebraron<strong> 915 ferias, en su mayor\u00eda con enfoque B2B,<\/strong> que atrajeron a m\u00e1s de 17 millones de visitantes. Adem\u00e1s, durante 2025 se organizaron 89 ferias italianas en el exterior, en 20 pa\u00edses.<\/p>\n<p data-start=\"1255\" data-end=\"1709\">Para 2026 est\u00e1n previstos 878 eventos, entre ellos 276 ferias internacionales y 202 nacionales. Los sectores de alimentos, bebidas y hospitalidad representar\u00e1n el 12% del total de eventos, seguidos por textiles, confecci\u00f3n y moda con el 11%, junto con el segmento combinado de deporte, hobbies, entretenimiento y arte. Tambi\u00e9n destacan tecnolog\u00eda y mec\u00e1nica (9%), agricultura, silvicultura y ganader\u00eda (8%), as\u00ed como joyer\u00eda, relojes y accesorios (7%).<\/p>\n<p data-start=\"1711\" data-end=\"2746\">La Agencia Italiana de Comercio Exterior representa el brazo operativo del Ministerio de Asuntos Exteriores para la promoci\u00f3n internacional y desempe\u00f1a el papel principal en el apoyo a las exportaciones a trav\u00e9s de las ferias. En 2025 asign\u00f3 m\u00e1s de 200 millones de euros para apoyar programas de internacionalizaci\u00f3n de las pymes, invirtiendo m\u00e1s de 90 millones de euros para respaldar su participaci\u00f3n en ferias y eventos en el exterior, y otros 35 millones de euros para atraer operadores internacionales a las ferias italianas. La Agencia organiz\u00f3 aproximadamente 245 pabellones nacionales en ferias en el extranjero, permitiendo la participaci\u00f3n de 6.560 empresas italianas. Tambi\u00e9n organiz\u00f3 125 pabellones de compradores invitados en ferias en Italia, que atrajeron a 11.500 operadores extranjeros a eventos en todo el pa\u00eds. Las ferias y eventos en el extranjero representaron el 46,7% de las actividades, mientras que las delegaciones invitadas a ferias italianas representaron el 15,9%.<\/p>\n<p data-start=\"1711\" data-end=\"2746\">En t\u00e9rminos de distribuci\u00f3n geogr\u00e1fica:<\/p>\n<ul>\n<li>Italia: 28,2%<\/li>\n<li>Europa: 22,6%<\/li>\n<li>Asia: 20,0%<\/li>\n<li>Am\u00e9rica del Norte: 14,9%<\/li>\n<li>\u00c1frica: 2,9%<\/li>\n<li>Am\u00e9rica Central y del Sur: 2,6%<\/li>\n<li>Ocean\u00eda: 0,7%<\/li>\n<li>Iniciativas multimercado: 8,1%<\/li>\n<\/ul>\n<p data-start=\"2934\" data-end=\"2987\"><strong data-start=\"2934\" data-end=\"2987\">El sistema ferial italiano \u2013 Datos y cifras clave<\/strong><\/p>\n<p><strong data-start=\"2991\" data-end=\"3020\">Posici\u00f3n global y europea<\/strong><\/p>\n<ul>\n<li>4.\u00ba a nivel mundial por superficie expositiva cubierta: 2,5 millones de m\u00b2, detr\u00e1s de China, Estados Unidos y Alemania<\/li>\n<li>3.\u00ba en Europa por facturaci\u00f3n, despu\u00e9s de Alemania y Francia, por delante de Espa\u00f1a (el mercado de m\u00e1s r\u00e1pido crecimiento)<\/li>\n<\/ul>\n<p data-start=\"3272\" data-end=\"3401\"><strong data-start=\"3274\" data-end=\"3299\">Sectores estrat\u00e9gicos<\/strong><br data-start=\"3299\" data-end=\"3302\" \/>Las ferias italianas reflejan la vocaci\u00f3n exportadora del pa\u00eds, centrada en cinco grandes sectores:<\/p>\n<ul>\n<li data-start=\"3403\" data-end=\"3495\">Agroalimentario<\/li>\n<li data-start=\"3403\" data-end=\"3495\">Construcci\u00f3n y mobiliario<\/li>\n<li data-start=\"3403\" data-end=\"3495\">Moda y belleza<\/li>\n<li data-start=\"3403\" data-end=\"3495\">Tecnolog\u00eda<\/li>\n<li data-start=\"3403\" data-end=\"3495\">Ocio<\/li>\n<\/ul>\n<p data-start=\"3497\" data-end=\"3575\">Estos sectores representan en conjunto el 63% de las exportaciones nacionales.<\/p>\n<p><strong data-start=\"3579\" data-end=\"3606\">Importancia estrat\u00e9gica<\/strong><\/p>\n<ul>\n<li>Las ferias son un pilar del sistema econ\u00f3mico italiano<\/li>\n<li>Act\u00faan como motores multiplicadores de la econom\u00eda real<\/li>\n<li>Son herramientas esenciales para promover en el exterior las cadenas productivas del Made in Italy<\/li>\n<\/ul>\n<p data-start=\"3830\" data-end=\"4012\"><strong data-start=\"3832\" data-end=\"3849\">Panorama 2025<\/strong><\/p>\n<ul>\n<li data-start=\"3830\" data-end=\"4012\">915 ferias celebradas en Italia<\/li>\n<li data-start=\"3830\" data-end=\"4012\">Mayoritariamente B2B<\/li>\n<li data-start=\"3830\" data-end=\"4012\">M\u00e1s de 17 millones de visitantes<\/li>\n<li data-start=\"3830\" data-end=\"4012\">89 ferias italianas en el exterior, organizadas en 20 pa\u00edses<\/li>\n<\/ul>\n<p><strong data-start=\"4016\" data-end=\"4034\">Previsi\u00f3n 2026<\/strong><\/p>\n<p>Se esperan 878 eventos, entre ellos:<\/p>\n<ul>\n<li>276 ferias internacionales<\/li>\n<li>202 ferias nacionales<\/li>\n<\/ul>\n<p data-start=\"4140\" data-end=\"4418\">Distribuci\u00f3n sectorial:<\/p>\n<ul>\n<li data-start=\"4140\" data-end=\"4418\">12% alimentos, bebidas y hospitalidad<\/li>\n<li data-start=\"4140\" data-end=\"4418\">11% textiles, confecci\u00f3n y moda<\/li>\n<li data-start=\"4140\" data-end=\"4418\">11% deportes, hobbies, entretenimiento y arte<\/li>\n<li data-start=\"4140\" data-end=\"4418\">9% tecnolog\u00eda y mec\u00e1nica<\/li>\n<li data-start=\"4140\" data-end=\"4418\">8% agricultura, silvicultura y ganader\u00eda<\/li>\n<li data-start=\"4140\" data-end=\"4418\">7% joyer\u00eda, relojes y accesorios<\/li>\n<\/ul>\n<p><strong data-start=\"4422\" data-end=\"4485\">Papel de la Agencia Italiana de Comercio Exterior (ITA\/ICE)<\/strong><\/p>\n<ul>\n<li data-start=\"4420\" data-end=\"4638\">Brazo operativo del MAECI para la promoci\u00f3n internacional<\/li>\n<li data-start=\"4420\" data-end=\"4638\">Principal apoyo a las cadenas productivas y a las exportaciones a trav\u00e9s de las ferias<\/li>\n<\/ul>\n<p data-start=\"4640\" data-end=\"4929\"><strong data-start=\"4640\" data-end=\"4680\">Inversiones de ITA en ferias en 2025<\/strong><\/p>\n<ul>\n<li data-start=\"4640\" data-end=\"4929\">M\u00e1s de 200 millones de euros para la internacionalizaci\u00f3n de las pymes<\/li>\n<li data-start=\"4640\" data-end=\"4929\">M\u00e1s de 90 millones de euros para apoyar la participaci\u00f3n en ferias en el exterior<\/li>\n<li data-start=\"4640\" data-end=\"4929\">35 millones de euros para atraer compradores internacionales a las ferias italianas<\/li>\n<\/ul>\n<p data-start=\"4640\" data-end=\"4929\">A este enlace es posible consultar el <a href=\"https:\/\/ambsantodomingo.esteri.it\/wp-content\/uploads\/2026\/03\/2026-TRADE-FAIR-CALENDAR.xlsx\">calendario completo de las ferias<\/a>.<\/p>\n","protected":false},"excerpt":{"rendered":"PRESENTACI\u00d3N DEL CALENDARIO FERIAL 2026 Las ferias comerciales constituyen un pilar estrat\u00e9gico del sistema econ\u00f3mico italiano, al servir como una plataforma indispensable para exhibir y promover las cadenas productivas del Made in Italy en los mercados internacionales. Italia ocupa el cuarto lugar a nivel mundial en superficie expositiva cubierta (2,5 millones de metros cuadrados), detr\u00e1s [&hellip;]","protected":false},"author":8,"featured_media":0,"parent":152,"menu_order":1,"comment_status":"closed","ping_status":"closed","template":"","meta":{"footnotes":""},"class_list":["post-5914","page","type-page","status-publish","hentry"],"_links":{"self":[{"href":"https:\/\/ambsantodomingo.esteri.it\/es\/wp-json\/wp\/v2\/pages\/5914","targetHints":{"allow":["GET"]}}],"collection":[{"href":"https:\/\/ambsantodomingo.esteri.it\/es\/wp-json\/wp\/v2\/pages"}],"about":[{"href":"https:\/\/ambsantodomingo.esteri.it\/es\/wp-json\/wp\/v2\/types\/page"}],"author":[{"embeddable":true,"href":"https:\/\/ambsantodomingo.esteri.it\/es\/wp-json\/wp\/v2\/users\/8"}],"replies":[{"embeddable":true,"href":"https:\/\/ambsantodomingo.esteri.it\/es\/wp-json\/wp\/v2\/comments?post=5914"}],"version-history":[{"count":3,"href":"https:\/\/ambsantodomingo.esteri.it\/es\/wp-json\/wp\/v2\/pages\/5914\/revisions"}],"predecessor-version":[{"id":5921,"href":"https:\/\/ambsantodomingo.esteri.it\/es\/wp-json\/wp\/v2\/pages\/5914\/revisions\/5921"}],"up":[{"embeddable":true,"href":"https:\/\/ambsantodomingo.esteri.it\/es\/wp-json\/wp\/v2\/pages\/152"}],"wp:attachment":[{"href":"https:\/\/ambsantodomingo.esteri.it\/es\/wp-json\/wp\/v2\/media?parent=5914"}],"curies":[{"name":"wp","href":"https:\/\/api.w.org\/{rel}","templated":true}]}}