{"id":748,"date":"2023-11-21T15:50:04","date_gmt":"2023-11-21T19:50:04","guid":{"rendered":"https:\/\/ambsantodomingo.esteri.it\/servizi-consolari-e-visti\/servizi-per-il-cittadino-italiano\/albo-consolare-e-altri-servizi\/calendario-delle-festivita-nazionali\/"},"modified":"2026-01-08T08:31:53","modified_gmt":"2026-01-08T12:31:53","slug":"calendario-delle-festivita-nazionali","status":"publish","type":"page","link":"https:\/\/ambsantodomingo.esteri.it\/es\/servizi-consolari-e-visti\/servizi-per-il-cittadino-italiano\/albo-consolare-e-altri-servizi\/calendario-delle-festivita-nazionali\/","title":{"rendered":"Calendario delle festivit\u00e0 nazionali"},"content":{"rendered":"<p><strong>Festividades observadas por la Embajada y la Canciller\u00eda Consular para el a\u00f1o 2026 (NO por Almaviva)\u00a0<\/strong><\/p>\n<table width=\"86%\">\n<tbody>\n<tr>\n<td width=\"32%\"><strong>FECHA<\/strong><\/td>\n<td width=\"67%\"><strong>DESCRIPCION<\/strong><\/td>\n<\/tr>\n<tr>\n<td width=\"32%\"><strong>Jueves <\/strong>1\u00b0 de enero<\/td>\n<td width=\"67%\"><strong>A\u00f1o Nuevo<\/strong><\/td>\n<\/tr>\n<tr>\n<td width=\"32%\"><strong>Martes <\/strong>6 de enero<\/td>\n<td width=\"67%\"><strong>Epifan\u00eda<\/strong><\/td>\n<\/tr>\n<tr>\n<td width=\"32%\"><strong>Viernes<\/strong> 27 de febrero<\/td>\n<td width=\"67%\"><strong>D\u00eda de la Independencia Dominicana<\/strong><\/td>\n<\/tr>\n<tr>\n<td width=\"32%\"><strong>Viernes<\/strong> 3 de abril<\/td>\n<td width=\"67%\"><strong>Viernes Santo<\/strong><\/td>\n<\/tr>\n<tr>\n<td width=\"32%\"><strong>Lunes\u00a0 <\/strong>6 de abril<\/td>\n<td width=\"67%\"><strong>Lunes del \u00c1ngel<\/strong><\/td>\n<\/tr>\n<tr>\n<td width=\"32%\"><strong>Sabado <\/strong>25 de aprile<\/td>\n<td width=\"67%\"><strong>D\u00eda de la Liberaci\u00f3n del Nazi-Fascismo<\/strong><\/td>\n<\/tr>\n<tr>\n<td width=\"32%\"><strong>Viernes <\/strong>1\u00b0 de mayo<\/td>\n<td width=\"67%\"><strong>D\u00eda del Trabajo<\/strong><\/td>\n<\/tr>\n<tr>\n<td width=\"32%\"><strong>Martes <\/strong>2 de junio<\/td>\n<td width=\"67%\"><strong>D\u00eda de la Rep\u00fablica Italiana\u00a0<\/strong><\/td>\n<\/tr>\n<tr>\n<td width=\"32%\"><strong>Martes <\/strong>8 de diciembre<\/td>\n<td width=\"67%\"><strong>D\u00eda de la Inmaculada Concepci\u00f3n\u00a0<\/strong><\/td>\n<\/tr>\n<tr>\n<td width=\"32%\"><strong>Viernes <\/strong>25 de diciembre<\/td>\n<td width=\"67%\"><strong>Navidad<\/strong><\/td>\n<\/tr>\n<tr>\n<td width=\"32%\"><strong>Sabado <\/strong>26 de diciembre<\/td>\n<td width=\"67%\"><strong>San Esteban<\/strong><\/td>\n<\/tr>\n<\/tbody>\n<\/table>\n","protected":false},"excerpt":{"rendered":"Festividades observadas por la Embajada y la Canciller\u00eda Consular para el a\u00f1o 2026 (NO por Almaviva)\u00a0 FECHA DESCRIPCION Jueves 1\u00b0 de enero A\u00f1o Nuevo Martes 6 de enero Epifan\u00eda Viernes 27 de febrero D\u00eda de la Independencia Dominicana Viernes 3 de abril Viernes Santo Lunes\u00a0 6 de abril Lunes del \u00c1ngel Sabado 25 de aprile [&hellip;]","protected":false},"author":4,"featured_media":0,"parent":180,"menu_order":0,"comment_status":"closed","ping_status":"closed","template":"","meta":{"footnotes":""},"class_list":["post-748","page","type-page","status-publish","hentry"],"_links":{"self":[{"href":"https:\/\/ambsantodomingo.esteri.it\/es\/wp-json\/wp\/v2\/pages\/748","targetHints":{"allow":["GET"]}}],"collection":[{"href":"https:\/\/ambsantodomingo.esteri.it\/es\/wp-json\/wp\/v2\/pages"}],"about":[{"href":"https:\/\/ambsantodomingo.esteri.it\/es\/wp-json\/wp\/v2\/types\/page"}],"author":[{"embeddable":true,"href":"https:\/\/ambsantodomingo.esteri.it\/es\/wp-json\/wp\/v2\/users\/4"}],"replies":[{"embeddable":true,"href":"https:\/\/ambsantodomingo.esteri.it\/es\/wp-json\/wp\/v2\/comments?post=748"}],"version-history":[{"count":4,"href":"https:\/\/ambsantodomingo.esteri.it\/es\/wp-json\/wp\/v2\/pages\/748\/revisions"}],"predecessor-version":[{"id":5571,"href":"https:\/\/ambsantodomingo.esteri.it\/es\/wp-json\/wp\/v2\/pages\/748\/revisions\/5571"}],"up":[{"embeddable":true,"href":"https:\/\/ambsantodomingo.esteri.it\/es\/wp-json\/wp\/v2\/pages\/180"}],"wp:attachment":[{"href":"https:\/\/ambsantodomingo.esteri.it\/es\/wp-json\/wp\/v2\/media?parent=748"}],"curies":[{"name":"wp","href":"https:\/\/api.w.org\/{rel}","templated":true}]}}