{"id":2936,"date":"2024-05-17T14:24:09","date_gmt":"2024-05-17T18:24:09","guid":{"rendered":"https:\/\/ambsantodomingo.esteri.it\/?page_id=2936"},"modified":"2025-01-08T11:30:35","modified_gmt":"2025-01-08T15:30:35","slug":"cittadinanza-per-filiazione","status":"publish","type":"page","link":"https:\/\/ambsantodomingo.esteri.it\/it\/servizi-consolari-e-visti\/servizi-per-il-cittadino-straniero\/cittadinanza\/cittadinanza-per-filiazione\/","title":{"rendered":"Cittadinanza per filiazione"},"content":{"rendered":"<p>La cittadinanza italiana per filiazione per i <strong>figli maggiorenni di cittadini italiani nati in Italia<\/strong> si basa sul principio di &#8220;jus sanguinis&#8221; (diritto di sangue), che permette ai figli di cittadini italiani di acquisire la cittadinanza italiana attraverso il legame di sangue con almeno un genitore cittadino italiano.<\/p>\n<p>Questo processo richiede la presentazione di una serie di documenti che attestino il legame di parentela e la cittadinanza italiana del genitore, tra cui estratti degli atti di nascita, certificati di cittadinanza e, se applicabile, atti di matrimonio e documentazione relativa allo status civile e alla residenza.<\/p>\n<p>Il processo \u00e8 regolamentato dalla <strong>legge n. 91 del 5 febbraio 1992<\/strong>, che stabilisce le modalit\u00e0 attraverso cui i maggiorenni possono richiedere o &#8220;eleggere&#8221; la cittadinanza italiana, qualora non sia stata acquisita automaticamente alla nascita o attraverso riconoscimento o dichiarazione giudiziale durante la minore et\u00e0. Per i maggiorenni, la legge prevede la necessit\u00e0 di esprimere esplicitamente la volont\u00e0 di acquisire la cittadinanza entro un anno da un eventuale riconoscimento o dichiarazione giudiziale di paternit\u00e0 o maternit\u00e0 da parte di un cittadino italiano, tramite un processo denominato &#8220;elezione di cittadinanza&#8221;.<\/p>\n<p><strong>DOCUMENTI NECESSARI PER LA RICHIESTA DI CITTADINANZA ITALIANA PER FILIAZIONE<\/strong><\/p>\n<ol>\n<li>Estratto dell\u2019<strong>atto di nascita del genitore italiano<\/strong> da richiedere al Comune italiano di nascita con annotazione a margine e riportante i dati materni e paterni<\/li>\n<li>Certificato di <strong>cittadinanza italiana<\/strong> del genitore italiano rilasciato dal Comune di residenza<\/li>\n<li>Certificato di <strong>naturalizzazione a nome del genitore italiano<\/strong> (anche se negativo) da richiedere al <em>Ministerio de Imigracion y Policia di Santo Domingo<\/em><\/li>\n<li>Estratto atto di <strong>matrimonio del genitore italiano<\/strong> (se coniugato) rilasciato dal Comune di residenza<\/li>\n<li>Atto integrale (acta inextensa) del richiedente rilasciato dalla <em>Junta Central Electoral<\/em> tradotto in Italiano, legalizzato e apostillato*<\/li>\n<li>Atto integrale di <strong>riconoscimento di paternit\u00e0<\/strong> del richiedente rilasciato dalla<em> Junta Central Electoral<\/em> (qualora nato fuori dal matrimonio) tradotto in italiano, legalizzato e apostillato<\/li>\n<li>Copia certificata del registro degli<strong> atti di nascita<\/strong> dove si evince la firma dei genitori da richiedere alla <em>Junta Central Electoral<\/em><\/li>\n<li>Copia certificata del registro degli <strong>atti di riconoscimento<\/strong> se nati fuori dal matrimonio<\/li>\n<li>Copia <strong>passaporto<\/strong> italiano in vigore del genitore italiano<\/li>\n<li><strong>Documento identificativo<\/strong> del richiedente<\/li>\n<li>Prova di <strong>residenza<\/strong> in Repubblica Dominicana.<\/li>\n<li><strong>Tassa<\/strong> di cittadinanza di \u20ac 600, da versare in pesos al cambio del giorno di consegna della richiesta.<\/li>\n<\/ol>\n<p>* La traduzione in italiano deve essere legalizzata prima dalla <em>Procurador\u00eca<\/em> e poi dal <em>Ministero de las Relaciones Exteriores<\/em>.<\/p>\n","protected":false},"excerpt":{"rendered":"La cittadinanza italiana per filiazione per i figli maggiorenni di cittadini italiani nati in Italia si basa sul principio di &#8220;jus sanguinis&#8221; (diritto di sangue), che permette ai figli di cittadini italiani di acquisire la cittadinanza italiana attraverso il legame di sangue con almeno un genitore cittadino italiano. Questo processo richiede la presentazione di una [&hellip;]","protected":false},"author":4,"featured_media":0,"parent":2956,"menu_order":0,"comment_status":"closed","ping_status":"closed","template":"","meta":{"footnotes":""},"class_list":["post-2936","page","type-page","status-publish","hentry"],"_links":{"self":[{"href":"https:\/\/ambsantodomingo.esteri.it\/it\/wp-json\/wp\/v2\/pages\/2936","targetHints":{"allow":["GET"]}}],"collection":[{"href":"https:\/\/ambsantodomingo.esteri.it\/it\/wp-json\/wp\/v2\/pages"}],"about":[{"href":"https:\/\/ambsantodomingo.esteri.it\/it\/wp-json\/wp\/v2\/types\/page"}],"author":[{"embeddable":true,"href":"https:\/\/ambsantodomingo.esteri.it\/it\/wp-json\/wp\/v2\/users\/4"}],"replies":[{"embeddable":true,"href":"https:\/\/ambsantodomingo.esteri.it\/it\/wp-json\/wp\/v2\/comments?post=2936"}],"version-history":[{"count":4,"href":"https:\/\/ambsantodomingo.esteri.it\/it\/wp-json\/wp\/v2\/pages\/2936\/revisions"}],"predecessor-version":[{"id":3956,"href":"https:\/\/ambsantodomingo.esteri.it\/it\/wp-json\/wp\/v2\/pages\/2936\/revisions\/3956"}],"up":[{"embeddable":true,"href":"https:\/\/ambsantodomingo.esteri.it\/it\/wp-json\/wp\/v2\/pages\/2956"}],"wp:attachment":[{"href":"https:\/\/ambsantodomingo.esteri.it\/it\/wp-json\/wp\/v2\/media?parent=2936"}],"curies":[{"name":"wp","href":"https:\/\/api.w.org\/{rel}","templated":true}]}}