{"id":306,"date":"2023-11-20T12:25:13","date_gmt":"2023-11-20T16:25:13","guid":{"rendered":"https:\/\/ambsantodomingo.esteri.it\/?page_id=306"},"modified":"2023-11-20T12:25:13","modified_gmt":"2023-11-20T16:25:13","slug":"messaggio-dellambasciatore","status":"publish","type":"page","link":"https:\/\/ambsantodomingo.esteri.it\/it\/chi-siamo\/lambasciatore\/messaggio-dellambasciatore\/","title":{"rendered":"Messaggio dell&#8217;Ambasciatore"},"content":{"rendered":"<p>Nel momento in cui mi accingo ad iniziare il mandato di Capo Missione a Santo Domingo &#8211; il 30.mo inviato italiano residente dal 1898 &#8211; mi piace rivolgere innanzitutto un pensiero alla nostra comunit\u00e0 nella Repubblica Dominicana.<\/p>\n<p>Si tratta di una collettivit\u00e0 in continua crescita, che vanta una lunga storia di presenza in questo Paese, che ha giocato un ruolo spesso centrale nello sviluppo della Nazione e che contribuisce apprezzabilmente al suo progresso. Ci siamo negli ultimi anni adoperati con rinnovato impegno per adeguare i servizi consolari, ormai non di rado assai competitivi rispetto alle analoghe procedure presso un Comune italiano. Pensiamo che si debba adesso procedere in parallelo anche sugli altri aspetti che caratterizzano i rapporti tra le due Nazioni, e che influenzano la nostra immagine presso la popolazione e le autorit\u00e0 locali: la cooperazione culturale, gli scambi e gli investimenti, la condivisione di conoscenze specialistiche, la promozione di quell\u2019Italia dell\u2019innovazione, della ricerca e della tecnologia, che merita di essere sempre meglio raccontata.<\/p>\n<p>Ci predisponiamo a fare questo in un\u2019ottica il pi\u00f9 possibile di collaborazione allargata, cercando di interagire ulteriormente con le imprese, le universit\u00e0, la societ\u00e0 civile vicina al nostro Paese, e stimolando la \u201cdomanda di Italia\u201d che pu\u00f2 ancora emergere dalle autorit\u00e0 e dal contesto locale.<\/p>\n<p>Saremo quindi ben attenti a raccogliere la disponibilit\u00e0 e le sollecitazioni che ci potranno essere rivolte, ricercando ogni proficuo confronto e affinando le capacit\u00e0 di ascolto. A tutti i connazionali e ai numerosi amici del nostro Paese chiediamo di guardare a noi non solo come rappresentanti dello Stato, ma anche come naturali partner nel comune intento di mettere a disposizione le migliori energie dell\u2019Italia di oggi, cosi desiderosa di ripartire dopo i pi\u00f9 sofferti momenti della pandemia.<\/p>\n<p>&nbsp;<\/p>\n<p>Stefano Queirolo Palmas<\/p>\n<p>Ambasciatore d&#8217;Italia a Santo Domingo<\/p>\n","protected":false},"excerpt":{"rendered":"Nel momento in cui mi accingo ad iniziare il mandato di Capo Missione a Santo Domingo &#8211; il 30.mo inviato italiano residente dal 1898 &#8211; mi piace rivolgere innanzitutto un pensiero alla nostra comunit\u00e0 nella Repubblica Dominicana. Si tratta di una collettivit\u00e0 in continua crescita, che vanta una lunga storia di presenza in questo Paese, [&hellip;]","protected":false},"author":4,"featured_media":0,"parent":38,"menu_order":0,"comment_status":"closed","ping_status":"closed","template":"","meta":{"footnotes":""},"class_list":["post-306","page","type-page","status-publish","hentry"],"_links":{"self":[{"href":"https:\/\/ambsantodomingo.esteri.it\/it\/wp-json\/wp\/v2\/pages\/306","targetHints":{"allow":["GET"]}}],"collection":[{"href":"https:\/\/ambsantodomingo.esteri.it\/it\/wp-json\/wp\/v2\/pages"}],"about":[{"href":"https:\/\/ambsantodomingo.esteri.it\/it\/wp-json\/wp\/v2\/types\/page"}],"author":[{"embeddable":true,"href":"https:\/\/ambsantodomingo.esteri.it\/it\/wp-json\/wp\/v2\/users\/4"}],"replies":[{"embeddable":true,"href":"https:\/\/ambsantodomingo.esteri.it\/it\/wp-json\/wp\/v2\/comments?post=306"}],"version-history":[{"count":1,"href":"https:\/\/ambsantodomingo.esteri.it\/it\/wp-json\/wp\/v2\/pages\/306\/revisions"}],"predecessor-version":[{"id":308,"href":"https:\/\/ambsantodomingo.esteri.it\/it\/wp-json\/wp\/v2\/pages\/306\/revisions\/308"}],"up":[{"embeddable":true,"href":"https:\/\/ambsantodomingo.esteri.it\/it\/wp-json\/wp\/v2\/pages\/38"}],"wp:attachment":[{"href":"https:\/\/ambsantodomingo.esteri.it\/it\/wp-json\/wp\/v2\/media?parent=306"}],"curies":[{"name":"wp","href":"https:\/\/api.w.org\/{rel}","templated":true}]}}