{"id":3371,"date":"2024-07-24T14:53:51","date_gmt":"2024-07-24T18:53:51","guid":{"rendered":"https:\/\/ambsantodomingo.esteri.it\/?page_id=3371"},"modified":"2024-07-29T09:13:22","modified_gmt":"2024-07-29T13:13:22","slug":"fast-it-il-portale-dei-servizi-consolari","status":"publish","type":"page","link":"https:\/\/ambsantodomingo.esteri.it\/it\/servizi-consolari-e-visti\/servizi-per-il-cittadino-italiano\/a-i-r-e-anagrafe-italiani-residenti-allestero\/fast-it-il-portale-dei-servizi-consolari\/","title":{"rendered":"FAST-IT \u2013 il portale dei servizi consolari"},"content":{"rendered":"<p style=\"text-align: right;\">(Agg. 29.07.2024)<\/p>\n<p>&nbsp;<\/p>\n<p>Il Portale \u201c<a href=\"https:\/\/serviziconsolari.esteri.it\/ScoFE\/index.sco\">FAST IT<\/a>\u201d \u00e8 uno strumento istituzionale gratuito, ideato per i cittadini italiani residenti all&#8217;estero e destinato a ricoprire un ruolo sempre pi\u00f9 centrale nel percorso di digitalizzazione dei servizi della Pubblica Amministrazione. Attraverso questo portale, si pu\u00f2 effettuare l\u2019iscrizione AIRE, visualizzare la propria scheda personale, richiedere l&#8217;aggiornamento del proprio indirizzo di residenza in qualsiasi momento e verranno resi disponibili sempre pi\u00f9 servizi, come la recente introduzione del servizio per richiedere il codice fiscale. Grazie alla sua interfaccia intuitiva, \u201cFAST IT\u201d velocizza l&#8217;elaborazione delle richieste e pu\u00f2 essere utilizzato anche su dispositivi mobili. Considerando che queste operazioni coinvolgono dati personali, \u00e8 altamente raccomandato che il portale sia utilizzato direttamente dall\u2019utente, per garantire la correttezza delle informazioni e la tutela della propria privacy.<\/p>\n<p>&nbsp;<\/p>\n<p><strong>FAST-IT \u2013 il portale dei servizi consolari<\/strong><\/p>\n<p style=\"text-align: justify; padding-left: 40px;\">A. Come registrarsi al portale<\/p>\n<p style=\"text-align: justify; padding-left: 40px;\">B. Iscrizione AIRE<\/p>\n<p style=\"text-align: justify; padding-left: 40px;\">C. Comunicazione cambi di residenza o variazioni di indirizzo AIRE<\/p>\n<p style=\"text-align: justify; padding-left: 40px;\">D. Certificato di attribuzione Codice Fiscale<\/p>\n<p style=\"text-align: justify; padding-left: 40px;\">E. Come visualizzare la propria scheda anagrafica<\/p>\n<p>&nbsp;<\/p>\n<hr \/>\n<p><strong>A. COME REGISTRARSI AL PORTALE FAST-IT<\/strong><\/p>\n<ol>\n<li>Visitare il sito di <a href=\"https:\/\/serviziconsolari.esteri.it\/ScoFE\/index.sco\">FAST-IT<\/a> e cliccare su &#8220;<a href=\"https:\/\/serviziconsolari.esteri.it\/ScoFE\/index.sco?actionOutcome=register&amp;cid=817212\">Registrazione<\/a>&#8220;. Tutti coloro gi\u00e0 in possesso di SPID, invece, possono direttamente accedere al portale cliccando su \u201c<a href=\"https:\/\/serviziconsolari.esteri.it\/ScoFE\/index.sco\">Entra con SPID<\/a>\u201d.<\/li>\n<li>Per la creazione dell&#8217;Utenza seguire le istruzioni del portale e compilare il modulo di registrazione. I dati inseriti devono corrispondere esattamente a quelli riportati sul tuo documento di riconoscimento (carta d&#8217;identit\u00e0 o passaporto). Se non si possiede un documento italiano, usa i dati dell&#8217;estratto dell&#8217;atto di nascita.<\/li>\n<li>Conferma Email. Dopo aver completato la registrazione, riceverai un&#8217;email di conferma. Clicca sul link contenuto nell&#8217;email per attivare il tuo account.<\/li>\n<li>Una volta attivato l&#8217;account, puoi accedere a FAST-IT utilizzando le tue credenziali cliccando su \u201c<a href=\"https:\/\/serviziconsolari.esteri.it\/ScoFE\/index.sco\">Login<\/a>\u201d.<\/li>\n<\/ol>\n<p><strong><em>Note Importanti per la registrazione<\/em><\/strong>:<\/p>\n<ul>\n<li>La <strong>registrazione con email non PEC \u00e8 possibile solo fino al 31 dicembre 2025.<\/strong> Dopo tale data, sar\u00e0 possibile accedere al portale solo con le credenziali SPID (Sistema Pubblico di Identit\u00e0 Digitale). Si consiglia di ottenere le credenziali SPID al pi\u00f9 presto visitando il sito <a href=\"http:\/\/www.spid.gov.it\">spid.gov.it <\/a>\u00a0e la <a href=\"https:\/\/www.spid.gov.it\/cos-e-spid\/come-attivare-spid\/spid-per-i-cittadini-italiani-allestero\/\">relativa pagina per ottenere lo SPID all\u2019estero<\/a>. Chi gi\u00e0 possiede SPID pu\u00f2 accedere direttamente cliccando su &#8220;Login&#8221;.<\/li>\n<li>Bisogna inserire eventuali <strong>secondi nomi<\/strong> nel campo &#8220;Nome&#8221; e <strong>doppi cognomi<\/strong> nel campo &#8220;Cognome&#8221;.<\/li>\n<li>Le <strong>donne coniugate<\/strong> devono registrarsi utilizzando il <strong>cognome da nubile<\/strong>.<\/li>\n<li>Le date devono essere inserite nel <strong>formato europeo: GIORNO \/ MESE \/ ANNO.<\/strong><\/li>\n<li>La registrazione su FAST-IT non comporta automaticamente l\u2019iscrizione o l&#8217;aggiornamento AIRE. Per l\u2019iscrizione o aggiornamento AIRE, segui le istruzioni specifiche nel portale, indicate anche nelle seguenti sezioni di questa pagina.<\/li>\n<\/ul>\n<hr \/>\n<p>&nbsp;<\/p>\n<p><strong>B. ISCRIZIONE AIRE<\/strong><\/p>\n<ol>\n<li>Effettuare il login in <a href=\"https:\/\/serviziconsolari.esteri.it\/ScoFE\/index.sco\">FAST-IT<\/a><\/li>\n<li>Cliccare su \u201cANAGRAFE CONSOLARE e AIRE:<\/li>\n<li>Vai alla prima sezione intitolata \u201cRichiedere l\u2019iscrizione all\u2019Anagrafe degli Italiani all\u2019Estero\u201d<\/li>\n<li>Seleziona \u201cVAI AL SERVIZIO\u201d e segui le istruzioni<\/li>\n<\/ol>\n<p>L\u2019iscrizione A.I.R.E. si richiede <strong>tramite il <a href=\"https:\/\/serviziconsolari.esteri.it\/ScoFE\/index.sco\">portale FAST IT<\/a><\/strong> dopo essersi correttamente registrati al sistema (o con l\u2019accesso tramite SPID). <strong>La creazione dell\u2019account nel portale<\/strong> <strong>non comporta l\u2019iscrizione all\u2019A.I.R.E.<\/strong><\/p>\n<p>Questa procedura permette al cittadino di richiedere l\u2019iscrizione compilando on-line il relativo modello, che va comunque stampato e poi <strong>firmato a mano <\/strong>allegando il documento d\u2019identit\u00e0 e una prova di residenza in formato elettronico (bolletta del telefono, della luce ove si evinca l\u2019indirizzo di residenza), preferibilmente PDF. In alternativa alla firma a mano \u00e8 possibile anche la firma con identit\u00e0 digitale italiana (SPID).<\/p>\n<p><strong>Note importanti per l\u2019iscrizione AIRE <\/strong><\/p>\n<ul>\n<li><strong>La registrazione dell\u2019account FAST IT deve essere fatta con il cognome ed il nome riportato\/i sul documento d\u2019identit\u00e0 italiano, pena il rifiuto della pratica. Non devono essere quindi omesse o aggiunte parti del cognome o del nome.<\/strong><\/li>\n<li>In merito ai documenti necessari, si veda il punto \u201cCome iscriversi all\u2019AIRE\u201d sulla <u><a href=\"https:\/\/ambsantodomingo.esteri.it\/it\/servizi-consolari-e-visti\/servizi-per-il-cittadino-italiano\/a-i-r-e-anagrafe-italiani-residenti-allestero\/\">pagina AIRE<\/a><\/u><\/li>\n<\/ul>\n<hr \/>\n<p>&nbsp;<\/p>\n<p><strong>C. COMUNICAZIONE CAMBI DI RESIDENZA O AGGIORNAMENTI AIRE<\/strong><\/p>\n<ol>\n<li>Effettuare il login in <a href=\"https:\/\/serviziconsolari.esteri.it\/ScoFE\/index.sco\">FAST-IT<\/a><\/li>\n<li>Cliccare su \u201cANAGRAFE CONSOLARE e AIRE<\/li>\n<li>Vai alla sezione intitolata \u201cComunicare la variazione della propria residenza\u201d<\/li>\n<li>Seleziona \u201cVAI AL SERVIZIO\u201d e segui le istruzioni<\/li>\n<\/ol>\n<p>Ogni cittadino italiano MAGGIORENNE potr\u00e0 presentare richiesta di variazione della propria residenza per lui e per i familiari conviventi di cittadinanza italiana.<\/p>\n<p>Prima di iniziare la procedura assicurarsi di avere i seguenti documenti (OBBLIGATORI) in formato digitale:<\/p>\n<ul>\n<li>Modulo \u201c<a href=\"https:\/\/ambsantodomingo.esteri.it\/wp-content\/uploads\/2023\/11\/modulo_iscrizione_aire_2019_.pdf\">Comunicazione cambio residenza<\/a>\u201d debitamente compilato in tutti i campi e firmato (obbligatorio)<\/li>\n<li>Documento di riconoscimento in corso di validit\u00e0 (obbligatorio)<\/li>\n<li>Documentazione comprovante la residenza nella circoscrizione consolare (es. permesso di soggiorno, bollette di utenze residenziali, contratto d\u2019affitto) (obbligatorio). Possono essere presentati come prova di residenza le bollette di utenze residenziali (luce, gas, telefono, acqua, televisione via cavo, servizio internet domiciliare).<\/li>\n<\/ul>\n<hr \/>\n<p>&nbsp;<\/p>\n<p><strong>D. CERTIFICATO DI ATTRIBUZIONE CODICE FISCALE\u00a0\u00a0<\/strong><\/p>\n<ol>\n<li>Accedi al Portale Fast It;<\/li>\n<li>Clicca su \u201cAnagrafe Consolare e AIRE\u201d e poi su\u00a0<strong>\u201cAttribuzione Codice Fiscale\u201d;<\/strong><\/li>\n<li>Conferma i dati e avvia la richiesta;<\/li>\n<li>Scarica in autonomia (download) il certificato di attribuzione del Codice Fiscale.<\/li>\n<\/ol>\n<p>Si ricorda che la generazione del codice fiscale, la produzione e l\u2019invio della tessera rimangono a cura dell\u2019Agenzia delle Entrate (maggiori informazioni sulla relativa tessera sono disponibili sul sito <a href=\"https:\/\/www.agenziaentrate.gov.it\/portale\/web\/guest\/schede\/istanze\/richiesta-ts_cf\/richiesta-duplicato-tessera-sanitaria-e-codice-fiscale\">dell\u2019Agenzia delle Entrate<\/a>)<\/p>\n<hr \/>\n<p>&nbsp;<\/p>\n<p><strong>E. COME VISUALIZZAZIONE LA PROPRIA SCHEDA ANAGRAFICA<\/strong><\/p>\n<ol>\n<li>Accedi al Portale Fast It<\/li>\n<li>Cliccare su \u201cANAGRAFE CONSOLARE e AIRE\u201d<\/li>\n<li>Vai alla sezione intitolata \u201cVisualizzare la propria scheda anagrafica\u201d<\/li>\n<li>Seleziona \u201cVAI AL SERVIZIO\u201d e segui le istruzioni<\/li>\n<\/ol>\n","protected":false},"excerpt":{"rendered":"(Agg. 29.07.2024) &nbsp; Il Portale \u201cFAST IT\u201d \u00e8 uno strumento istituzionale gratuito, ideato per i cittadini italiani residenti all&#8217;estero e destinato a ricoprire un ruolo sempre pi\u00f9 centrale nel percorso di digitalizzazione dei servizi della Pubblica Amministrazione. Attraverso questo portale, si pu\u00f2 effettuare l\u2019iscrizione AIRE, visualizzare la propria scheda personale, richiedere l&#8217;aggiornamento del proprio indirizzo [&hellip;]","protected":false},"author":4,"featured_media":0,"parent":721,"menu_order":0,"comment_status":"closed","ping_status":"closed","template":"","meta":{"footnotes":""},"class_list":["post-3371","page","type-page","status-publish","hentry"],"_links":{"self":[{"href":"https:\/\/ambsantodomingo.esteri.it\/it\/wp-json\/wp\/v2\/pages\/3371","targetHints":{"allow":["GET"]}}],"collection":[{"href":"https:\/\/ambsantodomingo.esteri.it\/it\/wp-json\/wp\/v2\/pages"}],"about":[{"href":"https:\/\/ambsantodomingo.esteri.it\/it\/wp-json\/wp\/v2\/types\/page"}],"author":[{"embeddable":true,"href":"https:\/\/ambsantodomingo.esteri.it\/it\/wp-json\/wp\/v2\/users\/4"}],"replies":[{"embeddable":true,"href":"https:\/\/ambsantodomingo.esteri.it\/it\/wp-json\/wp\/v2\/comments?post=3371"}],"version-history":[{"count":3,"href":"https:\/\/ambsantodomingo.esteri.it\/it\/wp-json\/wp\/v2\/pages\/3371\/revisions"}],"predecessor-version":[{"id":3417,"href":"https:\/\/ambsantodomingo.esteri.it\/it\/wp-json\/wp\/v2\/pages\/3371\/revisions\/3417"}],"up":[{"embeddable":true,"href":"https:\/\/ambsantodomingo.esteri.it\/it\/wp-json\/wp\/v2\/pages\/721"}],"wp:attachment":[{"href":"https:\/\/ambsantodomingo.esteri.it\/it\/wp-json\/wp\/v2\/media?parent=3371"}],"curies":[{"name":"wp","href":"https:\/\/api.w.org\/{rel}","templated":true}]}}