{"id":38,"date":"2023-04-11T17:53:01","date_gmt":"2023-04-11T15:53:01","guid":{"rendered":"https:\/\/ambasciatapraga.esteri.it\/?page_id=38"},"modified":"2026-03-20T11:17:38","modified_gmt":"2026-03-20T15:17:38","slug":"lambasciatore","status":"publish","type":"page","link":"https:\/\/ambsantodomingo.esteri.it\/it\/chi-siamo\/lambasciatore\/","title":{"rendered":"L\u2019Ambasciatore"},"content":{"rendered":"<p><strong>Sergio Maffettone<\/strong><\/p>\n<p><strong>Ambasciatore d&#8217;Italia a Santo Domingo e Porto Principe<\/strong><\/p>\n<p><em>Curriculum Vitae<\/em><\/p>\n<ul>\n<li>Nato a Napoli il 2\/5\/1974<\/li>\n<li>Diplomato nel giugno 1992 al Liceo Classico J. Sannazzaro di Napoli.<\/li>\n<li>Da ottobre 1992 a marzo 1997 ha studiato alla Facolt\u00e0 di Giurisprudenza dell&#8217;Universit\u00e0 Federico II di Napoli, dove si \u00e8 laureato il 21 marzo 1997 con il voto di 110\/110 con lode.<\/li>\n<li>Dal luglio 1996 al marzo 1997 ha studiato alla Facolt\u00e0 di Giurisprudenza dell&#8217;Universit\u00e0 di Monaco (Ludwig Maximilian Universit\u00e4t) con i professori Claus Roxin e Klaus Volk per preparare la sua tesi di laurea in Diritto Penale Internazionale sul riciclaggio internazionale di capitali.<\/li>\n<li>Da aprile 1997 a settembre 1997 ha frequentato corsi di inglese presso l&#8217;Universit\u00e0 di Yale (New Haven).<\/li>\n<li>Da settembre 1997 a giugno 1999 ha frequentato il corso di preparazione alla carriera diplomatica presso la Societ\u00e0 Italiana per le Organizzazioni Internazionali (S.I.O.I.) di Napoli, conseguendo un master in diplomazia.<\/li>\n<li>Da settembre 1999 a giugno 2001, ha studiato all&#8217;Universit\u00e0 Federico II di Napoli in Diritto commerciale europeo, Diritto ambientale europeo e Micro e macroeconomia europea, conseguendo un master in Diritto economico europeo con un voto di 49\/50.<\/li>\n<li>Ha una figlia.<\/li>\n<li>Hobby: calcio, arte contemporanea.<\/li>\n<li><\/li>\n<\/ul>\n<p><em>Carriera:<\/em><\/p>\n<ul>\n<li>Insegnante di italiano per la formazione degli adulti a Monaco di Baviera.<\/li>\n<li>Entrato nella carriera diplomatica presso il Ministero degli Affari Esteri italiano nel dicembre 2001.<\/li>\n<li>Vicedirettore della Segreteria della Direzione Generale Cooperazione allo Sviluppo del Ministero degli Affari Esteri italiano da settembre 2002 a ottobre 2005.<\/li>\n<li>Capo dell&#8217;Ufficio Economico e Commerciale dell&#8217;Ambasciata d&#8217;Italia in Albania da ottobre 2005 a gennaio 2008.<\/li>\n<li>Capo della Segreteria della Direzione Generale Asia e Oceania del Ministero degli Affari Esteri italiano e capo della segreteria dell&#8217;inviato speciale del Ministro degli Affari Esteri per l&#8217;Afghanistan e il Pakistan da gennaio 2008 a giugno 2010.<\/li>\n<li>Capo della componente civile del Team Provinciale di Ricostruzione (PRT) guidato dall&#8217;Italia a Herat (Afghanistan) sotto il comando della Forza Internazionale di Assistenza alla Sicurezza (ISAF) della NATO a Kabul, Afghanistan, dall&#8217;agosto 2009 al luglio 2010.<\/li>\n<li>Primo Segretario presso l&#8217;Ambasciata d&#8217;Italia in Cina dall&#8217;agosto 2010 al gennaio 2011.<\/li>\n<li>Ha studiato lingua, cultura, politica e societ\u00e0 cinese all&#8217;Universit\u00e0 di Pechino, ottenendo un certificato in relazioni internazionali e conoscenza della lingua cinese dal settembre 2010 al gennaio 2011.<\/li>\n<li>Addetto stampa dell&#8217;Ambasciata d&#8217;Italia in Cina da gennaio 2011 a luglio 2012.<\/li>\n<li>Consigliere dell&#8217;Ambasciata d&#8217;Italia in Cina nel luglio 2012.<\/li>\n<li>Consigliere stampa e portavoce dell&#8217;Ambasciata d&#8217;Italia in Cina da luglio 2012 a dicembre 2013.<\/li>\n<li>Consigliere stampa e portavoce dell&#8217;Ambasciata d&#8217;Italia in Cina da luglio 2012 a dicembre 2013.<\/li>\n<li>Membro del Comitato congiunto per la cooperazione e lo sviluppo sino-italiano (in collaborazione con il Ministero delle Finanze cinese) dell&#8217;Ambasciata d&#8217;Italia in Cina da febbraio 2013 a dicembre 2013.<\/li>\n<li>Primo Console Generale del Consolato Generale d&#8217;Italia a Chongqing dal 30 dicembre 2013 al 30 ottobre 2017.<\/li>\n<li>Nel 2017 ha ottenuto il certificato di conoscenza della lingua cinese HSK-5.<\/li>\n<li>Vice capo della Segreteria del Vice Ministro degli Affari Esteri e della Cooperazione Internazionale, Mario Giro, dal 7 novembre 2017 al 18 giugno 2018.<\/li>\n<li>Consigliere diplomatico aggiunto del Ministro presso il Ministero dello Sviluppo Economico dall&#8217;agosto 2018 all&#8217;ottobre 2019.<\/li>\n<li>Capo della Segreteria del Sottosegretario al Ministero degli Affari Esteri e della Cooperazione Internazionale (on. Manlio Di Stefano e on. Giorgio Silli) dal 9 ottobre 2019 al 29 gennaio 2023.<\/li>\n<li>Console Generale a Monaco di Baviera dal 30 gennaio 2023.<\/li>\n<li>Ambasciatore d&#8217;Italia nella Repubblica Dominicana dal marzo 2026.<\/li>\n<\/ul>\n<p><em>Cavaliere dell&#8217;Ordine al Merito della Repubblica Italiana dal 13\/01\/2017.<\/em><\/p>\n","protected":false},"excerpt":{"rendered":"Sergio Maffettone Ambasciatore d&#8217;Italia a Santo Domingo e Porto Principe Curriculum Vitae Nato a Napoli il 2\/5\/1974 Diplomato nel giugno 1992 al Liceo Classico J. Sannazzaro di Napoli. Da ottobre 1992 a marzo 1997 ha studiato alla Facolt\u00e0 di Giurisprudenza dell&#8217;Universit\u00e0 Federico II di Napoli, dove si \u00e8 laureato il 21 marzo 1997 con il [&hellip;]","protected":false},"author":1,"featured_media":0,"parent":13,"menu_order":0,"comment_status":"closed","ping_status":"closed","template":"","meta":{"footnotes":""},"class_list":["post-38","page","type-page","status-publish","hentry"],"_links":{"self":[{"href":"https:\/\/ambsantodomingo.esteri.it\/it\/wp-json\/wp\/v2\/pages\/38","targetHints":{"allow":["GET"]}}],"collection":[{"href":"https:\/\/ambsantodomingo.esteri.it\/it\/wp-json\/wp\/v2\/pages"}],"about":[{"href":"https:\/\/ambsantodomingo.esteri.it\/it\/wp-json\/wp\/v2\/types\/page"}],"author":[{"embeddable":true,"href":"https:\/\/ambsantodomingo.esteri.it\/it\/wp-json\/wp\/v2\/users\/1"}],"replies":[{"embeddable":true,"href":"https:\/\/ambsantodomingo.esteri.it\/it\/wp-json\/wp\/v2\/comments?post=38"}],"version-history":[{"count":6,"href":"https:\/\/ambsantodomingo.esteri.it\/it\/wp-json\/wp\/v2\/pages\/38\/revisions"}],"predecessor-version":[{"id":5931,"href":"https:\/\/ambsantodomingo.esteri.it\/it\/wp-json\/wp\/v2\/pages\/38\/revisions\/5931"}],"up":[{"embeddable":true,"href":"https:\/\/ambsantodomingo.esteri.it\/it\/wp-json\/wp\/v2\/pages\/13"}],"wp:attachment":[{"href":"https:\/\/ambsantodomingo.esteri.it\/it\/wp-json\/wp\/v2\/media?parent=38"}],"curies":[{"name":"wp","href":"https:\/\/api.w.org\/{rel}","templated":true}]}}