{"id":39,"date":"2023-04-11T17:55:33","date_gmt":"2023-04-11T15:55:33","guid":{"rendered":"https:\/\/ambasciatapraga.esteri.it\/?page_id=39"},"modified":"2023-11-20T12:04:14","modified_gmt":"2023-11-20T16:04:14","slug":"la-sede","status":"publish","type":"page","link":"https:\/\/ambsantodomingo.esteri.it\/it\/chi-siamo\/la-sede\/","title":{"rendered":"La Sede"},"content":{"rendered":"<p><strong><img loading=\"lazy\" decoding=\"async\" class=\"alignnone size-medium wp-image-285 img-fluid\" src=\"https:\/\/ambsantodomingo.esteri.it\/wp-content\/uploads\/2023\/11\/sede-300x225.jpg\" alt=\"\" width=\"300\" height=\"225\" srcset=\"https:\/\/ambsantodomingo.esteri.it\/wp-content\/uploads\/2023\/11\/sede-300x225.jpg 300w, https:\/\/ambsantodomingo.esteri.it\/wp-content\/uploads\/2023\/11\/sede-768x576.jpg 768w, https:\/\/ambsantodomingo.esteri.it\/wp-content\/uploads\/2023\/11\/sede.jpg 1016w\" sizes=\"auto, (max-width: 300px) 100vw, 300px\" \/><\/strong><\/p>\n<p><strong>L\u2019Ambasciata d\u2019Italia e la Cancelleria consolare hanno sede nel quartiere Bellavista al terzo piano dell&#8217;edificio Equinox sito in Avenida N\u00fa\u00f1ez de C\u00e1ceres 11.<\/strong><\/p>\n<p>Orario apertura al pubblico: solo su appuntamento (<a href=\"https:\/\/prenotami.esteri.it\/\">Prenot@mi<\/a>), da luned\u00ec a venerd\u00ec dalle ore 9 alle ore 13 &#8211;\u00a0 mercoled\u00ec dalle ore 14 alle 16.<\/p>\n<p>&nbsp;<\/p>\n<p><strong>Centralino:<\/strong>\u00a0<strong>(+1) 809 682 0830<\/strong><\/p>\n<p>Per informazioni di carattere generale si potr\u00e0 scrivere una mail all\u2019indirizzo:\u00a0<a href=\"mailto:santodomingo.urp@esteri.it\">santodomingo.urp@esteri.it<\/a><\/p>\n<p>Per maggiori informazioni su altri contatti, si prega di\u00a0<strong><a href=\"https:\/\/ambsantodomingo.esteri.it\/ambasciata_santodomingo\/it\/ambasciata\/gli_uffici\">cliccare qui<\/a><\/strong>.<\/p>\n<p>&nbsp;<\/p>\n<p><strong>Contatti utili:<\/strong><\/p>\n<p><strong>Ufficio Relazioni con il Pubblico:<\/strong> <a href=\"mailto:santodomingo.urp@esteri.it\">santodomingo.urp@esteri.it<\/a><\/p>\n<p><strong>Ufficio assistenza connazionali<\/strong>\u00a0<em>(solo per richieste di assistenza ai soli cittadini italiani,\u00a0<strong>senza cittadinanza dominicana<\/strong>, che si trovano in gravi situazioni di pericolo per la loro salute, sicurezza e incolumit\u00e0):\u00a0<\/em><a href=\"mailto:santodomingo.assistenza@esteri.it\">santodomingo.assistenza@esteri.it<\/a><\/p>\n<p>&nbsp;<\/p>\n<p><strong>Appuntamenti:<\/strong>\u00a0solo online attraverso il\u00a0<strong><a href=\"https:\/\/prenotami.esteri.it\/\">PORTALE PRENOT@MI<\/a><\/strong><\/p>\n<p>&nbsp;<\/p>\n<p><strong>Emergenze:<\/strong><\/p>\n<p>In caso di\u00a0<strong>comprovata emergenza<\/strong>, per segnalare \u00a0<strong>situazioni di grave\u00a0e imminente pericolo per la salute e sicurezza dei cittadini italiani (NON doppi cittadini) presenti nella Repubblica Dominicana e Haiti<\/strong>, nei giorni feriali da luned\u00ec a venerd\u00ec dalle ore 17:00 alle ore 21:00 nonch\u00e9 sabato, domenica e festivi dalle ore 9:00 alle ore 21:00, potete chiamare il numero:<\/p>\n<p><strong>(+1) 829-342-4942<\/strong><\/p>\n<p>Si prega di\u00a0<strong>NON chiamare al numero di emergenza per questioni relative a passaporti, visti, pratiche consolari, informazioni generali.<\/strong><\/p>\n","protected":false},"excerpt":{"rendered":"L\u2019Ambasciata d\u2019Italia e la Cancelleria consolare hanno sede nel quartiere Bellavista al terzo piano dell&#8217;edificio Equinox sito in Avenida N\u00fa\u00f1ez de C\u00e1ceres 11. Orario apertura al pubblico: solo su appuntamento (Prenot@mi), da luned\u00ec a venerd\u00ec dalle ore 9 alle ore 13 &#8211;\u00a0 mercoled\u00ec dalle ore 14 alle 16. &nbsp; Centralino:\u00a0(+1) 809 682 0830 Per informazioni [&hellip;]","protected":false},"author":1,"featured_media":0,"parent":13,"menu_order":2,"comment_status":"closed","ping_status":"closed","template":"","meta":{"footnotes":""},"class_list":["post-39","page","type-page","status-publish","hentry"],"_links":{"self":[{"href":"https:\/\/ambsantodomingo.esteri.it\/it\/wp-json\/wp\/v2\/pages\/39","targetHints":{"allow":["GET"]}}],"collection":[{"href":"https:\/\/ambsantodomingo.esteri.it\/it\/wp-json\/wp\/v2\/pages"}],"about":[{"href":"https:\/\/ambsantodomingo.esteri.it\/it\/wp-json\/wp\/v2\/types\/page"}],"author":[{"embeddable":true,"href":"https:\/\/ambsantodomingo.esteri.it\/it\/wp-json\/wp\/v2\/users\/1"}],"replies":[{"embeddable":true,"href":"https:\/\/ambsantodomingo.esteri.it\/it\/wp-json\/wp\/v2\/comments?post=39"}],"version-history":[{"count":6,"href":"https:\/\/ambsantodomingo.esteri.it\/it\/wp-json\/wp\/v2\/pages\/39\/revisions"}],"predecessor-version":[{"id":289,"href":"https:\/\/ambsantodomingo.esteri.it\/it\/wp-json\/wp\/v2\/pages\/39\/revisions\/289"}],"up":[{"embeddable":true,"href":"https:\/\/ambsantodomingo.esteri.it\/it\/wp-json\/wp\/v2\/pages\/13"}],"wp:attachment":[{"href":"https:\/\/ambsantodomingo.esteri.it\/it\/wp-json\/wp\/v2\/media?parent=39"}],"curies":[{"name":"wp","href":"https:\/\/api.w.org\/{rel}","templated":true}]}}