{"id":40,"date":"2023-04-11T18:01:19","date_gmt":"2023-04-11T16:01:19","guid":{"rendered":"https:\/\/ambasciatapraga.esteri.it\/?page_id=40"},"modified":"2025-04-07T11:45:51","modified_gmt":"2025-04-07T15:45:51","slug":"gli-uffici","status":"publish","type":"page","link":"https:\/\/ambsantodomingo.esteri.it\/it\/chi-siamo\/gli-uffici\/","title":{"rendered":"Gli Uffici"},"content":{"rendered":"<p><strong>Ambasciata d&#8217;Italia Santo Domingo<br \/>\n<\/strong>Avenida N\u00fa\u00f1ez de C\u00e1ceres 11, Torre Equinox<br \/>\nBellavista, Santo Domingo, Distrito Nacional<\/p>\n<p>&nbsp;<\/p>\n<p><strong>Orario al pubblico:<\/strong>\u00a0solo su appuntamento (<a href=\"https:\/\/prenotami.esteri.it\/\">PRENOT@MI<\/a>), dal luned\u00ec al venerd\u00ec, dalle ore 9:00 alle ore 13:00, mercoled\u00ec anche dalle 14:00 alle 16:00<\/p>\n<p>&nbsp;<\/p>\n<p><strong>Assistente Virtuale DominITA: +1 (829) 850-3548 (solo messaggi WhatsApp)<\/strong><\/p>\n<p><strong>Centralino: +1 809 682 0830 (luned\u00ec-venerd\u00ec 8.30-10.30)\u00a0<\/strong><\/p>\n<p>Per informazioni di carattere generale si potr\u00e0 inoltre scrivere una mail all\u2019indirizzo:\u00a0<a href=\"mailto:santodomingo.urp@esteri.it\">santodomingo.urp@esteri.it<\/a><\/p>\n<p>In caso di comprovata\u00a0<strong>emergenza<\/strong>, per segnalare\u00a0<strong>situazioni di grave e imminente pericolo per la salute e sicurezza dei cittadini italiani presenti nella Repubblica Dominicana<\/strong>, nei giorni feriali da luned\u00ec a venerd\u00ec dalle ore 17:00 alle ore 21:00 nonch\u00e9 sabato, domenica e festivi dalle ore 9:00 alle ore 21:00, potete chiamare il numero:\u00a0<strong>(+1) 829-342-4942<\/strong><\/p>\n<p>&nbsp;<\/p>\n<p><strong>Ufficio passaporti<\/strong>\u00a0(solo per pratiche relative a passaporti e ETD)<\/p>\n<p><a href=\"mailto:santodomingo.passaporti@esteri.it\">santodomingo.passaporti@esteri.it<\/a><\/p>\n<p><em>L&#8217;Ufficio Passaporti invita i connazionali a\u00a0porre quesiti attraverso richieste via e-mail. Invitiamo coloro i quali non avessero urgenza di ottenere il passaporto nell&#8217;immediato futuro, ma desiderassero comunque iniziare le pratiche, ad inviare una comunicazione e la documentazione richiesta online, in formato digitale, specificando eventuali quesiti.<\/em><\/p>\n<p>&nbsp;<\/p>\n<p><strong>Ufficio assistenza connazionali<\/strong>\u00a0(solo per richieste di assistenza ai\u00a0soli cittadini italiani, senza cittadinanza dominicana o haitiana, che si trovano in gravi situazioni di pericolo per la loro salute, sicurezza e incolumit\u00e0)<\/p>\n<p><a href=\"mailto:santodomingo.assistenza@esteri.it\">santodomingo.assistenza@esteri.it<\/a><\/p>\n<p>&nbsp;<\/p>\n<p><strong>Ufficio Stato Civile e AIRE<\/strong>\u00a0(per le pratiche di Stato Civile, iscrizioni all&#8217;AIRE, dichiarazioni di valore, navigazione)<\/p>\n<p><a href=\"https:\/\/serviziconsolari.esteri.it\/ScoFE\/index.sco\">Portale Fast-It<\/a><\/p>\n<p>santodomingo.statocivile@esteri.it; santodomingo.aire@esteri.it<\/p>\n<p>L\u2019Ufficio Stato Civile e AIRE invita l\u2019utenza, per maggiori informazioni, a consultare anche\u00a0il\u00a0<a href=\"https:\/\/ambsantodomingo.esteri.it\/ambasciata_santodomingo\/it\/ambasciata\/news\/dall-ambasciata\/2020\/06\/informazioni-consolari-iscrizione.html\">relativo avviso<\/a>.<\/p>\n<p>&nbsp;<\/p>\n<p><strong>Visti<\/strong><\/p>\n<p>Le domande di visto per l\u2019Italia sono\u00a0gestite dal Centro Almaviva Republica Dominicana.<\/p>\n<p><a href=\"https:\/\/ambsantodomingo.esteri.it\/it\/servizi-consolari-e-visti\/servizi-per-il-cittadino-straniero\/visti\/\" target=\"_blank\" rel=\"noopener\">Maggiori informazioni<\/a><\/p>\n<p>&nbsp;<\/p>\n<p><strong>Ufficio Cittadinanza<\/strong>\u00a0(per pratiche di cittadinanza per discendenza e matrimonio)<\/p>\n<p><a href=\"mailto:santodomingo.cittadinanza@esteri.it\">santodomingo.cittadinanza@esteri.it<\/a><\/p>\n<p>&nbsp;<\/p>\n<p><strong>Ufficio Amministrativo-Contabile<\/strong><\/p>\n<p><a href=\"mailto:santodomingo.contabile@esteri.it\">santodomingo.contabile@esteri.it<\/a><\/p>\n<p>&nbsp;<\/p>\n<p><strong>Ufficio Notarile<\/strong>\u00a0(per controversie, polizia giudiziaria o assistenza giudiziaria, decreti del giudice tutelare, notarile,<br \/>\nnotifiche di atti giudiziari, minori contesi)<\/p>\n<p><a href=\"mailto:santodomingo.consolare@esteri.it\">santodomingo.notaio@esteri.it<\/a><\/p>\n<p>&nbsp;<\/p>\n<p><strong>Questioni commerciali<\/strong><\/p>\n<p>Per richieste di assistenza alla sezione economico-commerciale vi preghiamo di iscrivere la vostra societ\u00e0 nel\u00a0<a href=\"https:\/\/nexus.esteri.it\/?sede=783\">Portale NEXUS<\/a>\u00a0(solo per imprese di diritto italiano)<\/p>\n<p>&nbsp;<\/p>\n<p><strong>Questioni Culturali<\/strong><\/p>\n<p><a href=\"mailto:santodomingo.amb@esteri.it\">santodomingo.amb@esteri.it<\/a><\/p>\n<p>&nbsp;<\/p>\n<p><strong>Capo Missione<\/strong><\/p>\n<p>Ambasciatore Stefano Queirolo Palmas<\/p>\n<p><a href=\"mailto:santodomingo.segr@esteri.it\">santodomingo.segr@esteri.it<\/a><\/p>\n<p>&nbsp;<\/p>\n<p><strong>PEC (Posta Elettronica Certificata):<\/strong><\/p>\n<p>Generale: <a href=\"mailto:amb.santodomingo@cert.esteri.it\">amb.santodomingo@cert.esteri.it<\/a><\/p>\n<p>Visti:\u00a0<a href=\"mailto:amb.santodomingo@cert.esteri.it\">amb.santodomingo.visti@cert.esteri.it<\/a><\/p>\n<p>&nbsp;<\/p>\n<p><strong>Festivit\u00e0 osservate dall\u2019Ambasciata e dalla Cancelleria Consolare\u00a0<\/strong><\/p>\n<p>Capodanno: 1 gennaio<\/p>\n<p>Epifania: 6 gennaio<\/p>\n<p>Festa Nazionale Rep. Dominicana D\u00eda de la Independencia: 27 febbraio<\/p>\n<p>Venerd\u00ec Santo (giorno festivo nazionale in Repubblica Dominicana): venerd\u00ec che precede la Pasqua<\/p>\n<p>Lunedi dell&#8217;Angelo: luned\u00ec che segue la Pasqua<\/p>\n<p>Anniversario Liberazione dal nazi-fascismo: 25 aprile<\/p>\n<p>Festa del Lavoro: 1 maggio<\/p>\n<p>Festa della Repubblica Italiana: 2 giugno<\/p>\n<p>Immacolata Concezione: 8 dicembre<\/p>\n<p>Santo Natale: 25 dicembre<\/p>\n<p>Santo Stefano: 26 dicembre<\/p>\n","protected":false},"excerpt":{"rendered":"Ambasciata d&#8217;Italia Santo Domingo Avenida N\u00fa\u00f1ez de C\u00e1ceres 11, Torre Equinox Bellavista, Santo Domingo, Distrito Nacional &nbsp; Orario al pubblico:\u00a0solo su appuntamento (PRENOT@MI), dal luned\u00ec al venerd\u00ec, dalle ore 9:00 alle ore 13:00, mercoled\u00ec anche dalle 14:00 alle 16:00 &nbsp; Assistente Virtuale DominITA: +1 (829) 850-3548 (solo messaggi WhatsApp) Centralino: +1 809 682 0830 (luned\u00ec-venerd\u00ec [&hellip;]","protected":false},"author":1,"featured_media":0,"parent":13,"menu_order":4,"comment_status":"closed","ping_status":"closed","template":"","meta":{"footnotes":""},"class_list":["post-40","page","type-page","status-publish","hentry"],"_links":{"self":[{"href":"https:\/\/ambsantodomingo.esteri.it\/it\/wp-json\/wp\/v2\/pages\/40","targetHints":{"allow":["GET"]}}],"collection":[{"href":"https:\/\/ambsantodomingo.esteri.it\/it\/wp-json\/wp\/v2\/pages"}],"about":[{"href":"https:\/\/ambsantodomingo.esteri.it\/it\/wp-json\/wp\/v2\/types\/page"}],"author":[{"embeddable":true,"href":"https:\/\/ambsantodomingo.esteri.it\/it\/wp-json\/wp\/v2\/users\/1"}],"replies":[{"embeddable":true,"href":"https:\/\/ambsantodomingo.esteri.it\/it\/wp-json\/wp\/v2\/comments?post=40"}],"version-history":[{"count":6,"href":"https:\/\/ambsantodomingo.esteri.it\/it\/wp-json\/wp\/v2\/pages\/40\/revisions"}],"predecessor-version":[{"id":4553,"href":"https:\/\/ambsantodomingo.esteri.it\/it\/wp-json\/wp\/v2\/pages\/40\/revisions\/4553"}],"up":[{"embeddable":true,"href":"https:\/\/ambsantodomingo.esteri.it\/it\/wp-json\/wp\/v2\/pages\/13"}],"wp:attachment":[{"href":"https:\/\/ambsantodomingo.esteri.it\/it\/wp-json\/wp\/v2\/media?parent=40"}],"curies":[{"name":"wp","href":"https:\/\/api.w.org\/{rel}","templated":true}]}}