{"id":41,"date":"2023-04-11T18:07:19","date_gmt":"2023-04-11T16:07:19","guid":{"rendered":"https:\/\/ambasciatapraga.esteri.it\/?page_id=41"},"modified":"2023-11-20T12:46:14","modified_gmt":"2023-11-20T16:46:14","slug":"numeri-di-emergenza","status":"publish","type":"page","link":"https:\/\/ambsantodomingo.esteri.it\/it\/chi-siamo\/numeri-di-emergenza\/","title":{"rendered":"Numeri di emergenza"},"content":{"rendered":"<p><strong>Emergenze:\u00a0<\/strong>in caso di <strong>comprovata emergenza<\/strong>, per segnalare \u00a0<strong>situazioni di grave\u00a0e imminente pericolo per la salute e sicurezza dei cittadini italiani (NON doppi cittadini) presenti nella Repubblica Dominicana e Haiti<\/strong>, nei giorni feriali da luned\u00ec a venerd\u00ec dalle ore 17:00 alle ore 21:00 nonch\u00e9 sabato, domenica e festivi dalle ore 9:00 alle ore 21:00:<\/p>\n<p><strong>(+1) 829-342-4942<\/strong><\/p>\n<p>Si prega di\u00a0<span style=\"text-decoration: underline;\"><strong>NON chiamare il numero di emergenza per questioni relative a passaporti, visti, pratiche consolari, informazioni generali.<\/strong><\/span><\/p>\n","protected":false},"excerpt":{"rendered":"Emergenze:\u00a0in caso di comprovata emergenza, per segnalare \u00a0situazioni di grave\u00a0e imminente pericolo per la salute e sicurezza dei cittadini italiani (NON doppi cittadini) presenti nella Repubblica Dominicana e Haiti, nei giorni feriali da luned\u00ec a venerd\u00ec dalle ore 17:00 alle ore 21:00 nonch\u00e9 sabato, domenica e festivi dalle ore 9:00 alle ore 21:00: (+1) 829-342-4942 [&hellip;]","protected":false},"author":1,"featured_media":0,"parent":13,"menu_order":6,"comment_status":"closed","ping_status":"closed","template":"","meta":{"footnotes":""},"class_list":["post-41","page","type-page","status-publish","hentry"],"_links":{"self":[{"href":"https:\/\/ambsantodomingo.esteri.it\/it\/wp-json\/wp\/v2\/pages\/41","targetHints":{"allow":["GET"]}}],"collection":[{"href":"https:\/\/ambsantodomingo.esteri.it\/it\/wp-json\/wp\/v2\/pages"}],"about":[{"href":"https:\/\/ambsantodomingo.esteri.it\/it\/wp-json\/wp\/v2\/types\/page"}],"author":[{"embeddable":true,"href":"https:\/\/ambsantodomingo.esteri.it\/it\/wp-json\/wp\/v2\/users\/1"}],"replies":[{"embeddable":true,"href":"https:\/\/ambsantodomingo.esteri.it\/it\/wp-json\/wp\/v2\/comments?post=41"}],"version-history":[{"count":3,"href":"https:\/\/ambsantodomingo.esteri.it\/it\/wp-json\/wp\/v2\/pages\/41\/revisions"}],"predecessor-version":[{"id":347,"href":"https:\/\/ambsantodomingo.esteri.it\/it\/wp-json\/wp\/v2\/pages\/41\/revisions\/347"}],"up":[{"embeddable":true,"href":"https:\/\/ambsantodomingo.esteri.it\/it\/wp-json\/wp\/v2\/pages\/13"}],"wp:attachment":[{"href":"https:\/\/ambsantodomingo.esteri.it\/it\/wp-json\/wp\/v2\/media?parent=41"}],"curies":[{"name":"wp","href":"https:\/\/api.w.org\/{rel}","templated":true}]}}