{"id":4584,"date":"2025-04-10T14:59:55","date_gmt":"2025-04-10T18:59:55","guid":{"rendered":"https:\/\/ambsantodomingo.esteri.it\/?page_id=4584"},"modified":"2025-04-10T14:59:55","modified_gmt":"2025-04-10T18:59:55","slug":"elenco-medici-di-fiducia","status":"publish","type":"page","link":"https:\/\/ambsantodomingo.esteri.it\/it\/servizi-consolari-e-visti\/servizi-per-il-cittadino-italiano\/albo-consolare-e-altri-servizi\/elenco-medici-di-fiducia\/","title":{"rendered":"Elenco medici di fiducia"},"content":{"rendered":"<p><strong>SANTO DOMINGO<\/strong><\/p>\n<p><strong>1. Gilberto G\u00e1lvez Jorge<\/strong>. Medicina General<\/p>\n<p>Cel. (809) 224-3013\u00a0 \/ Email: <a href=\"mailto:galvez_gilberto@hotmail.com\">galvez_gilberto@hotmail.com<\/a><\/p>\n<ul>\n<li>Torre de Especialidades M\u00e9dica (Suite 5HE) &#8211; Ave. Bol\u00edvar #755<\/li>\n<\/ul>\n<p>Tel. (809) 686-9950<\/p>\n<ul>\n<li>Villa del Mar \u2013 Juan Dolio, R.D.<\/li>\n<\/ul>\n<p>&nbsp;<\/p>\n<p><strong>2<\/strong>. <strong>Alfonso Brossa<\/strong>. Medicina General.<\/p>\n<p>Cel. (809) 712-1909\u00a0 \/ Email: <a href=\"mailto:yamm17@hotmail.com\">yamm17@hotmail.com<\/a><\/p>\n<p>Cl\u00ednica Abreu (primer piso), Ave. Independencia #42<\/p>\n<p>Tel. (809) 689-4223<\/p>\n<p>&nbsp;<\/p>\n<p><strong>LAS TERRENAS, SAMANA<\/strong><\/p>\n<p><strong>\u00a01. <\/strong><strong>Lenin Luna Rodr\u00edguez<\/strong>. Medicina General y Especialista de Primer grado en Neurolog\u00eda, Medicina Familiar e Intensivista (cuidados intensivos).<\/p>\n<p>Cel. (809) 769-3020 \/ Email: leninluna1963@yahoo.es<\/p>\n<p>Centro Galeno Integral &#8211; Calle Del Carmen #245 &#8211; Las Terrenas, Saman\u00e1<\/p>\n<p>Tel. (809) 240-6817 www.cgiterrenas.com\u00a0&#8211;\u00a0<a href=\"mailto:info@cgiterrenas.com\">info@cgiterrenas.com<\/a><\/p>\n<p>Accettano assicurazioni Nazionali e Internazionali<\/p>\n<p><strong>2. Reynaldo Rodr\u00edguez<\/strong>. Pediatra<\/p>\n<p>Cel. (829) 986-0451 \/ Email: <a href=\"mailto:reyrodri5@yahoo.es\">reyrodri5@yahoo.es<\/a><\/p>\n<p><strong>3. Joseline Taveras Tatis<\/strong>. Medicina General<\/p>\n<p>Cel. (809) 696-2519 \/ Email: <a href=\"mailto:jtaverast@outlook.com\">jtaverast@outlook.com<\/a> \/<\/p>\n<p><strong>4. Alfonsina Baldera Guzm\u00e1n<\/strong>. Pediatra<\/p>\n<p>Cel. (829) 973-5615 \/ Email: <a href=\"mailto:baldera_300@hotmail.com\">baldera_300@hotmail.com<\/a><\/p>\n<p><strong>Cl\u00ednica Especializada Internacional<\/strong>.\u00a0 Calle Fabio Abreu, Villa de las Flores, La Ceiba &#8211; Las Terrenas, Saman\u00e1.<\/p>\n<p>Tel. (809) 240-6817 \u2013 www.cgiterrenas.com &#8211; info@cgiterrenas.com<\/p>\n<p>Accettano assicurazioni Nazionali e Internazionali<\/p>\n<p><strong>LAS GALERAS<\/strong><\/p>\n<p><strong>1. <\/strong><strong>Khira Hiche<\/strong>. Epidemi\u00f3loga<\/p>\n<p>Cel. (829) 918-3233 \/ Email: <a href=\"mailto:dra.khirahiche@gmail.com\">dra.khirahiche@gmail.com<\/a><\/p>\n<p>Centro CaSalud Las Galeras &#8211; Calle Principal &#8211; Las Galeras, Saman\u00e1<\/p>\n<p>Centro CaSalud Saman\u00e1 &#8211; Ave. Francisco Del Rosario S\u00e1nchez #48, segundo nivel &#8211; Saman\u00e1.<\/p>\n<p>Tel. (809) 535-2966 \/ Email. casaludsamana@gmail.com<\/p>\n<p>&nbsp;<\/p>\n<p><strong>2. NAGUA<\/strong><\/p>\n<p><strong>Daisy S\u00e1nchez<\/strong>. Oftalm\u00f3loga<\/p>\n<p>Cel. (809) 299-7281\/ Email: Jokanny Gonz\u00e1lez (asistente) <a href=\"mailto:jokanny2807@gmail.com\">jokanny2807@gmail.com<\/a>; <a href=\"mailto:centrovisualespecializado01@gmail.com\">centrovisualespecializado01@gmail.com<\/a><\/p>\n<p>Centro Visual Especializado &#8211; Calle Progreso #64, Edif. Sixto S\u00e1nchez.\u00a0 \u2013 Nagua<\/p>\n<p>Tel. (809) 584-7675<\/p>\n<p>Accettano SOLO assicurazioni Nazionali<\/p>\n<p><u>\u00a0<\/u><u>\u00a0<\/u><\/p>\n<p><strong>PEDERNALES<\/strong><\/p>\n<p><strong>1. Efra\u00edn Guillermo Hern\u00e1ndez <\/strong>Medicina General.<\/p>\n<p>Cel. (809) 805-7438 \/ Email: <a href=\"mailto:efrainghernandezs@gmail.com\">efrainghernandezs@gmail.com<\/a><\/p>\n<p>Hospital Provincial Dr. Elio Fiallo &#8211; Calle Gregorio Luper\u00f3n -Pedernales<\/p>\n<p>Tel. (809) 524-0325 \u2013 www.hospitaleliofiallo.gob.do &#8211;\u00a0<a href=\"mailto:hpefiallo@hotmail.es\">hpefiallo@hotmail.es<\/a><\/p>\n<p>&nbsp;<\/p>\n<p><strong>LA ROMANA<\/strong><\/p>\n<p><strong>\u00a01. <\/strong><strong>Jos\u00e9 L\u00f3pez Larache. <\/strong>Medicina General.<\/p>\n<p>Email: <a href=\"mailto:j.lopez@crcltd.com.do\">j.lopez@crcltd.com.do<\/a>; <a href=\"mailto:mmdina@crcltd.com.do\">mmdina@crcltd.com.do<\/a><\/p>\n<p>Hospital Provincial Dr. Elio Fiallo Calle Francisco Castillo M\u00e1rquez, La Romana<br \/>\nTel. (809) 523-8695<\/p>\n<p>&nbsp;<\/p>\n<p><strong>PUNTA CANA<\/strong><\/p>\n<p><strong>1. Miguel Angel Russo. <\/strong>Medicina General.<\/p>\n<p>Cel. (809)729-0472 \u00a0\/ Email: <a href=\"mailto:mrusso@img.hospital\">mrusso@img.hospital<\/a><\/p>\n<p>Hospital IMG<strong>. <\/strong>Carretera Miches esq. Punta Cana,\u00a0 B\u00e1varo-Punta Cana<br \/>\nTel. (809) 285-6116 \u2013 <a href=\"https:\/\/www.img.hospital\/\">P\u00e1gina Principal |Hospital IMG | Hospital punta cana<\/a><\/p>\n<p><u>\u00a0<\/u><\/p>\n<p><strong>PUERTO PLATA<\/strong><\/p>\n<p><strong>\u00a01. <\/strong><strong>Oscar L\u00f3pez. <\/strong>Emergenci\u00f3logo.<\/p>\n<p>Cel. (809)390-8757\u00a0 \/ Email: <a href=\"mailto:olopez@gruporescue.com\">olopez@gruporescue.com<\/a>; <a href=\"mailto:info@gruporescue.com\">info@gruporescue.com<\/a><\/p>\n<p>Centro M\u00e9dico Dr. Bournigal \/ Calle Antera Mota esq. Dr. Zafra.\u00a0 Puerto Plata<br \/>\nTel. (809) 586-2342 ext. 2174 \u2013 <a href=\"https:\/\/centromedicobournigal.com\/\">Centro M\u00e9dico Bournigal<\/a><\/p>\n","protected":false},"excerpt":{"rendered":"SANTO DOMINGO 1. Gilberto G\u00e1lvez Jorge. Medicina General Cel. (809) 224-3013\u00a0 \/ Email: galvez_gilberto@hotmail.com Torre de Especialidades M\u00e9dica (Suite 5HE) &#8211; Ave. Bol\u00edvar #755 Tel. (809) 686-9950 Villa del Mar \u2013 Juan Dolio, R.D. &nbsp; 2. Alfonso Brossa. Medicina General. Cel. (809) 712-1909\u00a0 \/ Email: yamm17@hotmail.com Cl\u00ednica Abreu (primer piso), Ave. Independencia #42 Tel. (809) [&hellip;]","protected":false},"author":4,"featured_media":0,"parent":76,"menu_order":0,"comment_status":"closed","ping_status":"closed","template":"","meta":{"footnotes":""},"class_list":["post-4584","page","type-page","status-publish","hentry"],"_links":{"self":[{"href":"https:\/\/ambsantodomingo.esteri.it\/it\/wp-json\/wp\/v2\/pages\/4584","targetHints":{"allow":["GET"]}}],"collection":[{"href":"https:\/\/ambsantodomingo.esteri.it\/it\/wp-json\/wp\/v2\/pages"}],"about":[{"href":"https:\/\/ambsantodomingo.esteri.it\/it\/wp-json\/wp\/v2\/types\/page"}],"author":[{"embeddable":true,"href":"https:\/\/ambsantodomingo.esteri.it\/it\/wp-json\/wp\/v2\/users\/4"}],"replies":[{"embeddable":true,"href":"https:\/\/ambsantodomingo.esteri.it\/it\/wp-json\/wp\/v2\/comments?post=4584"}],"version-history":[{"count":1,"href":"https:\/\/ambsantodomingo.esteri.it\/it\/wp-json\/wp\/v2\/pages\/4584\/revisions"}],"predecessor-version":[{"id":4585,"href":"https:\/\/ambsantodomingo.esteri.it\/it\/wp-json\/wp\/v2\/pages\/4584\/revisions\/4585"}],"up":[{"embeddable":true,"href":"https:\/\/ambsantodomingo.esteri.it\/it\/wp-json\/wp\/v2\/pages\/76"}],"wp:attachment":[{"href":"https:\/\/ambsantodomingo.esteri.it\/it\/wp-json\/wp\/v2\/media?parent=4584"}],"curies":[{"name":"wp","href":"https:\/\/api.w.org\/{rel}","templated":true}]}}