{"id":484,"date":"2023-11-21T15:50:04","date_gmt":"2023-11-21T19:50:04","guid":{"rendered":"https:\/\/ambsantodomingo.esteri.it\/?page_id=484"},"modified":"2026-01-08T08:29:29","modified_gmt":"2026-01-08T12:29:29","slug":"calendario-delle-festivita-nazionali","status":"publish","type":"page","link":"https:\/\/ambsantodomingo.esteri.it\/it\/servizi-consolari-e-visti\/servizi-per-il-cittadino-italiano\/albo-consolare-e-altri-servizi\/calendario-delle-festivita-nazionali\/","title":{"rendered":"Calendario delle festivit\u00e0 nazionali"},"content":{"rendered":"<p><strong>Festivit\u00e0 osservate dall\u2019Ambasciata e la Cancelleria Consolare per l&#8217;anno 2026 (NON da Almaviva)<\/strong><\/p>\n<table width=\"86%\">\n<tbody>\n<tr>\n<td width=\"32%\"><strong>DATA<\/strong><\/td>\n<td width=\"67%\"><strong>DESCRIZIONE<\/strong><\/td>\n<\/tr>\n<tr>\n<td width=\"32%\"><strong>Gioved\u00ec <\/strong>1 gennaio<\/td>\n<td width=\"67%\"><strong>CAPODANNO <\/strong><\/td>\n<\/tr>\n<tr>\n<td width=\"32%\"><strong>Marted\u00ec <\/strong>6 gennaio<\/td>\n<td width=\"67%\"><strong>EPIFANIA <\/strong><\/td>\n<\/tr>\n<tr>\n<td width=\"32%\"><strong>Venerd\u00ec <\/strong>27 febbraio<\/td>\n<td width=\"67%\"><strong>FESTA DELL&#8217;INDIPENDENZA DOMINICANA<\/strong><\/td>\n<\/tr>\n<tr>\n<td width=\"32%\"><strong>Venerd\u00ec <\/strong>3 aprile<\/td>\n<td width=\"67%\"><strong>VENERDI SANTO <\/strong><\/td>\n<\/tr>\n<tr>\n<td width=\"32%\"><strong>Luned\u00ec <\/strong>6 aprile<\/td>\n<td width=\"67%\"><strong>LUNEDI DELL&#8217;ANGELO <\/strong><\/td>\n<\/tr>\n<tr>\n<td width=\"32%\"><strong>Sabato <\/strong>25 aprile<\/td>\n<td width=\"67%\"><strong>FESTA DELLA LIBERAZIONE DAL NAZI-FASCISMO<\/strong><\/td>\n<\/tr>\n<tr>\n<td width=\"32%\"><strong>Venerd\u00ec <\/strong>1 maggio<\/td>\n<td width=\"67%\"><strong>FESTA DEL LAVORO <\/strong><\/td>\n<\/tr>\n<tr>\n<td width=\"32%\"><strong>Marted\u00ec <\/strong>2 giugno<\/td>\n<td width=\"67%\"><strong>FESTA DELLA REPUBBLICA ITALIANA <\/strong><\/td>\n<\/tr>\n<tr>\n<td width=\"32%\"><strong>Marted\u00ec <\/strong>8 dicembre<\/td>\n<td width=\"67%\"><strong>FESTA DELL&#8217;IMMACOLATA CONCEZIONE <\/strong><\/td>\n<\/tr>\n<tr>\n<td width=\"32%\"><strong>Venerd\u00ec <\/strong>25 dicembre<\/td>\n<td width=\"67%\"><strong>NATALE <\/strong><\/td>\n<\/tr>\n<tr>\n<td width=\"32%\"><strong>Sabato <\/strong>26 dicembre<\/td>\n<td width=\"67%\"><strong>SANTO STEFANO <\/strong><\/td>\n<\/tr>\n<\/tbody>\n<\/table>\n","protected":false},"excerpt":{"rendered":"Festivit\u00e0 osservate dall\u2019Ambasciata e la Cancelleria Consolare per l&#8217;anno 2026 (NON da Almaviva) DATA DESCRIZIONE Gioved\u00ec 1 gennaio CAPODANNO Marted\u00ec 6 gennaio EPIFANIA Venerd\u00ec 27 febbraio FESTA DELL&#8217;INDIPENDENZA DOMINICANA Venerd\u00ec 3 aprile VENERDI SANTO Luned\u00ec 6 aprile LUNEDI DELL&#8217;ANGELO Sabato 25 aprile FESTA DELLA LIBERAZIONE DAL NAZI-FASCISMO Venerd\u00ec 1 maggio FESTA DEL LAVORO Marted\u00ec 2 [&hellip;]","protected":false},"author":4,"featured_media":0,"parent":76,"menu_order":0,"comment_status":"closed","ping_status":"closed","template":"","meta":{"footnotes":""},"class_list":["post-484","page","type-page","status-publish","hentry"],"_links":{"self":[{"href":"https:\/\/ambsantodomingo.esteri.it\/it\/wp-json\/wp\/v2\/pages\/484","targetHints":{"allow":["GET"]}}],"collection":[{"href":"https:\/\/ambsantodomingo.esteri.it\/it\/wp-json\/wp\/v2\/pages"}],"about":[{"href":"https:\/\/ambsantodomingo.esteri.it\/it\/wp-json\/wp\/v2\/types\/page"}],"author":[{"embeddable":true,"href":"https:\/\/ambsantodomingo.esteri.it\/it\/wp-json\/wp\/v2\/users\/4"}],"replies":[{"embeddable":true,"href":"https:\/\/ambsantodomingo.esteri.it\/it\/wp-json\/wp\/v2\/comments?post=484"}],"version-history":[{"count":6,"href":"https:\/\/ambsantodomingo.esteri.it\/it\/wp-json\/wp\/v2\/pages\/484\/revisions"}],"predecessor-version":[{"id":5569,"href":"https:\/\/ambsantodomingo.esteri.it\/it\/wp-json\/wp\/v2\/pages\/484\/revisions\/5569"}],"up":[{"embeddable":true,"href":"https:\/\/ambsantodomingo.esteri.it\/it\/wp-json\/wp\/v2\/pages\/76"}],"wp:attachment":[{"href":"https:\/\/ambsantodomingo.esteri.it\/it\/wp-json\/wp\/v2\/media?parent=484"}],"curies":[{"name":"wp","href":"https:\/\/api.w.org\/{rel}","templated":true}]}}