{"id":49,"date":"2023-04-11T18:13:11","date_gmt":"2023-04-11T16:13:11","guid":{"rendered":"https:\/\/ambasciatapraga.esteri.it\/?page_id=49"},"modified":"2024-08-01T08:30:55","modified_gmt":"2024-08-01T12:30:55","slug":"passaporti-e-carte-didentita","status":"publish","type":"page","link":"https:\/\/ambsantodomingo.esteri.it\/it\/servizi-consolari-e-visti\/servizi-per-il-cittadino-italiano\/passaporti-e-carte-didentita\/","title":{"rendered":"Passaporti"},"content":{"rendered":"<p style=\"text-align: right;\">(Agg. 01\/08\/2024)<\/p>\n<p>&nbsp;<\/p>\n<p><strong>SI RACCOMANDA DI PRENOTARE L\u2019APPUNTAMENTO CON LARGO ANTICIPO (6 MESI PRIMA)\u00a0RISPETTO ALLA DATA DI SCADENZA DEL PASSAPORTO.<\/strong><\/p>\n<p><strong>In caso di difficolt\u00e0 a trovare appuntamento su <\/strong><b><i><a href=\"https:\/\/prenotami.esteri.it\/\" target=\"_blank\" rel=\"noopener\">Prenot@Mi<\/a><\/i>, si ricorda che<strong> la disponibilit\u00e0 di appuntamenti viene aggiornata ogni giorno lavorativo alle 18.30 ora dominicana (19.30 quando in Italia \u00e8 in vigore l\u2019ora solare).\u00a0<\/strong><\/b><\/p>\n<p>&nbsp;<\/p>\n<p><strong>*INFORMAZIONI GENERALI E AVVERTENZE<\/strong><\/p>\n<p>Il passaporto \u00e8 un documento di viaggio e di identit\u00e0 che viene rilasciato ai cittadini italiani (la cui cittadinanza sia stata pertanto gi\u00e0 riconosciuta e l\u2019atto di nascita inviato in Italia per la trascrizione) regolarmente residenti nella circoscrizione consolare, iscritti nell&#8217;Anagrafe Consolare e con una situazione di stato civile aggiornata (ovvero che eventuali atti di matrimonio, nascita figli, ecc. siano gi\u00e0 stati presentati all&#8217;Ufficio Consolare o gi\u00e0 registrati in Italia \u2013 vedere\u00a0<a href=\"https:\/\/ambsantodomingo.esteri.it\/it\/servizi-consolari-e-visti\/servizi-per-il-cittadino-italiano\/stato-civile\/\" target=\"_blank\" rel=\"noopener\">stato civile<\/a>).<\/p>\n<p><strong>*COME RICHIEDERE IL PASSAPORTO<br \/>\n<\/strong><\/p>\n<ol>\n<li>Registrati, se non l\u2019hai gi\u00e1 fatto, sul sistema\u00a0<strong><a href=\"https:\/\/prenotami.esteri.it\/\" target=\"_blank\" rel=\"noopener\">Prenot@Mi<\/a><\/strong>. Ricorda: in caso di richieste di passaporto per i minori, la prenotazione deve essere a nome del genitore e non del minore.<\/li>\n<li>Entra nel\u00a0<a href=\"https:\/\/prenotami.esteri.it\/\" target=\"_blank\" rel=\"noopener\"><strong>Prenot@Mi<\/strong><\/a>\u00a0e seleziona &#8220;Prenota&#8221;.<\/li>\n<li>Tra i servizi erogati dalla Sede, scegliere il servizio &#8220;Passaporto&#8221; cliccando su PRENOTA.<\/li>\n<li>Verr\u00e0 richiesta la presentazione del documento scaduto o in via di scadenza, nonch\u00e9 una\u00a0<strong>prova di iscrizione all&#8217;AIRE<\/strong>.<\/li>\n<li>Se hai coniuge italiano e\/o figli minori di 18 anni e vuoi richiedere il passaporto anche per loro, puoi indicare nella prenotazione i nomi e le date di nascita di tutti i richiedenti.<\/li>\n<li>Dopo aver cliccato su AVANTI, seleziona la data disponibile, la fascia oraria\u00a0e conferma la prenotazione cliccando PRENOTA. Ricorda: il calendario far\u00e1 vedere la prima data disponibile in colore verde. Se la data \u00e9 in rosso, significa che i turni sono tutti occupati. Date non in colore (grigio\/nero), successive ai giorni occupati indicano giorni non ancora resi disponibili per la prenotazione dal sistema (non si tratta di un malfunzionamento).<\/li>\n<li>Il sistema invier\u00e0 una email di conferma sulla casella email registrata (controllare anche nello SPAM).<\/li>\n<li>Circa due settimane prima dell&#8217;appuntamento, il sistema mander\u00e0 una mail per la\u00a0<strong>CONFERMA DELL&#8217;APPUNTAMENTO<\/strong>. L&#8217;utente ha\u00a0<strong>5 giorni di tempo per confermare l&#8217;appuntamento<\/strong>. Se entro questo termine l&#8217;appuntamento non viene confermato, il sistema procede AUTOMATICAMENTE alla cancellazione dello stesso, che verr\u00e0 messo a disposizione di altri utenti.\u00a0<strong>NB: non sar\u00e0 consentito l&#8217;accesso in Ambasciata a connazionali che non hanno proceduto alla conferma dell&#8217;appuntamento, senza eccezioni.<\/strong><\/li>\n<li>Una volta presentati i documenti e istruita la pratica verrete contattati dall&#8217;Ufficio Passaporti per il ritiro, che avverr\u00e0 esclusivamente per appuntamento (RITIRO PASSAPORTO), da prendersi sempre sul Portale Prenot@mi.<\/li>\n<\/ol>\n<p><strong><br \/>\n*DOCUMENTI NECESSARI PER PRESENTARE LA DOMANDA DI PASSAPORTO<\/strong><\/p>\n<ol>\n<li>Esibizione di un documento di riconoscimento e fotocopia (<strong>genitori e minori<\/strong>). Se ha gi\u00e0 un passaporto italiano, deve presentare il vecchio passaporto +\u00a0fotocopia delle prime pagine 6, o denuncia smarrimento \/ furto passaporto \u2013\u00a0<strong>originale + fotocopia<\/strong>.<\/li>\n<li>Due fotografie a colori 3.5. x 4 cm, di buona qualit\u00e0 e nitidezza, senza ombre o macchie, fondo bianco (frontale, spalle in su, il viso deve essere completamente scoperto e non deve occupare pi\u00f9 del 60% dell&#8217;area totale della fotografia, espressione neutra, bocca chiusa). Si consiglia di consultare il\u00a0<a href=\"https:\/\/ambsantodomingo.esteri.it\/wp-content\/uploads\/2023\/11\/passaporti_-_photograph_guidelines.pdf\" target=\"_blank\" rel=\"noopener\">seguente documento<\/a>.<\/li>\n<li>Pagamento allo sportello della somma riportata\u00a0<a href=\"https:\/\/ambsantodomingo.esteri.it\/it\/servizi-consolari-e-visti\/servizi-per-il-cittadino-italiano\/albo-consolare-e-altri-servizi\/importi-diritti-consolari\/\" target=\"_blank\" rel=\"noopener\"><strong>nella seguente pagina<\/strong>\u00a0(LINK)<\/a>\u00a0da effettuare\u00a0<strong>in contanti al momento del ritiro del passaporto<\/strong>\u00a0in Ambasciata a seguito di un appuntamento da richiedere attraverso il sistema di prenotazione\u00a0<a href=\"https:\/\/prenotami.esteri.it\/\">Prenot@Mi<\/a>. Questo valore include il costo del libretto ed il contributo amministrativo.<\/li>\n<li>Quando IL RICHIEDENTE DEL PASSAPORTO ha figli minori di anni 18, DEVE presentare l&#8217;<a href=\"https:\/\/ambsantodomingo.esteri.it\/it\/servizi-consolari-e-visti\/servizi-per-il-cittadino-italiano\/passaporti-e-carte-didentita\/novita-sul-rilascio-del-passaporto-del-genitore-di-prole-minore\/\" target=\"_blank\" rel=\"noopener\"><strong>autocertificazione che attesti\u00a0di non essere sottoposto a inibitoria al rilascio del passaporto<\/strong><\/a>.<\/li>\n<li>Nel caso in cui si richieda il passaporto per un minorenne \u00e8 necessario l\u2019atto di assenso di entrambi genitori.<\/li>\n<\/ol>\n<p><strong>N.B.: LA SOMMA DA PAGARE CAMBIA TRIMESTRALMENTE. L&#8217;IMPORTO VIENE AGGIORNATO SUL\u00a0<a href=\"https:\/\/ambsantodomingo.esteri.it\/it\/servizi-consolari-e-visti\/servizi-per-il-cittadino-italiano\/albo-consolare-e-altri-servizi\/importi-diritti-consolari\/\" target=\"_blank\" rel=\"noopener\">SITO WEB<\/a>.<\/strong><br \/>\n<strong>IL PAGAMENTO DOVRA&#8217; ESSERE EFFETTUATO IN CONTANTI DIRETTAMENTE ALLO SPORTELLO IL GIORNO DELL&#8217;APPUNTAMENTO PER IL RITIRO DEL PASSAPORTO.<\/strong><\/p>\n<p>&nbsp;<\/p>\n<p><strong>*ATTO DI ASSENSO<\/strong><\/p>\n<p>L&#8217;atto di assenso \u00e8 una dichiarazione personale che l\u2019esercente la responsabilit\u00e0 genitoriale o tutoria e, ove presente, anche l\u2019affidatario, pu\u00f2 sottoscrivere presso l\u2019Ufficio emittente, oppure inviare per posta, per via telematica (solo via PEC) unitamente ad una copia fotostatica del proprio documento di identit\u00e0 (ai sensi del combinato disposto degli artt. 38, comma 3 del D.P.R. n. 445\/2000 e 65, comma 1, lett. c) del D. Lgs. 7 marzo 2005, n. 82).<\/p>\n<p>Se l&#8217;altro genitore \u00e8 un cittadino dell&#8217;Unione Europea ed \u00e8 impossibilitato a presentarsi per firmare la dichiarazione di assenso, il richiedente del passaporto potra&#8217; allegare <strong>una fotocopia del documento del genitore assente<\/strong>\u00a0insieme all&#8217;<strong>atto di assenso firmato in originale<\/strong>.<\/p>\n<p>La firma del dichiarante non cittadino dell\u2019Unione Europea, \u00e8 autenticata nei modi previsti dalla vigente normativa:<\/p>\n<ul>\n<li>da parte del funzionario dell\u2019Ufficio Consolare che riceve la dichiarazione, previa identificazione del dichiarante (il costo autentica di firma cambia trimestralmente; l&#8217;importo viene aggiornato sulla pagina Web);<\/li>\n<li>personalmente presso un qualsiasi Ufficio della Pubblica Amministrazione Italiana (abilitato ad autenticare firme).<\/li>\n<\/ul>\n<p>\u00c8 sempre necessario acquisire l\u2019assenso degli esercenti la responsabilit\u00e0 genitoriale o tutoria, nonch\u00e9 dell\u2019eventuale affidatario in occasione di rilascio del passaporto a minore;<br \/>\nPer il rilascio di passaporto ad un genitore di figlio minorenne vedasi il precedente punto 4.<\/p>\n<p>Per richiedere l\u2019atto di assenso (per i figli minori) da presentare in Italia oppure in altre rappresentanze diplomatiche-consolari all\u2019estero \u00e8 necessario prenotare un appuntamento sul portale <a href=\"https:\/\/prenotami.esteri.it\/\">Home Page &#8211; Prenot@Mi (esteri.it)<\/a>, presentare il modulo compilato (che dovr\u00e0 essere firmato di fronte al funzionario) unitamente ad un valido documento di identit\u00e0; si ricorda che la percezione consolare per l\u2019atto di assenso \u00e8 consultabile alla\u00a0<a href=\"https:\/\/ambsantodomingo.esteri.it\/it\/servizi-consolari-e-visti\/servizi-per-il-cittadino-italiano\/albo-consolare-e-altri-servizi\/importi-diritti-consolari\/\"><strong>seguente pagina<\/strong><\/a>.\u00a0L\u2019importo \u00e8 da pagarsi in contanti direttamente allo sportello. <strong>La sottoscrizione dell\u2019atto d\u2019assenso deve avvenire in una data prossima o contestuale alla richiesta del passaporto. Non verranno accettati atti d\u2019assenso recanti date anteriori ai sei mesi dalla data della richiesta.<\/strong><\/p>\n<p>In mancanza dell\u2019assenso dell\u2019altro genitore per il rilascio del passaporto del proprio figlio minore, il Console \u2013 nella sua veste di Giudice Tutelare dei minori residenti nella circoscrizione consolare di sua competenza \u2013 pu\u00f2 autorizzare il rilascio del passaporto al richiedente con apposito decreto consolare, dopo aver effettuato gli accertamenti di rito.<\/p>\n<p>Presentare copia del documento di identit\u00e0, una fotocopia dello stesso, specificando la Questura competente per la trasmissione del documento.<\/p>\n<p>&nbsp;<\/p>\n<p><strong>*INFORMAZIONI SUI PASSAPORTO PER MINORI<br \/>\nTutti i minori devono essere in possesso di passaporto individuale con validit\u00e0 temporale differenziata in base all&#8217;et\u00e0: tre anni di validit\u00e0 per i minori da 0 a 3 anni; cinque anni di validit\u00e0 per i minori da 3 a 18 anni.<br \/>\n<\/strong><\/p>\n<p>Solo dal compimento dei 12 anni di et\u00e0 \u00e8 necessario acquisire le impronte e la firma digitalizzata.<\/p>\n<p>Si segnala che l&#8217;iscrizione del minore sul passaporto del genitore non \u00e8 valida e che\u00a0<strong>il minore pu\u00f2 viaggiare all&#8217;estero solo con un documento di viaggio individuale<\/strong>. I passaporti dei genitori con iscrizioni di figli minori rimangono comunque validi per il solo titolare fino alla naturale scadenza. Anche i passaporti individuali rilasciati ai minori, anteriormente alla data di entrata in vigore della nuova normativa (25 novembre 2009), con durata decennale, restano validi fino alla loro naturale data di scadenza.<\/p>\n<p>Per il rilascio di Passaporti a minori di anni 18, E\u2019 SEMPRE necessaria la presenza personale del minorenne per il quale si richiede il Passaporto.<br \/>\n<strong>All&#8217;atto della presentazione della documentazione allo sportello dell&#8217;Ambasciata, ogni minore deve essere in possesso di un documento identificativo, italiano o straniero<\/strong>.<\/p>\n<p>&nbsp;<\/p>\n<p><strong>*RILASCIO DEL PASSAPORTO A MINORI ITALIANI AFFIDATI TEMPORANEAMENTE A FAMILIARI O CONOSCENTI IN REPUBBLICA DOMINICANA<\/strong><\/p>\n<p>Come stabilito dalla Legge n. 184\/1983 sul &#8220;Diritto del minore ad una famiglia&#8221;, al fine di richiedere il rilascio del passaporto italiano in favore di minori cittadini italiani affidati temporaneamente a familiari o conoscenti in Repubblica Dominicana \u00e8 necessario presentare, oltre alla documentazione normalmente prevista (come riportato su) anche la seguente documentazione:<br \/>\n1) se l\u2019affido \u00e8 inferiore ai 24 mesi: dichiarazione di affido temporaneo del minore ad un familiare o conoscente compilata e firmata da entrambi i genitori allegando copia dei documenti identificativi dove si evince la firma dei genitori (se uno dei genitori \u00e8 extracomunitario la firma deve essere autenticata);<br \/>\n2) se l\u2019affido supera i 24 mesi: sentenza del giudice tutelare del luogo di abituale residenza del minore.<\/p>\n<p>La durata dell&#8217;affidamento pu\u00f2 essere controllata da questa Ambasciata tramite verifiche con le autorit\u00e0 dominicane.<\/p>\n<p><strong>*\u00c8 APPENA NATO UN FIGLIO ALL&#8217;ESTERO<\/strong><\/p>\n<p>I figli minori nati all&#8217;estero dei cittadini italiani vanno iscritti all&#8217;AIRE contestualmente alla richiesta di trascrizione dell&#8217;atto di nascita. Il nostro ufficio provveder\u00e0 a preparare e trasmettere la richiesta di iscrizione all&#8217;AIRE insieme all&#8217;atto di nascita stesso. Visitare la\u00a0<a href=\"https:\/\/ambsantodomingo.esteri.it\/it\/servizi-consolari-e-visti\/servizi-per-il-cittadino-italiano\/stato-civile\/\" target=\"_blank\" rel=\"noopener\">pagina web dell&#8217;ufficio Stato Civile<\/a>\u00a0per le istruzioni al riguardo.<\/p>\n<p>Qualora gli atti di nascita venissero trascritti direttamente in Italia al Comune di residenza, i genitori sono comunque tenuti a richiedere\u00a0l\u2019iscrizione AIRE del figlio. E&#8217;\u00a0infatti obbligatorio dichiarare la residenza del nascituro anche al fine del rilascio del passaporto italiano (<a href=\"https:\/\/ambsantodomingo.esteri.it\/it\/servizi-consolari-e-visti\/servizi-per-il-cittadino-italiano\/a-i-r-e-anagrafe-italiani-residenti-allestero\/\" target=\"_blank\" rel=\"noopener\">consulta sezione AIRE<\/a>).<\/p>\n<p>&nbsp;<\/p>\n<p><strong>*COSA FARE IN CASO DI RIFIUTO DELL&#8217;ASSENSO<\/strong><br \/>\nAi sensi della Legge n. 1185\/1967, art. 3 (aggiornata con le modifiche dell&#8217;art. 24 della Legge n. 3\/2003), nel modulo di domanda di passaporto il cittadino italiano deve indicare\u00a0<strong>obbligatoriamente<\/strong>\u00a0l&#8217;esistenza di figli minori, siano essi conviventi o meno con il richiedente stesso. Per questi casi la Legge prevede che il genitore italiano presenti un&#8217;autocertificazione, come\u00a0<a href=\"https:\/\/ambsantodomingo.esteri.it\/it\/servizi-consolari-e-visti\/servizi-per-il-cittadino-italiano\/passaporti-e-carte-didentita\/novita-sul-rilascio-del-passaporto-del-genitore-di-prole-minore\/\" target=\"_blank\" rel=\"noopener\"><strong>specificato in questa pagina<\/strong><\/a>. In caso di figli di genitori diversi dovr\u00e0 essere presentato un atto di assenso per ciascuno dei figli.\u00a0<strong>L&#8217;atto di assenso \u00e8 valido per sei mesi<\/strong>\u00a0dalla firma dello stesso.<\/p>\n<p>In caso di decesso di uno dei genitori basta presentare una copia del certificato di morte.<\/p>\n<p><strong>La legge non consente deroghe all&#8217;atto di assenso<\/strong>, tranne in caso di decreto consolare (<em>vedi sotto<\/em>).<\/p>\n<p><strong>Decreto consolare<br \/>\n<\/strong>Se un genitore si rifiuta di firmare l&#8217;atto di assenso, il richiedente pu\u00f2 avviare la procedura del decreto consolare, con la quale il\u00a0<strong>Console competente territorialmente per la residenza del minore<\/strong>, in veste di Giudice Tutelare, autorizza eccezionalmente il rilascio del passaporto previa valutazione dei motivi del mancato assenso, delle condizioni sociali e psicologiche del minore, dell&#8217;attribuzione della potest\u00e0 genitoriale e dell&#8217;affidamento, degli obblighi imposti ai genitori (es. eventuali obblighi alimentari), ecc.<\/p>\n<p>Per avviare il procedimento l&#8217;interessato dovr\u00e0 inviare, unitamente alla richiesta di passaporto:<\/p>\n<p>&#8211; modulo di richiesta (redatto su\u00a0<a href=\"https:\/\/ambsantodomingo.esteri.it\/wp-content\/uploads\/2023\/11\/istanza_al_giudice_tutelare.doc\" target=\"_blank\" rel=\"noopener\">modello allegato\u00a0<\/a>&#8211; formato Word in lingua italiana);<br \/>\n&#8211; copia della sentenza di divorzio o separazione o copia del provvedimento giudiziario concernente l\u2019affidamento dei minori (sentenze apostillate e tradotte);<br \/>\n&#8211; copia della corrispondenza con avviso di ricevimento inviata al luogo dell\u2019ultima residenza conosciuta dell\u2019altro genitore per ottenere il suo assenso;<br \/>\n&#8211; documentazione attestante il pagamento degli alimenti eventualmente stabiliti con sentenza;<br \/>\n&#8211; ricevuta di pagamento della tariffa consolare il cui importo in pesos dominicani viene aggiornato trimestralmente in base al\u00a0<a href=\"https:\/\/ambsantodomingo.esteri.it\/it\/servizi-consolari-e-visti\/servizi-per-il-cittadino-italiano\/albo-consolare-e-altri-servizi\/importi-diritti-consolari\/\" target=\"_blank\" rel=\"noopener\">Tasso di cambio Trimestrale pubblicato<\/a>.<\/p>\n<p>L&#8217;autorit\u00e0 consolare, in fase istruttoria, potr\u00e0 richiedere documentazione supplementare.<\/p>\n<p>Se si verifica che effettivamente le ragioni del dissenso dell&#8217;altro genitore sono ingiustificate, il Capo della Cancelleria Consolare, in quanto Giudice Tutelare e con apposito decreto, pu\u00f2 autorizzare il rilascio del passaporto.<\/p>\n<p>Questa procedura \u00e8 di natura eccezionale e giudiziaria, quindi pu\u00f2 essere utilizzata solo in caso di assoluta impossibilit\u00e0 ad ottenere l&#8217;atto di assenso previsto dalla legge.<\/p>\n<p>Le ragioni che possono essere addotte per negare l\u2019assenso sono quelle legate al mancato rispetto degli obblighi alimentari e di mantenimento dei minori. In mancanza dell\u2019assenso dell\u2019altro genitore, il responsabile dell\u2019ufficio consolare &#8211; nella sua veste di Giudice Tutelare dei minori residenti nella sua circoscrizione consolare &#8211; dopo aver effettuato una serie di accertamenti, potr\u00e0 valutare se autorizzare, con apposito Decreto Consolare, il rilascio del Passaporto al richiedente. A tal fine, il richiedente o il genitore consenziente dovr\u00e0 presentare una lettera sottoscritta nella quale spieghi i motivi per i quali l&#8217;altro genitore, del quale dovr\u00e0 fornire indirizzo completo ed eventuali numeri telefonici, rifiuta di firmare l&#8217;atto di assenso.<\/p>\n<p><strong>N.B. Prima di intraprendere un viaggio, si suggerisce di contattare sempre le Rappresentanze Diplomatiche dei Paesi di destinazione, al fine di verificarne le formalit\u00e0 richieste per l\u2019ingresso.<\/strong><\/p>\n<p><strong>*DICHIARAZIONE DI ACCOMPAGNAMENTO PER I MINORI DI ANNI 14<\/strong><\/p>\n<p>Fino al compimento dei 14 anni i minori italiani possono viaggiare all\u2019estero a condizione che siano accompagnati da almeno un genitore o da chi ne fa le veci, oppure che venga menzionato sul passaporto, o su una dichiarazione di accompagnamento rilasciata da chi pu\u00f2 dare l\u2019assenso o l\u2019autorizzazione ai sensi dell\u2019articolo 3, lettera a) della legge 21 novembre 1967, n.1185 &#8211; vistata da un\u2019autorit\u00e0 competente al rilascio (Questura in Italia, Ufficio consolare all\u2019estero) &#8211; il nome della persona, dell\u2019ente o della compagnia di trasporto a cui i minori medesimi sono affidati.<br \/>\nI genitori o chi esercita la responsabilit\u00e0 tutoria di minori di et\u00e0 inferiore a 14 anni che viaggino non accompagnati da almeno uno di loro e che intendono concedere l&#8217;autorizzazione ad una persona fisica o ad una societ\u00e0 di trasporto (es: compagnia aerea o di navigazione) devono sottoscrivere la dichiarazione di accompagnamento da presentare all\u2019Ufficio consolare ai fini del rilascio dell\u2019attestazione di accompagnamento o della stampa sul passaporto.<br \/>\nL&#8217;Ufficio Consolare\u00a0(o la Questura se il minore si trova in Italia) provveder\u00e0 poi a rilasciare l&#8217;attestazione di accompagnamento\u00a0che l&#8217;accompagnatore presenter\u00e0 in frontiera insieme al passaporto del minore in corso di validit\u00e0 oppure a stampare sul passaporto del minore la menzione. La scelta tra le due possibilit\u00e0 \u00e8 dei richiedenti al momento dell&#8217;istanza, salvo diversa indicazione per giustificati motivi degli stessi Uffici competenti al rilascio del passaporto.\u00a0In caso di contrasto tra la decisione dalla pubblica autorit\u00e0 e la richiesta del cittadino, prevarr\u00e0 la decisione dell&#8217;autorit\u00e0 stessa.<br \/>\nNel caso in cui il minore di anni 14 sia affidato ad un ente o ad una compagnia di trasporto, al fine di garantire la completezza e la leggibilit\u00e0 dei dati relativi al viaggio, \u00e8 rilasciata unicamente la dichiarazione, redatta sulla base della richiesta presentata dagli esercenti la responsabilit\u00e0 genitoriale o tutoria.<br \/>\nSi ricorda che prima di acquistare il biglietto della compagnia di trasporto \u00e8 necessario verificare che la stessa accetti che il minore di 14 anni viaggi a loro affidato.<br \/>\nSuggeriamo per ogni evenienza di portare in questura insieme alla dichiarazione di accompagno anche le fotocopie del documento dell&#8217;accompagnatore (documento che deve essere firmato per verificare la corrispondenza della firma), dei genitori e del minore.<br \/>\nPer i cittadini minori italiani sia nella dichiarazione di accompagno che nella menzione sul passaporto, vistate dagli organi competenti al rilascio del passaporto, \u00e8 riportato il nome della persona o dell&#8217;Ente cui il minore viene affidato.<\/p>\n<p>La validit\u00e0 della dichiarazione, sia essa cartacea o con la menzione sul passaporto, \u00e8 circoscritta ad un viaggio (da intendersi come andata e\/o ritorno) fuori dal Paese di residenza del minore di 14 anni, con destinazione determinata, tranne casi eccezionali che saranno valutati dall&#8217;ufficio che emette la dichiarazione.<br \/>\nIn particolare:<\/p>\n<ul>\n<li>la dichiarazione di accompagnamento pu\u00f2 riguardare un solo viaggio (da intendersi come andata e\/o ritorno) dal Paese di residenza del minore con destinazione determinata e non pu\u00f2 eccedere, di norma, il termine massimo di sei mesi (salva la possibilit\u00e0 per l&#8217;ufficio competente di accordare un periodo pi\u00f9 ampio in caso di motivata richiesta (es. affidamento del minore a istituto di cura o di formazione);<\/li>\n<li>gli esercenti la responsabilit\u00e0 genitoriale o tutoria possono indicare fino ad un massimo di due accompagnatori, che saranno tuttavia alternativi fra di loro;<\/li>\n<li>nel rendere la dichiarazione di accompagnamento, gli esercenti la responsabilit\u00e0 genitoriale o tutoria possono chiedere che i nominativi degli accompagnatori, la durata del viaggio e la destinazione siano stampati sul passaporto del minore o in alternativa che tali dati siano riportati in una separata attestazione, che verr\u00e0 stampata dall\u2019Ufficio competente;<\/li>\n<li>nel caso in cui il minore sia affidato ad un ente o ad una compagnia di trasporto, per garantire la completezza e la leggibilit\u00e0 dei dati relativi al viaggio, \u00e8 rilasciata unicamente l\u2019attestazione;<\/li>\n<li>la validit\u00e0 della dichiarazione non pu\u00f2 comunque oltrepassare la data di scadenza del passaporto del minore;<\/li>\n<li>nel caso di viaggi che prevedono l&#8217;attraversamento di diversi Stati, spetta agli esercenti la responsabilit\u00e0 genitoriale o tutoria valutare &#8211; sulla base delle modalit\u00e0 del viaggio stesso &#8211; se indicare solo il Paese di destinazione finale o tutti i singoli Paesi visitati.<\/li>\n<\/ul>\n<p>Si suggerisce, prima di acquistare il biglietto della compagnia di trasporto di verificare che la stessa accetti che il minore sia ad essa affidato. La dichiarazione va presentata agli uffici preposti al rilascio del passaporto nella cui circoscrizione risiede il richiedente.<\/p>\n<p><strong>INFORMAZIONI GENERALI PER IL RILASCIO DEL PASSAPORTO SONO REPERIBILI AL SEGUENTE LINK:<\/strong><\/p>\n<p><a href=\"http:\/\/www.esteri.it\/MAE\/IT\/Italiani_nel_Mondo\/ServiziConsolari\/Documenti_di_Viaggio\/Passaporto.htm\" target=\"_blank\" rel=\"noopener\">http:\/\/www.esteri.it\/MAE\/IT\/Italiani_nel_Mondo\/ServiziConsolari\/Documenti_di_Viaggio\/Passaporto.htm<\/a><\/p>\n","protected":false},"excerpt":{"rendered":"(Agg. 01\/08\/2024) &nbsp; SI RACCOMANDA DI PRENOTARE L\u2019APPUNTAMENTO CON LARGO ANTICIPO (6 MESI PRIMA)\u00a0RISPETTO ALLA DATA DI SCADENZA DEL PASSAPORTO. In caso di difficolt\u00e0 a trovare appuntamento su Prenot@Mi, si ricorda che la disponibilit\u00e0 di appuntamenti viene aggiornata ogni giorno lavorativo alle 18.30 ora dominicana (19.30 quando in Italia \u00e8 in vigore l\u2019ora solare).\u00a0 &nbsp; [&hellip;]","protected":false},"author":1,"featured_media":0,"parent":47,"menu_order":0,"comment_status":"closed","ping_status":"closed","template":"","meta":{"footnotes":""},"class_list":["post-49","page","type-page","status-publish","hentry"],"_links":{"self":[{"href":"https:\/\/ambsantodomingo.esteri.it\/it\/wp-json\/wp\/v2\/pages\/49","targetHints":{"allow":["GET"]}}],"collection":[{"href":"https:\/\/ambsantodomingo.esteri.it\/it\/wp-json\/wp\/v2\/pages"}],"about":[{"href":"https:\/\/ambsantodomingo.esteri.it\/it\/wp-json\/wp\/v2\/types\/page"}],"author":[{"embeddable":true,"href":"https:\/\/ambsantodomingo.esteri.it\/it\/wp-json\/wp\/v2\/users\/1"}],"replies":[{"embeddable":true,"href":"https:\/\/ambsantodomingo.esteri.it\/it\/wp-json\/wp\/v2\/comments?post=49"}],"version-history":[{"count":6,"href":"https:\/\/ambsantodomingo.esteri.it\/it\/wp-json\/wp\/v2\/pages\/49\/revisions"}],"predecessor-version":[{"id":3422,"href":"https:\/\/ambsantodomingo.esteri.it\/it\/wp-json\/wp\/v2\/pages\/49\/revisions\/3422"}],"up":[{"embeddable":true,"href":"https:\/\/ambsantodomingo.esteri.it\/it\/wp-json\/wp\/v2\/pages\/47"}],"wp:attachment":[{"href":"https:\/\/ambsantodomingo.esteri.it\/it\/wp-json\/wp\/v2\/media?parent=49"}],"curies":[{"name":"wp","href":"https:\/\/api.w.org\/{rel}","templated":true}]}}