{"id":4959,"date":"2025-08-06T10:58:07","date_gmt":"2025-08-06T14:58:07","guid":{"rendered":"https:\/\/ambsantodomingo.esteri.it\/?page_id=4959"},"modified":"2026-01-15T09:32:33","modified_gmt":"2026-01-15T13:32:33","slug":"dichiarazione-di-volonta","status":"publish","type":"page","link":"https:\/\/ambsantodomingo.esteri.it\/it\/servizi-consolari-e-visti\/servizi-per-il-cittadino-straniero\/cittadinanza\/dichiarazione-di-volonta\/","title":{"rendered":"Dichiarazione di volont\u00e0"},"content":{"rendered":"<p><strong>Modalit\u00e0 di presentazione della Dichiarazione di Volont\u00e0 entro tre anni dalla nascita del minore (o dal giorno successivo in cui \u00e8 stata stabilita la filiazione, anche adottiva, durante la minore et\u00e0)<\/strong><\/p>\n<p><strong>La dichiarazione di volont\u00e0 di acquisto della cittadinanza deve essere formale e avvenire di persona, alla presenza di dipendente delegato all\u2019esercizio delle funzioni di stato civile.<\/strong>\u00a0Se i genitori non rendono la dichiarazione contestualmente, il requisito di legge si considera soddisfatto alla data in cui \u00e8 presentata la dichiarazione del secondo genitore. Se la filiazione (anche adottiva) \u00e8 stabilita nei confronti di una sola persona (o se l\u2019altro genitore \u00e8 deceduto), sar\u00e0 sufficiente la dichiarazione di un solo genitore (la responsabilit\u00e0 di fornire una valida prova documentale di tale circostanza \u00e8\u00a0<u>esclusivamente a carico del richiedente<\/u>).<\/p>\n<p>La dichiarazione di acquisto si effettua in Ambasciata su appuntamento\u00a0ed \u00e8 soggetta alla verifica delle condizioni di legge sopra illustrate e al\u00a0<strong>pagamento di 250 \u20ac<\/strong>\u00a0a favore del Ministero dell\u2019Interno (il contributo \u00e8 dovuto\u00a0<u>per ciascun minore dal compimento dei 3 anni ai 17 anni<\/u>).<\/p>\n<p>Nel caso di\u00a0<strong>stabilimento della residenza legale del minore in Italia<\/strong>, la dichiarazione pu\u00f2 essere presentata anche successivamente al termine di un anno dalla nascita, ma la residenza deve perdurare per almeno due anni continuativi dopo la dichiarazione di volont\u00e0 di acquisto della cittadinanza presentata dai genitori.\u00a0<strong>Tale caso esula tuttavia dalla competenza del Consolato ed \u00e8 rimesso esclusivamente ai Comuni.<\/strong><\/p>\n<p>Per fissare un appuntamento per presentare la Dichiarazione di Volont\u00e0, mandare un\u2019email con oggetto \u201cDichiarazione di Volont\u00e0\u201d all\u2019Ufficio di CITTADINANZA (<a href=\"mailto:santodomingo.cittadinanza@esteri.it\">santodomingo.cittadinanza@esteri.it<\/a>) allegando in formato PDF quanto segue:<\/p>\n<ol>\n<li>Atto di nascita e certificato di cittadinanza italiana di almeno un genitore,\u00a0<u>attestante esplicitamente il possesso della cittadinanza dalla nascita nel caso in cui il riconoscimento della cittadinanza italiana del genitore e\u2019 avvenuto presso un\u2019altra Rappresentanza Consolare<\/u>;<\/li>\n<li>Atto integrale di nascita del minore rilasciato dalle competenti autorit\u00e0 dominicane o straniere, munito di apostille e traduzione legalizzata.<\/li>\n<li>Se del caso allegare anche:\n<ul>\n<li>Riconoscimento di filiazione;<\/li>\n<li>Dichiarazione giudiziale di filiazione;<\/li>\n<li>Provvedimento di adozione;<\/li>\n<li>Documentazione comprovante la qualit\u00e0 di tutore o la condizione di unico genitore del\/della minore;<\/li>\n<\/ul>\n<\/li>\n<li>Recente prova di indirizzo (non pi\u00f9 vecchia di tre mesi): bolletta, o estratto conto bancario o certificato di residenza rilasciato dal Municipio competente o dal Ministero Interno e Polizia;<\/li>\n<li>Passaporti dei genitori (italiani e stranieri) e passaporto\/i del minore;<\/li>\n<li>Ricevuta del pagamento di \u20ac250. Questo contributo\u00a0<strong>non <\/strong>pu\u00f2 essere pagato in Ambasciata, ma solo tramite bonifico bancario. La ricevuta del versamento deve indicare:\n<ul>\n<li><strong>Beneficiario<\/strong>: \u201cMINISTERO DELL\u2019INTERNO D.L.C.I. \u2013 CITTADINANZA\u201d; indirizzo: Via Cavour 6, 00184 ROMA;<\/li>\n<li><strong>Nome della banca ricevente<\/strong>: POSTE ITALIANE S.P.A.<\/li>\n<li><strong>Causale del versamento<\/strong>: Acquisto cittadinanza a seguito di dichiarazione ex art. 9-bis L. 91\/1992 e nome e cognome del minore;<\/li>\n<li><strong>Codice IBAN<\/strong>: IT54D0760103200000000809020;<\/li>\n<li><strong>Codice BIC\/SWIFT<\/strong>: BPPIITRRXXX;<\/li>\n<li><strong>Codice BIC\/SWIFT: PIBPITRA (per operazioni del circuito EUROGIRO)<\/strong><\/li>\n<\/ul>\n<\/li>\n<\/ol>\n<p><strong>NOTA BENE<\/strong>: IL MINISTERO DELL\u2019INTERNO DEVE RICEVERE LA SOMMA COMPLESSIVA DI\u00a0<strong>EURO 250.<\/strong> Si prega di fare attenzione nel calcolo del cambio e con le spese bancarie!<\/p>\n<ol>\n<li>Laddove ci si avvalga della\u00a0<strong>norma transitoria<\/strong><strong>(art. 1, c. 1-ter del D.L. n. 36\/2025)<\/strong>, il figlio dovr\u00e0 essere di\u00a0<strong>minore et\u00e0 alla data del 24 maggio 2025\u00a0<\/strong>e la dichiarazione dovr\u00e0 essere regolarmente sottoscritta da entrambi i genitori\u00a0<u>entro il 31 maggio 2026<\/u>\u00a0(\u00e8 esclusiva responsabilit\u00e0 del richiedente organizzarsi per tempo).\u00a0<strong>Includere<\/strong>, oltre a quanto sopra indicato, anche regolare certificazione originale comprovante che il genitore cittadino per nascita \u00e8 stato riconosciuto come tale sulla base di domanda amministrativa o giudiziale presentata entro le 23:59 (ora di Roma) del 27 marzo 2025, o sulla base di domanda di riconoscimento della cittadinanza italiana presentata sulla base di appuntamento comunicato dall\u2019Ufficio consolare o dal Comune entro la medesima data.\n<ul>\n<li>Se l\u2019interessato, minorenne alla data del 24 maggio 2025, diviene nel frattempo maggiorenne, la dichiarazione dovr\u00e0 essere presentata da lui personalmente\u00a0<u>entro il 31 maggio 2026<\/u>.<\/li>\n<\/ul>\n<\/li>\n<\/ol>\n","protected":false},"excerpt":{"rendered":"Modalit\u00e0 di presentazione della Dichiarazione di Volont\u00e0 entro tre anni dalla nascita del minore (o dal giorno successivo in cui \u00e8 stata stabilita la filiazione, anche adottiva, durante la minore et\u00e0) La dichiarazione di volont\u00e0 di acquisto della cittadinanza deve essere formale e avvenire di persona, alla presenza di dipendente delegato all\u2019esercizio delle funzioni di [&hellip;]","protected":false},"author":8,"featured_media":0,"parent":2956,"menu_order":9,"comment_status":"closed","ping_status":"closed","template":"","meta":{"footnotes":""},"class_list":["post-4959","page","type-page","status-publish","hentry"],"_links":{"self":[{"href":"https:\/\/ambsantodomingo.esteri.it\/it\/wp-json\/wp\/v2\/pages\/4959","targetHints":{"allow":["GET"]}}],"collection":[{"href":"https:\/\/ambsantodomingo.esteri.it\/it\/wp-json\/wp\/v2\/pages"}],"about":[{"href":"https:\/\/ambsantodomingo.esteri.it\/it\/wp-json\/wp\/v2\/types\/page"}],"author":[{"embeddable":true,"href":"https:\/\/ambsantodomingo.esteri.it\/it\/wp-json\/wp\/v2\/users\/8"}],"replies":[{"embeddable":true,"href":"https:\/\/ambsantodomingo.esteri.it\/it\/wp-json\/wp\/v2\/comments?post=4959"}],"version-history":[{"count":2,"href":"https:\/\/ambsantodomingo.esteri.it\/it\/wp-json\/wp\/v2\/pages\/4959\/revisions"}],"predecessor-version":[{"id":5573,"href":"https:\/\/ambsantodomingo.esteri.it\/it\/wp-json\/wp\/v2\/pages\/4959\/revisions\/5573"}],"up":[{"embeddable":true,"href":"https:\/\/ambsantodomingo.esteri.it\/it\/wp-json\/wp\/v2\/pages\/2956"}],"wp:attachment":[{"href":"https:\/\/ambsantodomingo.esteri.it\/it\/wp-json\/wp\/v2\/media?parent=4959"}],"curies":[{"name":"wp","href":"https:\/\/api.w.org\/{rel}","templated":true}]}}