{"id":683,"date":"2023-11-23T10:01:20","date_gmt":"2023-11-23T14:01:20","guid":{"rendered":"https:\/\/ambsantodomingo.esteri.it\/?page_id=683"},"modified":"2024-11-04T11:08:41","modified_gmt":"2024-11-04T15:08:41","slug":"dichiarazione-di-valore","status":"publish","type":"page","link":"https:\/\/ambsantodomingo.esteri.it\/it\/servizi-consolari-e-visti\/servizi-per-il-cittadino-straniero\/dichiarazione-di-valore\/","title":{"rendered":"Dichiarazione di valore"},"content":{"rendered":"<p style=\"text-align: right;\"><em>(agg. 04\/11\/2024)<\/em><\/p>\n<p><strong>Cos\u2019\u00e8?<\/strong><\/p>\n<p>La\u00a0<strong>Dichiarazione di valore<\/strong>\u00a0\u00e8 un documento in italiano, che rappresenta l\u2019autenticit\u00e0 e legittimit\u00e0 dei titoli presentati dall\u2019interessato, e viene rilasciato dalle rappresentanze diplomatiche italiane a coloro che, avendo conseguito un titolo di studio presso Istituti di istruzione stranieri, intendono proseguire gli studi o esercitare professionalmente in Italia. L\u2019unico scopo della Dichiarazione di valore, \u00e8 quella di descrivere il valore acquisito dal titolo di studio nel paese di origine, a fine del riconoscimento dei titoli alle Istituzioni italiane.<\/p>\n<ul>\n<li><em>La Dichiarazione di valore NON provvede al riconoscimento o all\u2019equipollenza dei titoli che sono invece di competenza dell\u2019autorit\u00e0 italiane.<\/em><\/li>\n<\/ul>\n<p><strong>Procedura da seguire e documentazione da presentare all\u2019Ambasciata per l\u2019ottenimento di una Dichiarazione di valore:<\/strong><\/p>\n<ul>\n<li>Formulario di richiesta debitamente compilato e firmato\u00a0<a href=\"https:\/\/ambsantodomingo.esteri.it\/wp-content\/uploads\/2023\/11\/dichiarazione_valore.doc\" target=\"_blank\" rel=\"noopener\">(Formulario)<\/a><\/li>\n<li>Pagamento percezione consolare<\/li>\n<li>Titolo di studio per il quale si richiede la Dichiarazione di Valore:\n<ul>\n<li>Diploma di Maturit\u00e0 o di Media Inferiore:\n<ul>\n<li>diploma originale (o conforme all&#8217;originale) con Certificato dei voti oppure attestato sostitutivo con Certificato dei Voti.<\/li>\n<\/ul>\n<\/li>\n<li>Diploma di Laurea e\/o Certificati di Specializzazione post-universitari:\n<ul>\n<li>Diploma di Laurea in originale (o copia conforme all\u2019originale) con Certificato dei Voti e l\u2019eventuale Supplemento del Diploma.<\/li>\n<li>Certificato di Specializzazione in originale (o copia conforme all\u2019originale) con il voto\/giudizio finale.<\/li>\n<\/ul>\n<\/li>\n<\/ul>\n<\/li>\n<li>Passaporto<\/li>\n<\/ul>\n<p><strong>IMPORTANTE:<\/strong><\/p>\n<ul>\n<li>Ogni documento, sia che si tratti di originali o di copia conforme all\u2019originale, deve essere <strong>legalizzato<\/strong> dal \u201cMinisterio de Educacion\u201d (bachiller) o \u201cMinisterio de Educacion Superior\u201d (licenciatura) e <strong>apostillato<\/strong> dal &#8220;Ministerio de Relaciones Exteriores (MIREX)&#8221;.<\/li>\n<li>Ogni documento dovr\u00e0 essere <strong>tradotto in lingua italiana<\/strong> da un traduttore Ufficiale\u00a0<a href=\"https:\/\/ambsantodomingo.esteri.it\/it\/italia-e-repubblica-dominicana\/diplomazia-culturale\/dichiarazione-di-valore\/elenco-dei-traduttori-di-riferimento\/\" target=\"_blank\" rel=\"noopener\">(Lista traduttori di riferimento)<\/a> e ogni traduzione deve essere <strong>legalizzata<\/strong> in \u201cProcuradoria\u201d e <strong>apostillata<\/strong> dal &#8220;Ministerio de Relaciones Exteriores (MIREX)&#8221;.<\/li>\n<li>La documentazione dovr\u00e0 essere presentata\u00a0<strong>in ORIGINALE, pi\u00f9 una copia per ogni documento.<\/strong><\/li>\n<\/ul>\n<p><strong>Appuntamento Online<\/strong><\/p>\n<p>Gli appuntamenti vengono effettuati Esclusivamente attraverso il\u00a0<a href=\"https:\/\/prenotami.esteri.it\/\" target=\"_blank\" rel=\"noopener\"><strong>sistema Prenot@mi<\/strong><\/a>, alla sezione Servizi Consolari \u2013 Dichiarazione di Valore. Per ulteriori informazioni scrivere a:\u00a0<a href=\"mailto:santodomingo.cultura@esteri.it\" target=\"_blank\" rel=\"noopener\">santodomingo.cultura@esteri.it<\/a><\/p>\n<p>Quesiti relativi ad argomenti gi\u00e0 presenti sulla pagina web saranno cestinati e non risposti.<\/p>\n<p><strong>Delega a favore di una terza persona<\/strong><\/p>\n<p>Se l\u2019intestatario della documentazione \u00e8 impossibilitato a presentarsi personalmente, potr\u00e0 delegare una terza persona al suo posto. A tal fine, il delegato dovr\u00e0 presentarsi allo sportello consolare munito oltre che della documentazione necessaria previste nelle istruzioni sopra riportate di:<\/p>\n<ul>\n<li>Apposita delega predisposta dal delegante intestatario dei documenti, nella quale andranno riportate le generalit\u00e0 della persona autorizzata, dati anagrafici e residenza.<\/li>\n<li>Proprio documento d\u2019identit\u00e0 in corso di validit\u00e0 (preferibilmente passaporto o carta d\u2019identit\u00e0)<\/li>\n<li>Copia del documento d\u2019identit\u00e0 del delegante, intestatario dei documenti, in corso di validit\u00e0 (preferibilmente passaporto o carta d\u2019identit\u00e0).<\/li>\n<\/ul>\n","protected":false},"excerpt":{"rendered":"(agg. 04\/11\/2024) Cos\u2019\u00e8? La\u00a0Dichiarazione di valore\u00a0\u00e8 un documento in italiano, che rappresenta l\u2019autenticit\u00e0 e legittimit\u00e0 dei titoli presentati dall\u2019interessato, e viene rilasciato dalle rappresentanze diplomatiche italiane a coloro che, avendo conseguito un titolo di studio presso Istituti di istruzione stranieri, intendono proseguire gli studi o esercitare professionalmente in Italia. L\u2019unico scopo della Dichiarazione di valore, [&hellip;]","protected":false},"author":4,"featured_media":0,"parent":48,"menu_order":4,"comment_status":"closed","ping_status":"closed","template":"","meta":{"footnotes":""},"class_list":["post-683","page","type-page","status-publish","hentry"],"_links":{"self":[{"href":"https:\/\/ambsantodomingo.esteri.it\/it\/wp-json\/wp\/v2\/pages\/683","targetHints":{"allow":["GET"]}}],"collection":[{"href":"https:\/\/ambsantodomingo.esteri.it\/it\/wp-json\/wp\/v2\/pages"}],"about":[{"href":"https:\/\/ambsantodomingo.esteri.it\/it\/wp-json\/wp\/v2\/types\/page"}],"author":[{"embeddable":true,"href":"https:\/\/ambsantodomingo.esteri.it\/it\/wp-json\/wp\/v2\/users\/4"}],"replies":[{"embeddable":true,"href":"https:\/\/ambsantodomingo.esteri.it\/it\/wp-json\/wp\/v2\/comments?post=683"}],"version-history":[{"count":6,"href":"https:\/\/ambsantodomingo.esteri.it\/it\/wp-json\/wp\/v2\/pages\/683\/revisions"}],"predecessor-version":[{"id":3695,"href":"https:\/\/ambsantodomingo.esteri.it\/it\/wp-json\/wp\/v2\/pages\/683\/revisions\/3695"}],"up":[{"embeddable":true,"href":"https:\/\/ambsantodomingo.esteri.it\/it\/wp-json\/wp\/v2\/pages\/48"}],"wp:attachment":[{"href":"https:\/\/ambsantodomingo.esteri.it\/it\/wp-json\/wp\/v2\/media?parent=683"}],"curies":[{"name":"wp","href":"https:\/\/api.w.org\/{rel}","templated":true}]}}